{"id":1535,"date":"2024-01-02T14:00:34","date_gmt":"2024-01-02T13:00:34","guid":{"rendered":"https:\/\/www.neuillysurmarne.fr\/?page_id=1535"},"modified":"2024-06-26T15:23:23","modified_gmt":"2024-06-26T13:23:23","slug":"gestion-differenciee","status":"publish","type":"page","link":"https:\/\/www.neuillysurmarne.fr\/ar\/gestion-differenciee\/","title":{"rendered":"\u0627\u0644\u0625\u062f\u0627\u0631\u0629 \u0627\u0644\u0645\u062a\u0645\u0627\u064a\u0632\u0629"},"content":{"rendered":"<div data-elementor-type=\"wp-page\" data-elementor-id=\"1535\" class=\"elementor elementor-1535\" data-elementor-post-type=\"page\">\n\t\t\t\t<div class=\"elementor-element elementor-element-7386cee7 e-flex e-con-boxed e-con e-parent\" data-id=\"7386cee7\" data-element_type=\"container\" data-e-type=\"container\">\n\t\t\t\t\t<div class=\"e-con-inner\">\n\t\t\t\t<div class=\"elementor-element elementor-element-2ff0e1ea elementor-widget elementor-widget-text-editor\" data-id=\"2ff0e1ea\" data-element_type=\"widget\" data-e-type=\"widget\" data-widget_type=\"text-editor.default\">\n\t\t\t\t<div class=\"elementor-widget-container\">\n\t\t\t\t\t\t\t\t\t<p><span style=\"font-weight: 400;\">\u0645\u0646\u0630 \u0639\u0627\u0645 2019 <\/span><b>\u0627\u0644\u0645\u0631\u0643\u0632 \u0627\u0644\u062a\u0642\u0646\u064a \u0644\u0644\u0628\u064a\u0626\u0629<\/b><span style=\"font-weight: 400;\"> \u0644\u0644\u0645\u062f\u064a\u0646\u0629 \u062a\u062e\u062a\u0627\u0631 \u0627\u0644\u0625\u062f\u0627\u0631\u0629 \u0627\u0644\u0645\u062a\u0645\u0627\u064a\u0632\u0629 \u0641\u064a \u0627\u0644\u0645\u0633\u0627\u062d\u0627\u062a \u0627\u0644\u062e\u0636\u0631\u0627\u0621 \u0641\u064a <\/span><b>\u0646\u0648\u064a\u064a-\u0633\u0648\u0631-\u0645\u0627\u0631\u0646<\/b><span style=\"font-weight: 400;\">. \u0625\u0630\u0627 \u0628\u062f\u062a \u0644\u0643 \u0628\u0639\u0636 \u0627\u0644\u0645\u0646\u0627\u0637\u0642 \u063a\u064a\u0631 \u0645\u0647\u0630\u0628\u0629 \u0628\u0627\u0644\u0646\u0633\u0628\u0629 \u0644\u0643\u060c \u0641\u0647\u064a \u0641\u064a \u0627\u0644\u062d\u0642\u064a\u0642\u0629 \u0644\u064a\u0633\u062a \u0643\u0630\u0644\u0643: \u0625\u0646\u0647\u0627 \u0641\u064a \u0627\u0644\u0648\u0627\u0642\u0639 \u0637\u0631\u064a\u0642\u0629 \u0644\u0644\u062d\u0641\u0627\u0638 \u0639\u0644\u0649 \u0627\u0644\u062a\u0646\u0648\u0639 \u0627\u0644\u0628\u064a\u0648\u0644\u0648\u062c\u064a.<\/span><\/p><p><span style=\"font-weight: 400;\">\u0644\u064a\u0633 \u0645\u0646 \u063a\u064a\u0631 \u0627\u0644\u0645\u0623\u0644\u0648\u0641\u060c \u0639\u0646\u062f \u062a\u0635\u0641\u062d <\/span><b>\u062d\u062f\u0627\u0626\u0642 \u0627\u0644\u0645\u062f\u064a\u0646\u0629 \u0627\u0644\u0639\u062f\u064a\u062f\u0629 \u0648\u0634\u0648\u0627\u0631\u0639\u0647\u0627 \u0627\u0644\u0645\u0644\u064a\u0626\u0629 \u0628\u0627\u0644\u0632\u0647\u0648\u0631<\/b><span style=\"font-weight: 400;\">\u0647\u0630\u0627 \u0647\u0648 \u0623\u062d\u062f \u0627\u0644\u0623\u0633\u0628\u0627\u0628 \u0627\u0644\u0631\u0626\u064a\u0633\u064a\u0629 \u0627\u0644\u062a\u064a \u062a\u062c\u0639\u0644 \u0627\u0644\u0646\u0627\u0633 \u0623\u0643\u062b\u0631 \u0639\u0631\u0636\u0629 \u0644\u0644\u062a\u0639\u062b\u0631 \u0628\u0627\u0644\u0639\u0634\u0628 \u0627\u0644\u0637\u0648\u064a\u0644 \u0648\u0627\u0644\u0646\u0628\u0627\u062a\u0627\u062a \u0627\u0644\u0628\u0627\u0631\u0632\u0629 \u0645\u0646 \u0627\u0644\u0648\u0633\u0637\u064a\u0627\u062a. \u0647\u0630\u0627 \u062c\u0632\u0621 \u0645\u0646 <\/span><b>\u0646\u0647\u062c \u0628\u064a\u0626\u064a<\/b><span style=\"font-weight: 400;\">\u062a\u0631\u0627\u0642\u0628 \u0644\u062c\u0646\u0629 \u0645\u0643\u0627\u0641\u062d\u0629 \u0627\u0644\u062a\u0644\u0648\u062b \u0627\u0644\u0628\u064a\u0626\u064a \u0628\u0639\u064a\u0646 \u064a\u0642\u0638\u0629 \u0648\u062a\u062a\u062f\u062e\u0644 \u0639\u0646\u062f \u0627\u0644\u0636\u0631\u0648\u0631\u0629\u060c \u062e\u0627\u0635\u0629\u064b \u0644\u062a\u0646\u0638\u064a\u0641 \u062d\u0648\u0627\u0641 \u0627\u0644\u0637\u0631\u0642 \u0648\u0627\u0644\u0623\u0631\u0635\u0641\u0629. \u0648\u0645\u0639 \u0630\u0644\u0643\u060c \u0641\u0625\u0646 \u0644\u062c\u0646\u0629 \u0645\u0643\u0627\u0641\u062d\u0629 \u0627\u0644\u062a\u0644\u0648\u062b \u0627\u0644\u0628\u064a\u0626\u064a \u062a\u0631\u0627\u0642\u0628 \u0648\u062a\u0631\u0627\u0642\u0628 \u0648\u062a\u062a\u062f\u062e\u0644 \u0639\u0646\u062f \u0627\u0644\u0636\u0631\u0648\u0631\u0629\u060c \u0648\u0644\u0627 \u0633\u064a\u0645\u0627 \u0644\u062a\u0646\u0638\u064a\u0641 \u062c\u0648\u0627\u0646\u0628 \u0627\u0644\u0637\u0631\u0642 \u0648\u0627\u0644\u0623\u0631\u0635\u0641\u0629.<\/span><\/p><h2><strong>\u0623\u0631\u0628\u0639\u0629 \u0645\u0633\u062a\u0648\u064a\u0627\u062a \u0644\u0644\u0635\u064a\u0627\u0646\u0629<\/strong><\/h2><ul><li><span style=\"font-weight: 400;\">\u0627\u0644\u0623\u0648\u0644\u060c \u064a\u0642\u0648\u0644 <\/span><b>\"\u0645\u0631\u0645\u0648\u0642<\/b><span style=\"font-weight: 400;\">\u0627\u0644\u0645\u062e\u0627\u0648\u0641 <\/span><b>\u0627\u0644\u0645\u0646\u0627\u0637\u0642 \u0630\u0627\u062a \u0627\u0644\u0627\u0632\u062f\u062d\u0627\u0645 \u0627\u0644\u0634\u062f\u064a\u062f<\/b><span style=\"font-weight: 400;\"> \u062a\u062a\u0645 \u0639\u0645\u0644\u064a\u0627\u062a \u0627\u0644\u0642\u0635 \u0648\u0627\u0644\u062a\u0642\u0644\u064a\u0645 \u0648\u0625\u0632\u0627\u0644\u0629 \u0627\u0644\u0623\u0639\u0634\u0627\u0628 \u0627\u0644\u0636\u0627\u0631\u0629 \u0628\u0639\u0646\u0627\u064a\u0629 \u062e\u0627\u0635\u0629 \u0639\u0644\u0649 \u0645\u062f\u0627\u0631 \u0627\u0644\u0639\u0627\u0645.<\/span><\/li><li><span style=\"font-weight: 400;\">\u064a\u062a\u0644\u0642\u0649 \u0627\u0644\u0645\u0633\u062a\u0648\u0649 \u0627\u0644\u062b\u0627\u0646\u064a \u0635\u064a\u0627\u0646\u0629 \u0623\u0642\u0644 \u0643\u062b\u0627\u0641\u0629 \u0648\u0644\u0643\u0646 \u0628\u0634\u0643\u0644 \u0645\u0646\u062a\u0638\u0645\u060c \u0645\u0631\u062a\u064a\u0646 \u0623\u0648 \u062b\u0644\u0627\u062b \u0645\u0631\u0627\u062a \u0641\u064a \u0627\u0644\u0623\u0633\u0628\u0648\u0639.<\/span><\/li><li><span style=\"font-weight: 400;\">\u064a\u0623\u062a\u064a \u0628\u0639\u062f \u0630\u0644\u0643 <\/span><b>\u0627\u0644\u0645\u0639\u0631\u0648\u0641\u0629 \u0628\u0627\u0633\u0645 \"\u0631\u064a\u0641\u064a<\/b><span style=\"font-weight: 400;\"> \"\u062d\u064a\u062b <\/span><b>\u0627\u0644\u0628\u064a\u0626\u0629 <\/b><span style=\"font-weight: 400;\">\u0645\u0631\u062a\u064a\u0646 \u0625\u0644\u0649 \u0623\u0631\u0628\u0639 \u0645\u0631\u0627\u062a \u0641\u064a \u0627\u0644\u0633\u0646\u0629.<\/span><\/li><li><span style=\"font-weight: 400;\">\u0648\u0623\u062e\u064a\u0631\u0627\u064b.., <\/span><b>\u0645\u0646\u0627\u0637\u0642 \u0637\u0628\u064a\u0639\u064a\u0629 \u0645\u0639\u064a\u0646\u0629<\/b><span style=\"font-weight: 400;\"> \u0644\u0645 \u062a\u064f\u0645\u0633\u0651 \u0641\u0639\u0644\u064a\u0627\u064b. \u0642\u0645 \u0628\u0632\u064a\u0627\u0631\u0629 <\/span><b>ETC <\/b><span style=\"font-weight: 400;\">\u0625\u062c\u0631\u0627\u0621 \u0639\u0645\u0644\u064a\u0629 \u0642\u0635 \u0645\u062a\u0623\u062e\u0631\u0629 \u0641\u0642\u0637 \u0641\u064a \u0623\u0648\u0627\u0626\u0644 \u0627\u0644\u0635\u064a\u0641\u060c \u0645\u0645\u0627 \u064a\u0645\u0646\u062d \u0627\u0644\u0646\u0628\u0627\u062a \u0627\u0644\u0648\u0642\u062a \u0627\u0644\u0643\u0627\u0641\u064a \u0644\u0645\u062a\u0627\u0628\u0639\u0629 \u062f\u0648\u0631\u0629 \u0646\u0645\u0648\u0647 \u0627\u0644\u0637\u0628\u064a\u0639\u064a\u0629.<\/span><\/li><\/ul><p><span style=\"font-weight: 400;\">\u00a0\u00a0 <br \/>\u064a\u0633\u0645\u062d \u0647\u0630\u0627 \u0627\u0644\u0642\u0635 \u0627\u0644\u0645\u0636\u0628\u0648\u0637 \u0628\u0646\u0645\u0648 \u0646\u0628\u0627\u062a\u0627\u062a \u0623\u062e\u0631\u0649\u060c \u0628\u0645\u0627 \u0641\u064a \u0630\u0644\u0643 \u0627\u0644\u0623\u0646\u0648\u0627\u0639 \u0630\u0627\u062a \u0627\u0644\u0633\u0645\u0639\u0629 \u0627\u0644\u0633\u064a\u0626\u0629 \u0645\u062b\u0644 <\/span><b>\u0646\u0628\u0627\u062a \u0627\u0644\u0642\u0631\u0627\u0635 \u0648\u0627\u0644\u062d\u0645\u0635<\/b><span style=\"font-weight: 400;\">. \u0648\u0645\u0639 \u0630\u0644\u0643 \u0641\u0647\u064a \u0645\u0641\u064a\u062f\u0629 \u0644\u0644\u063a\u0627\u064a\u0629: \u0641\u0647\u064a \u062a\u0633\u0627\u0639\u062f \u0639\u0644\u0649 <\/span><b>\u062a\u0648\u0641\u064a\u0631 \u0627\u0644\u063a\u0630\u0627\u0621 \u0623\u0648 \u0627\u0644\u0645\u0623\u0648\u0649 \u0644\u0628\u0639\u0636 \u0627\u0644\u062d\u064a\u0648\u0627\u0646\u0627\u062a \u0648\u0627\u0644\u062d\u0634\u0631\u0627\u062a<\/b><span style=\"font-weight: 400;\">. \u0641\u0646\u0628\u0627\u062a \u0627\u0644\u0642\u0631\u0627\u0635\u060c \u0639\u0644\u0649 \u0633\u0628\u064a\u0644 \u0627\u0644\u0645\u062b\u0627\u0644\u060c \u0647\u0648 \u0646\u0628\u0627\u062a \u0645\u0636\u064a\u0641 \u0644\u0646\u0628\u0627\u062a \u0627\u0644\u0642\u0631\u0627\u0635 \u0627\u0644\u0630\u064a \u064a\u0639\u062f \u0645\u0648\u0637\u0646\u0627\u064b \u0644\u062d\u0648\u0627\u0644\u064a \u062b\u0644\u0627\u062b\u064a\u0646 \u0646\u0648\u0639\u0627\u064b \u0645\u0646 \u0627\u0644\u0641\u0631\u0627\u0634\u0627\u062a. \u0639\u0646\u062f\u0645\u0627 \u064a\u0646\u0638\u0645 \u0645\u0631\u0643\u0632 \u0645\u0643\u0627\u0641\u062d\u0629 \u0627\u0644\u062d\u0634\u0631\u0627\u062a \u0641\u0639\u0627\u0644\u064a\u0627\u062a \u0641\u064a \u0627\u0644\u0645\u062f\u0627\u0631\u0633\u060c \u064a\u0633\u0639\u062f \u0627\u0644\u0623\u0637\u0641\u0627\u0644 \u0628\u0631\u0624\u064a\u0629 \u0627\u0644\u064a\u0631\u0642\u0627\u062a \u0648\u0627\u0644\u062f\u0639\u0633\u0648\u0642\u0629 \u0648\u0627\u0644\u0641\u0631\u0627\u0634\u0627\u062a \u0648\u0645\u062c\u0645\u0648\u0639\u0629 \u0643\u0627\u0645\u0644\u0629 \u0645\u0646 \u0627\u0644\u0643\u0627\u0626\u0646\u0627\u062a \u0627\u0644\u062d\u064a\u0629 \u0627\u0644\u062a\u064a \u063a\u0627\u0628\u062a \u0639\u0646 \u0627\u0644\u0623\u0646\u0638\u0627\u0631 \u0644\u0641\u062a\u0631\u0629 \u0645\u0646 \u0627\u0644\u0648\u0642\u062a \u0628\u0633\u0628\u0628 \u0627\u0644\u062a\u0639\u0634\u064a\u0628 \u0627\u0644\u062c\u0645\u0627\u0639\u064a.<\/span><\/p>\t\t\t\t\t\t\t\t<\/div>\n\t\t\t\t<\/div>\n\t\t\t\t\t<\/div>\n\t\t\t\t<\/div>\n\t\t\t\t<\/div>","protected":false},"excerpt":{"rendered":"<p>Depuis 2019, le Centre Technique Environnement de la Ville opte pour la gestion diff\u00e9renci\u00e9e dans les espaces verts de Neuilly-sur-Marne. Si certaines zones vous paraissent mal entretenues, il n\u2019en est rien : c\u2019est en r\u00e9alit\u00e9 une fa\u00e7on de pr\u00e9server la biodiversit\u00e9. Il n\u2019est pas rare, en parcourant les multiples parcs et rues fleuries de la [&hellip;]<\/p>\n","protected":false},"author":1,"featured_media":9627,"parent":0,"menu_order":0,"comment_status":"closed","ping_status":"closed","template":"","meta":{"_acf_changed":false,"footnotes":""},"class_list":["post-1535","page","type-page","status-publish","has-post-thumbnail","hentry"],"acf":[],"yoast_head":"<!-- This site is optimized with the Yoast SEO plugin v27.4 - https:\/\/yoast.com\/product\/yoast-seo-wordpress\/ -->\n<title>Gestion diff\u00e9renci\u00e9e - Mairie de Neuilly-sur-Marne<\/title>\n<meta name=\"robots\" content=\"index, follow, max-snippet:-1, max-image-preview:large, max-video-preview:-1\" \/>\n<link rel=\"canonical\" href=\"https:\/\/www.neuillysurmarne.fr\/ar\/gestion-differenciee\/\" \/>\n<meta property=\"og:locale\" content=\"ar_AR\" \/>\n<meta property=\"og:type\" content=\"article\" \/>\n<meta property=\"og:title\" content=\"Gestion diff\u00e9renci\u00e9e - Mairie de Neuilly-sur-Marne\" \/>\n<meta property=\"og:description\" content=\"Depuis 2019, le Centre Technique Environnement de la Ville opte pour la gestion diff\u00e9renci\u00e9e dans les espaces verts de Neuilly-sur-Marne. Si certaines zones vous paraissent mal entretenues, il n\u2019en est rien : c\u2019est en r\u00e9alit\u00e9 une fa\u00e7on de pr\u00e9server la biodiversit\u00e9. Il n\u2019est pas rare, en parcourant les multiples parcs et rues fleuries de la [&hellip;]\" \/>\n<meta property=\"og:url\" content=\"https:\/\/www.neuillysurmarne.fr\/ar\/gestion-differenciee\/\" \/>\n<meta property=\"og:site_name\" content=\"Mairie de Neuilly-sur-Marne\" \/>\n<meta property=\"article:publisher\" content=\"https:\/\/www.facebook.com\/ville.neuilly\" \/>\n<meta property=\"article:modified_time\" content=\"2024-06-26T13:23:23+00:00\" \/>\n<meta property=\"og:image\" content=\"https:\/\/www.neuillysurmarne.fr\/wp-content\/uploads\/2024\/06\/AdobeStock_274182321-scaled.jpeg\" \/>\n\t<meta property=\"og:image:width\" content=\"2560\" \/>\n\t<meta property=\"og:image:height\" content=\"1105\" \/>\n\t<meta property=\"og:image:type\" content=\"image\/jpeg\" \/>\n<meta name=\"twitter:card\" content=\"summary_large_image\" \/>\n<meta name=\"twitter:label1\" content=\"\u0648\u0642\u062a \u0627\u0644\u0642\u0631\u0627\u0621\u0629 \u0627\u0644\u0645\u064f\u0642\u062f\u0651\u0631\" \/>\n\t<meta name=\"twitter:data1\" content=\"\u062f\u0642\u064a\u0642\u062a\u0627\u0646\" \/>\n<script type=\"application\/ld+json\" class=\"yoast-schema-graph\">{\"@context\":\"https:\\\/\\\/schema.org\",\"@graph\":[{\"@type\":\"WebPage\",\"@id\":\"https:\\\/\\\/www.neuillysurmarne.fr\\\/gestion-differenciee\\\/\",\"url\":\"https:\\\/\\\/www.neuillysurmarne.fr\\\/gestion-differenciee\\\/\",\"name\":\"Gestion diff\u00e9renci\u00e9e - Mairie de Neuilly-sur-Marne\",\"isPartOf\":{\"@id\":\"https:\\\/\\\/www.neuillysurmarne.fr\\\/es\\\/#website\"},\"primaryImageOfPage\":{\"@id\":\"https:\\\/\\\/www.neuillysurmarne.fr\\\/gestion-differenciee\\\/#primaryimage\"},\"image\":{\"@id\":\"https:\\\/\\\/www.neuillysurmarne.fr\\\/gestion-differenciee\\\/#primaryimage\"},\"thumbnailUrl\":\"https:\\\/\\\/www.neuillysurmarne.fr\\\/wp-content\\\/uploads\\\/2024\\\/06\\\/AdobeStock_274182321-scaled.jpeg\",\"datePublished\":\"2024-01-02T13:00:34+00:00\",\"dateModified\":\"2024-06-26T13:23:23+00:00\",\"breadcrumb\":{\"@id\":\"https:\\\/\\\/www.neuillysurmarne.fr\\\/gestion-differenciee\\\/#breadcrumb\"},\"inLanguage\":\"ar\",\"potentialAction\":[{\"@type\":\"ReadAction\",\"target\":[\"https:\\\/\\\/www.neuillysurmarne.fr\\\/gestion-differenciee\\\/\"]}]},{\"@type\":\"ImageObject\",\"inLanguage\":\"ar\",\"@id\":\"https:\\\/\\\/www.neuillysurmarne.fr\\\/gestion-differenciee\\\/#primaryimage\",\"url\":\"https:\\\/\\\/www.neuillysurmarne.fr\\\/wp-content\\\/uploads\\\/2024\\\/06\\\/AdobeStock_274182321-scaled.jpeg\",\"contentUrl\":\"https:\\\/\\\/www.neuillysurmarne.fr\\\/wp-content\\\/uploads\\\/2024\\\/06\\\/AdobeStock_274182321-scaled.jpeg\",\"width\":2560,\"height\":1105,\"caption\":\"Beautiful field meadow flowers chamomile, blue wild peas in morning against blue sky with clouds, nature landscape, close-up macro. Wide format, copy space. Delightful pastoral airy artistic image.\"},{\"@type\":\"BreadcrumbList\",\"@id\":\"https:\\\/\\\/www.neuillysurmarne.fr\\\/gestion-differenciee\\\/#breadcrumb\",\"itemListElement\":[{\"@type\":\"ListItem\",\"position\":1,\"name\":\"Accueil\",\"item\":\"https:\\\/\\\/www.neuillysurmarne.fr\\\/\"},{\"@type\":\"ListItem\",\"position\":2,\"name\":\"Gestion diff\u00e9renci\u00e9e\"}]},{\"@type\":\"WebSite\",\"@id\":\"https:\\\/\\\/www.neuillysurmarne.fr\\\/es\\\/#website\",\"url\":\"https:\\\/\\\/www.neuillysurmarne.fr\\\/es\\\/\",\"name\":\"Mairie de Neuilly-sur-Marne\",\"description\":\"BETA\",\"publisher\":{\"@id\":\"https:\\\/\\\/www.neuillysurmarne.fr\\\/es\\\/#organization\"},\"potentialAction\":[{\"@type\":\"SearchAction\",\"target\":{\"@type\":\"EntryPoint\",\"urlTemplate\":\"https:\\\/\\\/www.neuillysurmarne.fr\\\/es\\\/?s={search_term_string}\"},\"query-input\":{\"@type\":\"PropertyValueSpecification\",\"valueRequired\":true,\"valueName\":\"search_term_string\"}}],\"inLanguage\":\"ar\"},{\"@type\":\"Organization\",\"@id\":\"https:\\\/\\\/www.neuillysurmarne.fr\\\/es\\\/#organization\",\"name\":\"Mairie de Neuilly-sur-Marne\",\"url\":\"https:\\\/\\\/www.neuillysurmarne.fr\\\/es\\\/\",\"logo\":{\"@type\":\"ImageObject\",\"inLanguage\":\"ar\",\"@id\":\"https:\\\/\\\/www.neuillysurmarne.fr\\\/es\\\/#\\\/schema\\\/logo\\\/image\\\/\",\"url\":\"https:\\\/\\\/www.neuillysurmarne.fr\\\/wp-content\\\/uploads\\\/2023\\\/10\\\/LOGO-NeuillysurMarne-blanc.png\",\"contentUrl\":\"https:\\\/\\\/www.neuillysurmarne.fr\\\/wp-content\\\/uploads\\\/2023\\\/10\\\/LOGO-NeuillysurMarne-blanc.png\",\"width\":3308,\"height\":2586,\"caption\":\"Mairie de Neuilly-sur-Marne\"},\"image\":{\"@id\":\"https:\\\/\\\/www.neuillysurmarne.fr\\\/es\\\/#\\\/schema\\\/logo\\\/image\\\/\"},\"sameAs\":[\"https:\\\/\\\/www.facebook.com\\\/ville.neuilly\",\"https:\\\/\\\/www.instagram.com\\\/neuilly_marne\\\/\",\"https:\\\/\\\/www.linkedin.com\\\/company\\\/ville-de-neuilly-sur-marne\\\/\",\"https:\\\/\\\/www.youtube.com\\\/channel\\\/UCDdZ0TLrV8rfIqjBGvoeB5A\",\"https:\\\/\\\/www.tiktok.com\\\/@villedeneuillysurmarne\"]}]}<\/script>\n<!-- \/ Yoast SEO plugin. -->","yoast_head_json":{"title":"Gestion diff\u00e9renci\u00e9e - Mairie de Neuilly-sur-Marne","robots":{"index":"index","follow":"follow","max-snippet":"max-snippet:-1","max-image-preview":"max-image-preview:large","max-video-preview":"max-video-preview:-1"},"canonical":"https:\/\/www.neuillysurmarne.fr\/ar\/gestion-differenciee\/","og_locale":"ar_AR","og_type":"article","og_title":"Gestion diff\u00e9renci\u00e9e - Mairie de Neuilly-sur-Marne","og_description":"Depuis 2019, le Centre Technique Environnement de la Ville opte pour la gestion diff\u00e9renci\u00e9e dans les espaces verts de Neuilly-sur-Marne. Si certaines zones vous paraissent mal entretenues, il n\u2019en est rien : c\u2019est en r\u00e9alit\u00e9 une fa\u00e7on de pr\u00e9server la biodiversit\u00e9. Il n\u2019est pas rare, en parcourant les multiples parcs et rues fleuries de la [&hellip;]","og_url":"https:\/\/www.neuillysurmarne.fr\/ar\/gestion-differenciee\/","og_site_name":"Mairie de Neuilly-sur-Marne","article_publisher":"https:\/\/www.facebook.com\/ville.neuilly","article_modified_time":"2024-06-26T13:23:23+00:00","og_image":[{"width":2560,"height":1105,"url":"https:\/\/www.neuillysurmarne.fr\/wp-content\/uploads\/2024\/06\/AdobeStock_274182321-scaled.jpeg","type":"image\/jpeg"}],"twitter_card":"summary_large_image","twitter_misc":{"\u0648\u0642\u062a \u0627\u0644\u0642\u0631\u0627\u0621\u0629 \u0627\u0644\u0645\u064f\u0642\u062f\u0651\u0631":"\u062f\u0642\u064a\u0642\u062a\u0627\u0646"},"schema":{"@context":"https:\/\/schema.org","@graph":[{"@type":"WebPage","@id":"https:\/\/www.neuillysurmarne.fr\/gestion-differenciee\/","url":"https:\/\/www.neuillysurmarne.fr\/gestion-differenciee\/","name":"Gestion diff\u00e9renci\u00e9e - Mairie de Neuilly-sur-Marne","isPartOf":{"@id":"https:\/\/www.neuillysurmarne.fr\/es\/#website"},"primaryImageOfPage":{"@id":"https:\/\/www.neuillysurmarne.fr\/gestion-differenciee\/#primaryimage"},"image":{"@id":"https:\/\/www.neuillysurmarne.fr\/gestion-differenciee\/#primaryimage"},"thumbnailUrl":"https:\/\/www.neuillysurmarne.fr\/wp-content\/uploads\/2024\/06\/AdobeStock_274182321-scaled.jpeg","datePublished":"2024-01-02T13:00:34+00:00","dateModified":"2024-06-26T13:23:23+00:00","breadcrumb":{"@id":"https:\/\/www.neuillysurmarne.fr\/gestion-differenciee\/#breadcrumb"},"inLanguage":"ar","potentialAction":[{"@type":"ReadAction","target":["https:\/\/www.neuillysurmarne.fr\/gestion-differenciee\/"]}]},{"@type":"ImageObject","inLanguage":"ar","@id":"https:\/\/www.neuillysurmarne.fr\/gestion-differenciee\/#primaryimage","url":"https:\/\/www.neuillysurmarne.fr\/wp-content\/uploads\/2024\/06\/AdobeStock_274182321-scaled.jpeg","contentUrl":"https:\/\/www.neuillysurmarne.fr\/wp-content\/uploads\/2024\/06\/AdobeStock_274182321-scaled.jpeg","width":2560,"height":1105,"caption":"Beautiful field meadow flowers chamomile, blue wild peas in morning against blue sky with clouds, nature landscape, close-up macro. Wide format, copy space. Delightful pastoral airy artistic image."},{"@type":"BreadcrumbList","@id":"https:\/\/www.neuillysurmarne.fr\/gestion-differenciee\/#breadcrumb","itemListElement":[{"@type":"ListItem","position":1,"name":"Accueil","item":"https:\/\/www.neuillysurmarne.fr\/"},{"@type":"ListItem","position":2,"name":"Gestion diff\u00e9renci\u00e9e"}]},{"@type":"WebSite","@id":"https:\/\/www.neuillysurmarne.fr\/es\/#website","url":"https:\/\/www.neuillysurmarne.fr\/es\/","name":"\u062f\u0627\u0631 \u0628\u0644\u062f\u064a\u0629 \u0646\u0648\u064a\u064a-\u0633\u0648\u0631-\u0645\u0627\u0631\u0646","description":"\u0628\u064a\u062a\u0627","publisher":{"@id":"https:\/\/www.neuillysurmarne.fr\/es\/#organization"},"potentialAction":[{"@type":"SearchAction","target":{"@type":"EntryPoint","urlTemplate":"https:\/\/www.neuillysurmarne.fr\/es\/?s={search_term_string}"},"query-input":{"@type":"PropertyValueSpecification","valueRequired":true,"valueName":"search_term_string"}}],"inLanguage":"ar"},{"@type":"Organization","@id":"https:\/\/www.neuillysurmarne.fr\/es\/#organization","name":"\u062f\u0627\u0631 \u0628\u0644\u062f\u064a\u0629 \u0646\u0648\u064a\u064a-\u0633\u0648\u0631-\u0645\u0627\u0631\u0646","url":"https:\/\/www.neuillysurmarne.fr\/es\/","logo":{"@type":"ImageObject","inLanguage":"ar","@id":"https:\/\/www.neuillysurmarne.fr\/es\/#\/schema\/logo\/image\/","url":"https:\/\/www.neuillysurmarne.fr\/wp-content\/uploads\/2023\/10\/LOGO-NeuillysurMarne-blanc.png","contentUrl":"https:\/\/www.neuillysurmarne.fr\/wp-content\/uploads\/2023\/10\/LOGO-NeuillysurMarne-blanc.png","width":3308,"height":2586,"caption":"Mairie de Neuilly-sur-Marne"},"image":{"@id":"https:\/\/www.neuillysurmarne.fr\/es\/#\/schema\/logo\/image\/"},"sameAs":["https:\/\/www.facebook.com\/ville.neuilly","https:\/\/www.instagram.com\/neuilly_marne\/","https:\/\/www.linkedin.com\/company\/ville-de-neuilly-sur-marne\/","https:\/\/www.youtube.com\/channel\/UCDdZ0TLrV8rfIqjBGvoeB5A","https:\/\/www.tiktok.com\/@villedeneuillysurmarne"]}]}},"_links":{"self":[{"href":"https:\/\/www.neuillysurmarne.fr\/ar\/wp-json\/wp\/v2\/pages\/1535","targetHints":{"allow":["GET"]}}],"collection":[{"href":"https:\/\/www.neuillysurmarne.fr\/ar\/wp-json\/wp\/v2\/pages"}],"about":[{"href":"https:\/\/www.neuillysurmarne.fr\/ar\/wp-json\/wp\/v2\/types\/page"}],"author":[{"embeddable":true,"href":"https:\/\/www.neuillysurmarne.fr\/ar\/wp-json\/wp\/v2\/users\/1"}],"replies":[{"embeddable":true,"href":"https:\/\/www.neuillysurmarne.fr\/ar\/wp-json\/wp\/v2\/comments?post=1535"}],"version-history":[{"count":27,"href":"https:\/\/www.neuillysurmarne.fr\/ar\/wp-json\/wp\/v2\/pages\/1535\/revisions"}],"predecessor-version":[{"id":10664,"href":"https:\/\/www.neuillysurmarne.fr\/ar\/wp-json\/wp\/v2\/pages\/1535\/revisions\/10664"}],"wp:featuredmedia":[{"embeddable":true,"href":"https:\/\/www.neuillysurmarne.fr\/ar\/wp-json\/wp\/v2\/media\/9627"}],"wp:attachment":[{"href":"https:\/\/www.neuillysurmarne.fr\/ar\/wp-json\/wp\/v2\/media?parent=1535"}],"curies":[{"name":"wp","href":"https:\/\/api.w.org\/{rel}","templated":true}]}}