{"id":11378,"date":"2024-07-01T17:39:58","date_gmt":"2024-07-01T15:39:58","guid":{"rendered":"https:\/\/www.neuillysurmarne.fr\/?page_id=11378"},"modified":"2025-03-18T15:14:31","modified_gmt":"2025-03-18T14:14:31","slug":"residence-le-bocage","status":"publish","type":"page","link":"https:\/\/www.neuillysurmarne.fr\/de\/residence-le-bocage\/","title":{"rendered":"Residenz Le Bocage"},"content":{"rendered":"<div data-elementor-type=\"wp-page\" data-elementor-id=\"11378\" class=\"elementor elementor-11378\" data-elementor-post-type=\"page\">\n\t\t\t\t<div class=\"elementor-element elementor-element-b924da3 e-flex e-con-boxed e-con e-parent\" data-id=\"b924da3\" data-element_type=\"container\" data-e-type=\"container\">\n\t\t\t\t\t<div class=\"e-con-inner\">\n\t\t\t\t<div class=\"elementor-element elementor-element-92bb4b8 elementor-widget elementor-widget-text-editor\" data-id=\"92bb4b8\" data-element_type=\"widget\" data-e-type=\"widget\" data-widget_type=\"text-editor.default\">\n\t\t\t\t<div class=\"elementor-widget-container\">\n\t\t\t\t\t\t\t\t\t<p>Die Residenz Le Bocage bietet <strong>72 Studios von 31 m\u00b2 mit Loggia<\/strong>. Jede Wohnung besteht aus einem Eingangsbereich mit Schr\u00e4nken, einem Wohnzimmer, Telefon-\/Internet- und Fernsehanschl\u00fcssen, einer separaten K\u00fcche, die ausgestattet werden muss (alles elektrisch), und einem Badezimmer mit Dusche und WC.<\/p><p>Alle Unterk\u00fcnfte verf\u00fcgen \u00fcber einen <strong>Anrufsystem rund um die Uhr<\/strong>.<\/p><p>Die Residenz bietet auch Gemeinschaftsr\u00e4ume, in denen sich die Bewohner treffen k\u00f6nnen (Wohnzimmer, Bibliothek, Restaurant...). Au\u00dferdem werden zahlreiche Animationen angeboten.<\/p>\t\t\t\t\t\t\t\t<\/div>\n\t\t\t\t<\/div>\n\t\t\t\t\t<\/div>\n\t\t\t\t<\/div>\n\t\t<div class=\"elementor-element elementor-element-724298c e-grid e-con-boxed e-con e-child\" data-id=\"724298c\" data-element_type=\"container\" data-e-type=\"container\">\n\t\t\t\t\t<div class=\"e-con-inner\">\n\t\t\t\t<div class=\"elementor-element elementor-element-5dc2436 elementor-widget elementor-widget-text-editor\" data-id=\"5dc2436\" data-element_type=\"widget\" data-e-type=\"widget\" data-widget_type=\"text-editor.default\">\n\t\t\t\t<div class=\"elementor-widget-container\">\n\t\t\t\t\t\t\t\t\t<h3 class=\"destinataire\"><strong>Residenz Le Bocage<br \/><\/strong><\/h3><div class=\"streetAddress\">\ud83d\udccd 61 avenue Paul Doumer<br \/>93330 Neuilly-sur-Marne<\/div><div>\u00a0<\/div><div class=\"streetAddress\"><span class=\"telephone\">\ud83d\udcde 01 49 44 76 00<\/span><\/div><div>\u00a0<\/div><div class=\"streetAddress\"><a class=\"email\" title=\"ce.0931512n@ac-creteil.fr\" href=\"http:\/\/www.arpavie.fr\">\ud83c\udf10<strong>\u00a0www.arpavie.fr<\/strong><\/a><\/div>\t\t\t\t\t\t\t\t<\/div>\n\t\t\t\t<\/div>\n\t\t\t\t<div class=\"elementor-element elementor-element-d041a50 elementor-widget elementor-widget-google_maps\" data-id=\"d041a50\" data-element_type=\"widget\" data-e-type=\"widget\" data-widget_type=\"google_maps.default\">\n\t\t\t\t<div class=\"elementor-widget-container\">\n\t\t\t\t\t\t\t<div class=\"elementor-custom-embed\">\n\t\t\t<iframe loading=\"lazy\"\n\t\t\t\t\tsrc=\"https:\/\/maps.google.com\/maps?q=Le%20Bocage%2C%2093330&#038;t=m&#038;z=17&#038;output=embed&#038;iwloc=near\"\n\t\t\t\t\ttitle=\"Le Bocage, 93330\"\n\t\t\t\t\taria-label=\"Le Bocage, 93330\"\n\t\t\t><\/iframe>\n\t\t<\/div>\n\t\t\t\t\t\t<\/div>\n\t\t\t\t<\/div>\n\t\t\t\t<div class=\"elementor-element elementor-element-20cbe2b elementor-widget elementor-widget-image\" data-id=\"20cbe2b\" data-element_type=\"widget\" data-e-type=\"widget\" data-widget_type=\"image.default\">\n\t\t\t\t<div class=\"elementor-widget-container\">\n\t\t\t\t\t\t\t\t\t\t\t\t\t\t\t<img fetchpriority=\"high\" decoding=\"async\" width=\"2560\" height=\"1707\" src=\"https:\/\/www.neuillysurmarne.fr\/wp-content\/uploads\/2024\/07\/AdobeStock_578991447-scaled.jpeg\" class=\"attachment-full size-full wp-image-11425\" alt=\"\" srcset=\"https:\/\/www.neuillysurmarne.fr\/wp-content\/uploads\/2024\/07\/AdobeStock_578991447-scaled.jpeg 2560w, https:\/\/www.neuillysurmarne.fr\/wp-content\/uploads\/2024\/07\/AdobeStock_578991447-300x200.jpeg 300w, https:\/\/www.neuillysurmarne.fr\/wp-content\/uploads\/2024\/07\/AdobeStock_578991447-1024x683.jpeg 1024w, https:\/\/www.neuillysurmarne.fr\/wp-content\/uploads\/2024\/07\/AdobeStock_578991447-768x512.jpeg 768w, https:\/\/www.neuillysurmarne.fr\/wp-content\/uploads\/2024\/07\/AdobeStock_578991447-1536x1024.jpeg 1536w, https:\/\/www.neuillysurmarne.fr\/wp-content\/uploads\/2024\/07\/AdobeStock_578991447-2048x1365.jpeg 2048w, https:\/\/www.neuillysurmarne.fr\/wp-content\/uploads\/2024\/07\/AdobeStock_578991447-18x12.jpeg 18w\" sizes=\"(max-width: 2560px) 100vw, 2560px\" \/>\t\t\t\t\t\t\t\t\t\t\t\t\t\t\t<\/div>\n\t\t\t\t<\/div>\n\t\t\t\t\t<\/div>\n\t\t\t\t<\/div>\n\t\t\t\t<\/div>","protected":false},"excerpt":{"rendered":"<p>La r\u00e9sidence Le Bocage propose 72 studios de 31 m\u00b2 avec loggia. Chaque logement se compose d\u2019une entr\u00e9e avec placards, d\u2019un s\u00e9jour, de prises de t\u00e9l\u00e9phone\/Internet et de t\u00e9l\u00e9vision, d\u2019une cuisine ind\u00e9pendante \u00e0 \u00e9quiper (tout \u00e9lectrique) et d\u2019une salle d\u2019eau avec douche et WC. Tous les logements disposent d&rsquo;un syst\u00e8me d&rsquo;appel 24h\/24 et 7j\/7. La [&hellip;]<\/p>\n","protected":false},"author":1,"featured_media":11433,"parent":0,"menu_order":0,"comment_status":"closed","ping_status":"closed","template":"","meta":{"_acf_changed":false,"footnotes":""},"class_list":["post-11378","page","type-page","status-publish","has-post-thumbnail","hentry"],"acf":[],"yoast_head":"<!-- This site is optimized with the Yoast SEO plugin v27.4 - https:\/\/yoast.com\/product\/yoast-seo-wordpress\/ -->\n<title>R\u00e9sidence Le Bocage - Mairie de Neuilly-sur-Marne<\/title>\n<meta name=\"robots\" content=\"index, follow, max-snippet:-1, max-image-preview:large, max-video-preview:-1\" \/>\n<link rel=\"canonical\" href=\"https:\/\/www.neuillysurmarne.fr\/de\/residence-le-bocage\/\" \/>\n<meta property=\"og:locale\" content=\"de_DE\" \/>\n<meta property=\"og:type\" content=\"article\" \/>\n<meta property=\"og:title\" content=\"R\u00e9sidence Le Bocage - Mairie de Neuilly-sur-Marne\" \/>\n<meta property=\"og:description\" content=\"La r\u00e9sidence Le Bocage propose 72 studios de 31 m\u00b2 avec loggia. Chaque logement se compose d\u2019une entr\u00e9e avec placards, d\u2019un s\u00e9jour, de prises de t\u00e9l\u00e9phone\/Internet et de t\u00e9l\u00e9vision, d\u2019une cuisine ind\u00e9pendante \u00e0 \u00e9quiper (tout \u00e9lectrique) et d\u2019une salle d\u2019eau avec douche et WC. Tous les logements disposent d&rsquo;un syst\u00e8me d&rsquo;appel 24h\/24 et 7j\/7. La [&hellip;]\" \/>\n<meta property=\"og:url\" content=\"https:\/\/www.neuillysurmarne.fr\/de\/residence-le-bocage\/\" \/>\n<meta property=\"og:site_name\" content=\"Mairie de Neuilly-sur-Marne\" \/>\n<meta property=\"article:publisher\" content=\"https:\/\/www.facebook.com\/ville.neuilly\" \/>\n<meta property=\"article:modified_time\" content=\"2025-03-18T14:14:31+00:00\" \/>\n<meta property=\"og:image\" content=\"https:\/\/www.neuillysurmarne.fr\/wp-content\/uploads\/2024\/07\/AdobeStock_138715420-scaled.jpeg\" \/>\n\t<meta property=\"og:image:width\" content=\"2560\" \/>\n\t<meta property=\"og:image:height\" content=\"788\" \/>\n\t<meta property=\"og:image:type\" content=\"image\/jpeg\" \/>\n<meta name=\"twitter:card\" content=\"summary_large_image\" \/>\n<meta name=\"twitter:label1\" content=\"Gesch\u00e4tzte Lesezeit\" \/>\n\t<meta name=\"twitter:data1\" content=\"1\u00a0Minute\" \/>\n<script type=\"application\/ld+json\" class=\"yoast-schema-graph\">{\"@context\":\"https:\\\/\\\/schema.org\",\"@graph\":[{\"@type\":\"WebPage\",\"@id\":\"https:\\\/\\\/www.neuillysurmarne.fr\\\/residence-le-bocage\\\/\",\"url\":\"https:\\\/\\\/www.neuillysurmarne.fr\\\/residence-le-bocage\\\/\",\"name\":\"R\u00e9sidence Le Bocage - Mairie de Neuilly-sur-Marne\",\"isPartOf\":{\"@id\":\"https:\\\/\\\/www.neuillysurmarne.fr\\\/es\\\/#website\"},\"primaryImageOfPage\":{\"@id\":\"https:\\\/\\\/www.neuillysurmarne.fr\\\/residence-le-bocage\\\/#primaryimage\"},\"image\":{\"@id\":\"https:\\\/\\\/www.neuillysurmarne.fr\\\/residence-le-bocage\\\/#primaryimage\"},\"thumbnailUrl\":\"https:\\\/\\\/www.neuillysurmarne.fr\\\/wp-content\\\/uploads\\\/2024\\\/07\\\/AdobeStock_138715420-scaled.jpeg\",\"datePublished\":\"2024-07-01T15:39:58+00:00\",\"dateModified\":\"2025-03-18T14:14:31+00:00\",\"breadcrumb\":{\"@id\":\"https:\\\/\\\/www.neuillysurmarne.fr\\\/residence-le-bocage\\\/#breadcrumb\"},\"inLanguage\":\"de\",\"potentialAction\":[{\"@type\":\"ReadAction\",\"target\":[\"https:\\\/\\\/www.neuillysurmarne.fr\\\/residence-le-bocage\\\/\"]}]},{\"@type\":\"ImageObject\",\"inLanguage\":\"de\",\"@id\":\"https:\\\/\\\/www.neuillysurmarne.fr\\\/residence-le-bocage\\\/#primaryimage\",\"url\":\"https:\\\/\\\/www.neuillysurmarne.fr\\\/wp-content\\\/uploads\\\/2024\\\/07\\\/AdobeStock_138715420-scaled.jpeg\",\"contentUrl\":\"https:\\\/\\\/www.neuillysurmarne.fr\\\/wp-content\\\/uploads\\\/2024\\\/07\\\/AdobeStock_138715420-scaled.jpeg\",\"width\":2560,\"height\":788,\"caption\":\"Close-up of young nurse holding her older patient's hand\"},{\"@type\":\"BreadcrumbList\",\"@id\":\"https:\\\/\\\/www.neuillysurmarne.fr\\\/residence-le-bocage\\\/#breadcrumb\",\"itemListElement\":[{\"@type\":\"ListItem\",\"position\":1,\"name\":\"Accueil\",\"item\":\"https:\\\/\\\/www.neuillysurmarne.fr\\\/\"},{\"@type\":\"ListItem\",\"position\":2,\"name\":\"R\u00e9sidence Le Bocage\"}]},{\"@type\":\"WebSite\",\"@id\":\"https:\\\/\\\/www.neuillysurmarne.fr\\\/es\\\/#website\",\"url\":\"https:\\\/\\\/www.neuillysurmarne.fr\\\/es\\\/\",\"name\":\"Mairie de Neuilly-sur-Marne\",\"description\":\"BETA\",\"publisher\":{\"@id\":\"https:\\\/\\\/www.neuillysurmarne.fr\\\/es\\\/#organization\"},\"potentialAction\":[{\"@type\":\"SearchAction\",\"target\":{\"@type\":\"EntryPoint\",\"urlTemplate\":\"https:\\\/\\\/www.neuillysurmarne.fr\\\/es\\\/?s={search_term_string}\"},\"query-input\":{\"@type\":\"PropertyValueSpecification\",\"valueRequired\":true,\"valueName\":\"search_term_string\"}}],\"inLanguage\":\"de\"},{\"@type\":\"Organization\",\"@id\":\"https:\\\/\\\/www.neuillysurmarne.fr\\\/es\\\/#organization\",\"name\":\"Mairie de Neuilly-sur-Marne\",\"url\":\"https:\\\/\\\/www.neuillysurmarne.fr\\\/es\\\/\",\"logo\":{\"@type\":\"ImageObject\",\"inLanguage\":\"de\",\"@id\":\"https:\\\/\\\/www.neuillysurmarne.fr\\\/es\\\/#\\\/schema\\\/logo\\\/image\\\/\",\"url\":\"https:\\\/\\\/www.neuillysurmarne.fr\\\/wp-content\\\/uploads\\\/2023\\\/10\\\/LOGO-NeuillysurMarne-blanc.png\",\"contentUrl\":\"https:\\\/\\\/www.neuillysurmarne.fr\\\/wp-content\\\/uploads\\\/2023\\\/10\\\/LOGO-NeuillysurMarne-blanc.png\",\"width\":3308,\"height\":2586,\"caption\":\"Mairie de Neuilly-sur-Marne\"},\"image\":{\"@id\":\"https:\\\/\\\/www.neuillysurmarne.fr\\\/es\\\/#\\\/schema\\\/logo\\\/image\\\/\"},\"sameAs\":[\"https:\\\/\\\/www.facebook.com\\\/ville.neuilly\",\"https:\\\/\\\/www.instagram.com\\\/neuilly_marne\\\/\",\"https:\\\/\\\/www.linkedin.com\\\/company\\\/ville-de-neuilly-sur-marne\\\/\",\"https:\\\/\\\/www.youtube.com\\\/channel\\\/UCDdZ0TLrV8rfIqjBGvoeB5A\",\"https:\\\/\\\/www.tiktok.com\\\/@villedeneuillysurmarne\"]}]}<\/script>\n<!-- \/ Yoast SEO plugin. -->","yoast_head_json":{"title":"R\u00e9sidence Le Bocage - Mairie de Neuilly-sur-Marne","robots":{"index":"index","follow":"follow","max-snippet":"max-snippet:-1","max-image-preview":"max-image-preview:large","max-video-preview":"max-video-preview:-1"},"canonical":"https:\/\/www.neuillysurmarne.fr\/de\/residence-le-bocage\/","og_locale":"de_DE","og_type":"article","og_title":"R\u00e9sidence Le Bocage - Mairie de Neuilly-sur-Marne","og_description":"La r\u00e9sidence Le Bocage propose 72 studios de 31 m\u00b2 avec loggia. Chaque logement se compose d\u2019une entr\u00e9e avec placards, d\u2019un s\u00e9jour, de prises de t\u00e9l\u00e9phone\/Internet et de t\u00e9l\u00e9vision, d\u2019une cuisine ind\u00e9pendante \u00e0 \u00e9quiper (tout \u00e9lectrique) et d\u2019une salle d\u2019eau avec douche et WC. Tous les logements disposent d&rsquo;un syst\u00e8me d&rsquo;appel 24h\/24 et 7j\/7. La [&hellip;]","og_url":"https:\/\/www.neuillysurmarne.fr\/de\/residence-le-bocage\/","og_site_name":"Mairie de Neuilly-sur-Marne","article_publisher":"https:\/\/www.facebook.com\/ville.neuilly","article_modified_time":"2025-03-18T14:14:31+00:00","og_image":[{"width":2560,"height":788,"url":"https:\/\/www.neuillysurmarne.fr\/wp-content\/uploads\/2024\/07\/AdobeStock_138715420-scaled.jpeg","type":"image\/jpeg"}],"twitter_card":"summary_large_image","twitter_misc":{"Gesch\u00e4tzte Lesezeit":"1\u00a0Minute"},"schema":{"@context":"https:\/\/schema.org","@graph":[{"@type":"WebPage","@id":"https:\/\/www.neuillysurmarne.fr\/residence-le-bocage\/","url":"https:\/\/www.neuillysurmarne.fr\/residence-le-bocage\/","name":"R\u00e9sidence Le Bocage - Mairie de Neuilly-sur-Marne","isPartOf":{"@id":"https:\/\/www.neuillysurmarne.fr\/es\/#website"},"primaryImageOfPage":{"@id":"https:\/\/www.neuillysurmarne.fr\/residence-le-bocage\/#primaryimage"},"image":{"@id":"https:\/\/www.neuillysurmarne.fr\/residence-le-bocage\/#primaryimage"},"thumbnailUrl":"https:\/\/www.neuillysurmarne.fr\/wp-content\/uploads\/2024\/07\/AdobeStock_138715420-scaled.jpeg","datePublished":"2024-07-01T15:39:58+00:00","dateModified":"2025-03-18T14:14:31+00:00","breadcrumb":{"@id":"https:\/\/www.neuillysurmarne.fr\/residence-le-bocage\/#breadcrumb"},"inLanguage":"de","potentialAction":[{"@type":"ReadAction","target":["https:\/\/www.neuillysurmarne.fr\/residence-le-bocage\/"]}]},{"@type":"ImageObject","inLanguage":"de","@id":"https:\/\/www.neuillysurmarne.fr\/residence-le-bocage\/#primaryimage","url":"https:\/\/www.neuillysurmarne.fr\/wp-content\/uploads\/2024\/07\/AdobeStock_138715420-scaled.jpeg","contentUrl":"https:\/\/www.neuillysurmarne.fr\/wp-content\/uploads\/2024\/07\/AdobeStock_138715420-scaled.jpeg","width":2560,"height":788,"caption":"Close-up of young nurse holding her older patient's hand"},{"@type":"BreadcrumbList","@id":"https:\/\/www.neuillysurmarne.fr\/residence-le-bocage\/#breadcrumb","itemListElement":[{"@type":"ListItem","position":1,"name":"Accueil","item":"https:\/\/www.neuillysurmarne.fr\/"},{"@type":"ListItem","position":2,"name":"R\u00e9sidence Le Bocage"}]},{"@type":"WebSite","@id":"https:\/\/www.neuillysurmarne.fr\/es\/#website","url":"https:\/\/www.neuillysurmarne.fr\/es\/","name":"Rathaus von Neuilly-sur-Marne","description":"BETA","publisher":{"@id":"https:\/\/www.neuillysurmarne.fr\/es\/#organization"},"potentialAction":[{"@type":"SearchAction","target":{"@type":"EntryPoint","urlTemplate":"https:\/\/www.neuillysurmarne.fr\/es\/?s={search_term_string}"},"query-input":{"@type":"PropertyValueSpecification","valueRequired":true,"valueName":"search_term_string"}}],"inLanguage":"de"},{"@type":"Organization","@id":"https:\/\/www.neuillysurmarne.fr\/es\/#organization","name":"Rathaus von Neuilly-sur-Marne","url":"https:\/\/www.neuillysurmarne.fr\/es\/","logo":{"@type":"ImageObject","inLanguage":"de","@id":"https:\/\/www.neuillysurmarne.fr\/es\/#\/schema\/logo\/image\/","url":"https:\/\/www.neuillysurmarne.fr\/wp-content\/uploads\/2023\/10\/LOGO-NeuillysurMarne-blanc.png","contentUrl":"https:\/\/www.neuillysurmarne.fr\/wp-content\/uploads\/2023\/10\/LOGO-NeuillysurMarne-blanc.png","width":3308,"height":2586,"caption":"Mairie de Neuilly-sur-Marne"},"image":{"@id":"https:\/\/www.neuillysurmarne.fr\/es\/#\/schema\/logo\/image\/"},"sameAs":["https:\/\/www.facebook.com\/ville.neuilly","https:\/\/www.instagram.com\/neuilly_marne\/","https:\/\/www.linkedin.com\/company\/ville-de-neuilly-sur-marne\/","https:\/\/www.youtube.com\/channel\/UCDdZ0TLrV8rfIqjBGvoeB5A","https:\/\/www.tiktok.com\/@villedeneuillysurmarne"]}]}},"_links":{"self":[{"href":"https:\/\/www.neuillysurmarne.fr\/de\/wp-json\/wp\/v2\/pages\/11378","targetHints":{"allow":["GET"]}}],"collection":[{"href":"https:\/\/www.neuillysurmarne.fr\/de\/wp-json\/wp\/v2\/pages"}],"about":[{"href":"https:\/\/www.neuillysurmarne.fr\/de\/wp-json\/wp\/v2\/types\/page"}],"author":[{"embeddable":true,"href":"https:\/\/www.neuillysurmarne.fr\/de\/wp-json\/wp\/v2\/users\/1"}],"replies":[{"embeddable":true,"href":"https:\/\/www.neuillysurmarne.fr\/de\/wp-json\/wp\/v2\/comments?post=11378"}],"version-history":[{"count":16,"href":"https:\/\/www.neuillysurmarne.fr\/de\/wp-json\/wp\/v2\/pages\/11378\/revisions"}],"predecessor-version":[{"id":14698,"href":"https:\/\/www.neuillysurmarne.fr\/de\/wp-json\/wp\/v2\/pages\/11378\/revisions\/14698"}],"wp:featuredmedia":[{"embeddable":true,"href":"https:\/\/www.neuillysurmarne.fr\/de\/wp-json\/wp\/v2\/media\/11433"}],"wp:attachment":[{"href":"https:\/\/www.neuillysurmarne.fr\/de\/wp-json\/wp\/v2\/media?parent=11378"}],"curies":[{"name":"wp","href":"https:\/\/api.w.org\/{rel}","templated":true}]}}