{"id":1053,"date":"2023-11-17T16:51:24","date_gmt":"2023-11-17T15:51:24","guid":{"rendered":"https:\/\/www.neuillysurmarne.fr\/?page_id=1053"},"modified":"2024-03-01T15:33:10","modified_gmt":"2024-03-01T14:33:10","slug":"ecole-elementaire-marcel-cachin","status":"publish","type":"page","link":"https:\/\/www.neuillysurmarne.fr\/el\/ecole-elementaire-marcel-cachin\/","title":{"rendered":"\u0394\u03b7\u03bc\u03bf\u03c4\u03b9\u03ba\u03ac \u03c3\u03c7\u03bf\u03bb\u03b5\u03af\u03b1 Marcel Cachin"},"content":{"rendered":"<div class=\"content-header-wrap no-thumbnail\">\n<div class=\"informations\">\n<div class=\"postalAddress\">\n<div>\n<h2>\u03a0\u03b1\u03c1\u03bf\u03c5\u03c3\u03af\u03b1\u03c3\u03b7<\/h2>\n<\/div>\n<div class=\"destinataire\">\u0394\u03b7\u03bc\u03bf\u03c4\u03b9\u03ba\u03ac \u03c3\u03c7\u03bf\u03bb\u03b5\u03af\u03b1 Marcel Cachin,<\/div>\n<div class=\"streetAddress\">160 rue P et C Thomoux,<\/div>\n<p><a class=\"postal-address-link\" title=\"\u0391\u03bd\u03bf\u03af\u03be\u03c4\u03b5 \u03c4\u03b7 \u03b4\u03b9\u03b5\u03cd\u03b8\u03c5\u03bd\u03c3\u03b7 \u03c3\u03c4\u03bf Google Maps\" href=\"https:\/\/maps.google.fr\/?q=%C3%89cole+%C3%A9l%C3%A9mentaire+Marcel+Cachin%2C+160+rue+P+et+C+Thomoux%2C+93330+Neuilly-sur-Marne\" target=\"_blank\" rel=\"noopener\"><span class=\"postalCode\">93330<\/span>\u00a0<span class=\"addressLocality\">Neuilly-sur-Marne<\/span><\/a><\/p>\n<\/div>\n<p><span class=\"telephone\">01 43 08 23 42<\/span><br \/>\n<a class=\"email\" href=\"mailto:ce.0931293a@ac-creteil.fr\">ce.0931293a@ac-creteil.fr<\/a><\/p>\n<div class=\"person\"><span class=\"honorificPrefix\">M.<\/span>\u00a0<span class=\"familyName\">CARTAILLER<\/span><\/div>\n<\/div>\n<\/div>\n<p><strong>\u03a0\u03c1\u03c9\u03b9\u03bd\u03ae \u03c5\u03c0\u03bf\u03b4\u03bf\u03c7\u03ae :<br \/>\n\u039a\u03ad\u03bd\u03c4\u03c1\u03bf \u03c5\u03c0\u03bf\u03b4\u03bf\u03c7\u03ae\u03c2 le Petit Bois 1<\/strong><br \/>\n\u03a0\u03c1\u03bf\u03cb\u03c0\u03cc\u03b8\u03b5\u03c3\u03b7 \u03b3\u03b9\u03b1 \u03c4\u03bf \u03ac\u03bd\u03bf\u03b9\u03b3\u03bc\u03b1 \u03c4\u03b7\u03c2 \u03c0\u03c1\u03c9\u03b9\u03bd\u03ae\u03c2 \u03c6\u03c1\u03bf\u03bd\u03c4\u03af\u03b4\u03b1\u03c2 \u03c3\u03c4\u03b1 \u03b4\u03b7\u03bc\u03bf\u03c4\u03b9\u03ba\u03ac \u03c3\u03c7\u03bf\u03bb\u03b5\u03af\u03b1 \u03b5\u03af\u03bd\u03b1\u03b9 \u03b7 \u03b5\u03bb\u03ac\u03c7\u03b9\u03c3\u03c4\u03b7 \u03c3\u03c5\u03bc\u03bc\u03b5\u03c4\u03bf\u03c7\u03ae 12 \u03c0\u03b1\u03b9\u03b4\u03b9\u03ce\u03bd.<br \/>\n\u039c\u03b9\u03b1 \u03bf\u03bc\u03ac\u03b4\u03b1 \u03b4\u03b7\u03bc\u03bf\u03c4\u03b9\u03ba\u03ce\u03bd \u03c5\u03c0\u03b1\u03bb\u03bb\u03ae\u03bb\u03c9\u03bd \u03c5\u03c0\u03bf\u03b4\u03ad\u03c7\u03b5\u03c4\u03b1\u03b9 \u03c4\u03b1 \u03c0\u03b1\u03b9\u03b4\u03b9\u03ac \u03b1\u03c0\u03cc \u03c4\u03b9\u03c2 7.00 \u03c0.\u03bc. \u03ba\u03b1\u03b9 \u03c4\u03b1 \u03c3\u03c5\u03bd\u03bf\u03b4\u03b5\u03cd\u03b5\u03b9 \u03c3\u03c4\u03bf \u03c3\u03c7\u03bf\u03bb\u03b5\u03af\u03bf \u03bc\u03ad\u03c7\u03c1\u03b9 \u03c4\u03b9\u03c2 8.30 \u03c0.\u03bc.<\/p>\n<p><strong>\u03a3\u03c7\u03bf\u03bb\u03b9\u03ba\u03ac \u03b3\u03b5\u03cd\u03bc\u03b1\u03c4\u03b1 :<\/strong><br \/>\n\u03a4\u03b1 \u03c3\u03c7\u03bf\u03bb\u03b9\u03ba\u03ac \u03b3\u03b5\u03cd\u03bc\u03b1\u03c4\u03b1 \u03b4\u03b9\u03b1\u03c4\u03af\u03b8\u03b5\u03bd\u03c4\u03b1\u03b9 \u03b1\u03c0\u03cc \u03c4\u03b9\u03c2 11.30 \u03c0.\u03bc. \u03ad\u03c9\u03c2 \u03c4\u03b7 1.30 \u03bc.\u03bc. \u03a4\u03b1 \u03c0\u03b1\u03b9\u03b4\u03b9\u03ac \u03c6\u03c1\u03bf\u03bd\u03c4\u03af\u03b6\u03bf\u03bd\u03c4\u03b1\u03b9 \u03b1\u03c0\u03cc \u03bc\u03b9\u03b1 \u03bf\u03bc\u03ac\u03b4\u03b1 \u03c4\u03bf\u03c0\u03b9\u03ba\u03bf\u03cd \u03c0\u03c1\u03bf\u03c3\u03c9\u03c0\u03b9\u03ba\u03bf\u03cd.<br \/>\n\u0388\u03bd\u03b1\u03c2 \u03c7\u03ac\u03c1\u03c4\u03b7\u03c2 \u03c3\u03c7\u03bf\u03bb\u03b9\u03ba\u03ae\u03c2 \u03b5\u03c3\u03c4\u03af\u03b1\u03c3\u03b7\u03c2 \u03c0\u03b5\u03c1\u03b9\u03b3\u03c1\u03ac\u03c6\u03b5\u03b9 \u03bb\u03b5\u03c0\u03c4\u03bf\u03bc\u03b5\u03c1\u03ce\u03c2 \u03c4\u03bf\u03bd \u03c4\u03c1\u03cc\u03c0\u03bf \u03bb\u03b5\u03b9\u03c4\u03bf\u03c5\u03c1\u03b3\u03af\u03b1\u03c2 \u03c4\u03b7\u03c2 \u03b4\u03c1\u03b1\u03c3\u03c4\u03b7\u03c1\u03b9\u03cc\u03c4\u03b7\u03c4\u03b1\u03c2 \u03ba\u03b1\u03b9 \u03c4\u03bf\u03c5\u03c2 \u03ba\u03b1\u03bd\u03cc\u03bd\u03b5\u03c2 \u03c0\u03bf\u03c5 \u03c0\u03c1\u03ad\u03c0\u03b5\u03b9 \u03bd\u03b1 \u03c4\u03b7\u03c1\u03bf\u03cd\u03bd\u03c4\u03b1\u03b9.<\/p>\n<p><strong>\u039c\u03b5\u03bb\u03ad\u03c4\u03b7:<\/strong><br \/>\n\u0397 \u03c0\u03b5\u03c1\u03af\u03bf\u03b4\u03bf\u03c2 \u03bc\u03b5\u03bb\u03ad\u03c4\u03b7\u03c2 \u03b4\u03b9\u03b1\u03c1\u03ba\u03b5\u03af \u03b1\u03c0\u03cc \u03c4\u03b9\u03c2 4.30 \u03bc.\u03bc. \u03ad\u03c9\u03c2 \u03c4\u03b9\u03c2 6.00 \u03bc.\u03bc. \u039c\u03ad\u03c7\u03c1\u03b9 \u03c4\u03b9\u03c2 5 \u03bc.\u03bc. \u03bf\u03c1\u03b3\u03b1\u03bd\u03ce\u03bd\u03b5\u03c4\u03b1\u03b9 \u03b4\u03b9\u03ac\u03bb\u03b5\u03b9\u03bc\u03bc\u03b1 \u03ba\u03b1\u03b9 \u03c3\u03bd\u03b1\u03ba (\u03bf\u03b9 \u03bf\u03b9\u03ba\u03bf\u03b3\u03ad\u03bd\u03b5\u03b9\u03b5\u03c2 \u03c0\u03c1\u03ad\u03c0\u03b5\u03b9 \u03bd\u03b1 \u03c0\u03b1\u03c1\u03ad\u03c7\u03bf\u03c5\u03bd \u03c3\u03bd\u03b1\u03ba). \u0391\u03c0\u03cc \u03c4\u03b9\u03c2 5.00 \u03bc.\u03bc. \u03ad\u03c9\u03c2 \u03c4\u03b9\u03c2 6.00 \u03bc.\u03bc., \u03bc\u03b9\u03b1 \u03b5\u03c0\u03bf\u03c0\u03c4\u03b5\u03c5\u03cc\u03bc\u03b5\u03bd\u03b7 \u03c0\u03b5\u03c1\u03af\u03bf\u03b4\u03bf\u03c2 \u03bc\u03b5\u03bb\u03ad\u03c4\u03b7\u03c2 \u03b5\u03c0\u03b9\u03c4\u03c1\u03ad\u03c0\u03b5\u03b9 \u03c3\u03c4\u03b1 \u03c0\u03b1\u03b9\u03b4\u03b9\u03ac \u03bd\u03b1 \u03b5\u03c1\u03b3\u03b1\u03c3\u03c4\u03bf\u03cd\u03bd \u03c3\u03c4\u03b1 \u03bc\u03b1\u03b8\u03ae\u03bc\u03b1\u03c4\u03ac \u03c4\u03bf\u03c5\u03c2.<\/p>\n<h2>\u03a7\u03c9\u03c1\u03b7\u03c4\u03b9\u03ba\u03cc\u03c4\u03b7\u03c4\u03b1<\/h2>\n<p>\u0391\u03c1\u03b9\u03b8\u03bc\u03cc\u03c2 \u03bc\u03b1\u03b8\u03b7\u03c4\u03ce\u03bd: 315<br \/>\n\u0391\u03c1\u03b9\u03b8\u03bc\u03cc\u03c2 \u03c4\u03ac\u03be\u03b5\u03c9\u03bd: 13<br \/>\n\u039c\u03ad\u03c3\u03bf\u03c2 \u03b1\u03c1\u03b9\u03b8\u03bc\u03cc\u03c2 \u03bc\u03b1\u03b8\u03b7\u03c4\u03ce\u03bd \u03b1\u03bd\u03ac \u03c4\u03ac\u03be\u03b7: 24<\/p>","protected":false},"excerpt":{"rendered":"<p>Pr\u00e9sentation \u00c9cole \u00e9l\u00e9mentaire Marcel Cachin, 160 rue P et C Thomoux, 93330\u00a0Neuilly-sur-Marne 01 43 08 23 42 ce.0931293a@ac-creteil.fr M.\u00a0CARTAILLER Accueil du matin : Lieu de l\u2019accueil Centre le Petit Bois 1 L\u2019ouverture de l\u2019accueil du matin en \u00e9l\u00e9mentaire est conditionn\u00e9 \u00e0 un engagement de fr\u00e9quentation d\u2019au moins 12 enfants. Une \u00e9quipe d\u2019animation municipale accueille les [&hellip;]<\/p>\n","protected":false},"author":1,"featured_media":0,"parent":0,"menu_order":0,"comment_status":"closed","ping_status":"closed","template":"","meta":{"_acf_changed":false,"footnotes":""},"class_list":["post-1053","page","type-page","status-publish","hentry"],"acf":[],"yoast_head":"<!-- This site is optimized with the Yoast SEO plugin v27.5 - https:\/\/yoast.com\/product\/yoast-seo-wordpress\/ -->\n<title>\u00c9cole \u00e9l\u00e9mentaire Marcel Cachin - Mairie de Neuilly-sur-Marne<\/title>\n<meta name=\"robots\" content=\"index, follow, max-snippet:-1, max-image-preview:large, max-video-preview:-1\" \/>\n<link rel=\"canonical\" href=\"https:\/\/www.neuillysurmarne.fr\/el\/ecole-elementaire-marcel-cachin\/\" \/>\n<meta property=\"og:locale\" content=\"el_GR\" \/>\n<meta property=\"og:type\" content=\"article\" \/>\n<meta property=\"og:title\" content=\"\u00c9cole \u00e9l\u00e9mentaire Marcel Cachin - Mairie de Neuilly-sur-Marne\" \/>\n<meta property=\"og:description\" content=\"Pr\u00e9sentation \u00c9cole \u00e9l\u00e9mentaire Marcel Cachin, 160 rue P et C Thomoux, 93330\u00a0Neuilly-sur-Marne 01 43 08 23 42 ce.0931293a@ac-creteil.fr M.\u00a0CARTAILLER Accueil du matin : Lieu de l\u2019accueil Centre le Petit Bois 1 L\u2019ouverture de l\u2019accueil du matin en \u00e9l\u00e9mentaire est conditionn\u00e9 \u00e0 un engagement de fr\u00e9quentation d\u2019au moins 12 enfants. Une \u00e9quipe d\u2019animation municipale accueille les [&hellip;]\" \/>\n<meta property=\"og:url\" content=\"https:\/\/www.neuillysurmarne.fr\/el\/ecole-elementaire-marcel-cachin\/\" \/>\n<meta property=\"og:site_name\" content=\"Mairie de Neuilly-sur-Marne\" \/>\n<meta property=\"article:publisher\" content=\"https:\/\/www.facebook.com\/ville.neuilly\" \/>\n<meta property=\"article:modified_time\" content=\"2024-03-01T14:33:10+00:00\" \/>\n<meta name=\"twitter:card\" content=\"summary_large_image\" \/>\n<meta name=\"twitter:label1\" content=\"\u0395\u03ba\u03c4\u03b9\u03bc\u03ce\u03bc\u03b5\u03bd\u03bf\u03c2 \u03c7\u03c1\u03cc\u03bd\u03bf\u03c2 \u03b1\u03bd\u03ac\u03b3\u03bd\u03c9\u03c3\u03b7\u03c2\" \/>\n\t<meta name=\"twitter:data1\" content=\"1 \u03bb\u03b5\u03c0\u03c4\u03cc\" \/>\n<script type=\"application\/ld+json\" class=\"yoast-schema-graph\">{\"@context\":\"https:\\\/\\\/schema.org\",\"@graph\":[{\"@type\":\"WebPage\",\"@id\":\"https:\\\/\\\/www.neuillysurmarne.fr\\\/ecole-elementaire-marcel-cachin\\\/\",\"url\":\"https:\\\/\\\/www.neuillysurmarne.fr\\\/ecole-elementaire-marcel-cachin\\\/\",\"name\":\"\u00c9cole \u00e9l\u00e9mentaire Marcel Cachin - Mairie de Neuilly-sur-Marne\",\"isPartOf\":{\"@id\":\"https:\\\/\\\/www.neuillysurmarne.fr\\\/es\\\/#website\"},\"datePublished\":\"2023-11-17T15:51:24+00:00\",\"dateModified\":\"2024-03-01T14:33:10+00:00\",\"breadcrumb\":{\"@id\":\"https:\\\/\\\/www.neuillysurmarne.fr\\\/ecole-elementaire-marcel-cachin\\\/#breadcrumb\"},\"inLanguage\":\"el\",\"potentialAction\":[{\"@type\":\"ReadAction\",\"target\":[\"https:\\\/\\\/www.neuillysurmarne.fr\\\/ecole-elementaire-marcel-cachin\\\/\"]}]},{\"@type\":\"BreadcrumbList\",\"@id\":\"https:\\\/\\\/www.neuillysurmarne.fr\\\/ecole-elementaire-marcel-cachin\\\/#breadcrumb\",\"itemListElement\":[{\"@type\":\"ListItem\",\"position\":1,\"name\":\"Accueil\",\"item\":\"https:\\\/\\\/www.neuillysurmarne.fr\\\/\"},{\"@type\":\"ListItem\",\"position\":2,\"name\":\"\u00c9cole \u00e9l\u00e9mentaire Marcel Cachin\"}]},{\"@type\":\"WebSite\",\"@id\":\"https:\\\/\\\/www.neuillysurmarne.fr\\\/es\\\/#website\",\"url\":\"https:\\\/\\\/www.neuillysurmarne.fr\\\/es\\\/\",\"name\":\"Mairie de Neuilly-sur-Marne\",\"description\":\"BETA\",\"publisher\":{\"@id\":\"https:\\\/\\\/www.neuillysurmarne.fr\\\/es\\\/#organization\"},\"potentialAction\":[{\"@type\":\"SearchAction\",\"target\":{\"@type\":\"EntryPoint\",\"urlTemplate\":\"https:\\\/\\\/www.neuillysurmarne.fr\\\/es\\\/?s={search_term_string}\"},\"query-input\":{\"@type\":\"PropertyValueSpecification\",\"valueRequired\":true,\"valueName\":\"search_term_string\"}}],\"inLanguage\":\"el\"},{\"@type\":\"Organization\",\"@id\":\"https:\\\/\\\/www.neuillysurmarne.fr\\\/es\\\/#organization\",\"name\":\"Mairie de Neuilly-sur-Marne\",\"url\":\"https:\\\/\\\/www.neuillysurmarne.fr\\\/es\\\/\",\"logo\":{\"@type\":\"ImageObject\",\"inLanguage\":\"el\",\"@id\":\"https:\\\/\\\/www.neuillysurmarne.fr\\\/es\\\/#\\\/schema\\\/logo\\\/image\\\/\",\"url\":\"https:\\\/\\\/www.neuillysurmarne.fr\\\/wp-content\\\/uploads\\\/2023\\\/10\\\/LOGO-NeuillysurMarne-blanc.png\",\"contentUrl\":\"https:\\\/\\\/www.neuillysurmarne.fr\\\/wp-content\\\/uploads\\\/2023\\\/10\\\/LOGO-NeuillysurMarne-blanc.png\",\"width\":3308,\"height\":2586,\"caption\":\"Mairie de Neuilly-sur-Marne\"},\"image\":{\"@id\":\"https:\\\/\\\/www.neuillysurmarne.fr\\\/es\\\/#\\\/schema\\\/logo\\\/image\\\/\"},\"sameAs\":[\"https:\\\/\\\/www.facebook.com\\\/ville.neuilly\",\"https:\\\/\\\/www.instagram.com\\\/neuilly_marne\\\/\",\"https:\\\/\\\/www.linkedin.com\\\/company\\\/ville-de-neuilly-sur-marne\\\/\",\"https:\\\/\\\/www.youtube.com\\\/channel\\\/UCDdZ0TLrV8rfIqjBGvoeB5A\",\"https:\\\/\\\/www.tiktok.com\\\/@villedeneuillysurmarne\"]}]}<\/script>\n<!-- \/ Yoast SEO plugin. -->","yoast_head_json":{"title":"\u00c9cole \u00e9l\u00e9mentaire Marcel Cachin - Mairie de Neuilly-sur-Marne","robots":{"index":"index","follow":"follow","max-snippet":"max-snippet:-1","max-image-preview":"max-image-preview:large","max-video-preview":"max-video-preview:-1"},"canonical":"https:\/\/www.neuillysurmarne.fr\/el\/ecole-elementaire-marcel-cachin\/","og_locale":"el_GR","og_type":"article","og_title":"\u00c9cole \u00e9l\u00e9mentaire Marcel Cachin - Mairie de Neuilly-sur-Marne","og_description":"Pr\u00e9sentation \u00c9cole \u00e9l\u00e9mentaire Marcel Cachin, 160 rue P et C Thomoux, 93330\u00a0Neuilly-sur-Marne 01 43 08 23 42 ce.0931293a@ac-creteil.fr M.\u00a0CARTAILLER Accueil du matin : Lieu de l\u2019accueil Centre le Petit Bois 1 L\u2019ouverture de l\u2019accueil du matin en \u00e9l\u00e9mentaire est conditionn\u00e9 \u00e0 un engagement de fr\u00e9quentation d\u2019au moins 12 enfants. Une \u00e9quipe d\u2019animation municipale accueille les [&hellip;]","og_url":"https:\/\/www.neuillysurmarne.fr\/el\/ecole-elementaire-marcel-cachin\/","og_site_name":"Mairie de Neuilly-sur-Marne","article_publisher":"https:\/\/www.facebook.com\/ville.neuilly","article_modified_time":"2024-03-01T14:33:10+00:00","twitter_card":"summary_large_image","twitter_misc":{"\u0395\u03ba\u03c4\u03b9\u03bc\u03ce\u03bc\u03b5\u03bd\u03bf\u03c2 \u03c7\u03c1\u03cc\u03bd\u03bf\u03c2 \u03b1\u03bd\u03ac\u03b3\u03bd\u03c9\u03c3\u03b7\u03c2":"1 \u03bb\u03b5\u03c0\u03c4\u03cc"},"schema":{"@context":"https:\/\/schema.org","@graph":[{"@type":"WebPage","@id":"https:\/\/www.neuillysurmarne.fr\/ecole-elementaire-marcel-cachin\/","url":"https:\/\/www.neuillysurmarne.fr\/ecole-elementaire-marcel-cachin\/","name":"\u00c9cole \u00e9l\u00e9mentaire Marcel Cachin - Mairie de Neuilly-sur-Marne","isPartOf":{"@id":"https:\/\/www.neuillysurmarne.fr\/es\/#website"},"datePublished":"2023-11-17T15:51:24+00:00","dateModified":"2024-03-01T14:33:10+00:00","breadcrumb":{"@id":"https:\/\/www.neuillysurmarne.fr\/ecole-elementaire-marcel-cachin\/#breadcrumb"},"inLanguage":"el","potentialAction":[{"@type":"ReadAction","target":["https:\/\/www.neuillysurmarne.fr\/ecole-elementaire-marcel-cachin\/"]}]},{"@type":"BreadcrumbList","@id":"https:\/\/www.neuillysurmarne.fr\/ecole-elementaire-marcel-cachin\/#breadcrumb","itemListElement":[{"@type":"ListItem","position":1,"name":"Accueil","item":"https:\/\/www.neuillysurmarne.fr\/"},{"@type":"ListItem","position":2,"name":"\u00c9cole \u00e9l\u00e9mentaire Marcel Cachin"}]},{"@type":"WebSite","@id":"https:\/\/www.neuillysurmarne.fr\/es\/#website","url":"https:\/\/www.neuillysurmarne.fr\/es\/","name":"\u0394\u03b7\u03bc\u03b1\u03c1\u03c7\u03b5\u03af\u03bf Neuilly-sur-Marne","description":"BETA","publisher":{"@id":"https:\/\/www.neuillysurmarne.fr\/es\/#organization"},"potentialAction":[{"@type":"SearchAction","target":{"@type":"EntryPoint","urlTemplate":"https:\/\/www.neuillysurmarne.fr\/es\/?s={search_term_string}"},"query-input":{"@type":"PropertyValueSpecification","valueRequired":true,"valueName":"search_term_string"}}],"inLanguage":"el"},{"@type":"Organization","@id":"https:\/\/www.neuillysurmarne.fr\/es\/#organization","name":"\u0394\u03b7\u03bc\u03b1\u03c1\u03c7\u03b5\u03af\u03bf Neuilly-sur-Marne","url":"https:\/\/www.neuillysurmarne.fr\/es\/","logo":{"@type":"ImageObject","inLanguage":"el","@id":"https:\/\/www.neuillysurmarne.fr\/es\/#\/schema\/logo\/image\/","url":"https:\/\/www.neuillysurmarne.fr\/wp-content\/uploads\/2023\/10\/LOGO-NeuillysurMarne-blanc.png","contentUrl":"https:\/\/www.neuillysurmarne.fr\/wp-content\/uploads\/2023\/10\/LOGO-NeuillysurMarne-blanc.png","width":3308,"height":2586,"caption":"Mairie de Neuilly-sur-Marne"},"image":{"@id":"https:\/\/www.neuillysurmarne.fr\/es\/#\/schema\/logo\/image\/"},"sameAs":["https:\/\/www.facebook.com\/ville.neuilly","https:\/\/www.instagram.com\/neuilly_marne\/","https:\/\/www.linkedin.com\/company\/ville-de-neuilly-sur-marne\/","https:\/\/www.youtube.com\/channel\/UCDdZ0TLrV8rfIqjBGvoeB5A","https:\/\/www.tiktok.com\/@villedeneuillysurmarne"]}]}},"_links":{"self":[{"href":"https:\/\/www.neuillysurmarne.fr\/el\/wp-json\/wp\/v2\/pages\/1053","targetHints":{"allow":["GET"]}}],"collection":[{"href":"https:\/\/www.neuillysurmarne.fr\/el\/wp-json\/wp\/v2\/pages"}],"about":[{"href":"https:\/\/www.neuillysurmarne.fr\/el\/wp-json\/wp\/v2\/types\/page"}],"author":[{"embeddable":true,"href":"https:\/\/www.neuillysurmarne.fr\/el\/wp-json\/wp\/v2\/users\/1"}],"replies":[{"embeddable":true,"href":"https:\/\/www.neuillysurmarne.fr\/el\/wp-json\/wp\/v2\/comments?post=1053"}],"version-history":[{"count":3,"href":"https:\/\/www.neuillysurmarne.fr\/el\/wp-json\/wp\/v2\/pages\/1053\/revisions"}],"predecessor-version":[{"id":5234,"href":"https:\/\/www.neuillysurmarne.fr\/el\/wp-json\/wp\/v2\/pages\/1053\/revisions\/5234"}],"wp:attachment":[{"href":"https:\/\/www.neuillysurmarne.fr\/el\/wp-json\/wp\/v2\/media?parent=1053"}],"curies":[{"name":"wp","href":"https:\/\/api.w.org\/{rel}","templated":true}]}}