{"id":588,"date":"2023-11-13T12:34:41","date_gmt":"2023-11-13T11:34:41","guid":{"rendered":"https:\/\/www.neuillysurmarne.fr\/?page_id=588"},"modified":"2024-06-18T19:51:03","modified_gmt":"2024-06-18T17:51:03","slug":"cyberbase-et-mediation-numerique","status":"publish","type":"page","link":"https:\/\/www.neuillysurmarne.fr\/el\/cyberbase-et-mediation-numerique\/","title":{"rendered":"\u039a\u03c5\u03b2\u03b5\u03c1\u03bd\u03bf\u03b2\u03ac\u03c3\u03b7 \u03ba\u03b1\u03b9 \u03c8\u03b7\u03c6\u03b9\u03b1\u03ba\u03ae \u03b4\u03b9\u03b1\u03bc\u03b5\u03c3\u03bf\u03bb\u03ac\u03b2\u03b7\u03c3\u03b7"},"content":{"rendered":"<div data-elementor-type=\"wp-page\" data-elementor-id=\"588\" class=\"elementor elementor-588\" data-elementor-post-type=\"page\">\n\t\t\t\t<div class=\"elementor-element elementor-element-51ec3343 e-flex e-con-boxed e-con e-parent\" data-id=\"51ec3343\" data-element_type=\"container\" data-e-type=\"container\">\n\t\t\t\t\t<div class=\"e-con-inner\">\n\t\t<div class=\"elementor-element elementor-element-dd5b8a7 e-flex e-con-boxed e-con e-child\" data-id=\"dd5b8a7\" data-element_type=\"container\" data-e-type=\"container\">\n\t\t\t\t\t<div class=\"e-con-inner\">\n\t\t\t\t<div class=\"elementor-element elementor-element-a921210 elementor-widget elementor-widget-n-accordion\" data-id=\"a921210\" data-element_type=\"widget\" data-e-type=\"widget\" data-settings=\"{&quot;default_state&quot;:&quot;all_collapsed&quot;,&quot;max_items_expended&quot;:&quot;one&quot;,&quot;n_accordion_animation_duration&quot;:{&quot;unit&quot;:&quot;ms&quot;,&quot;size&quot;:400,&quot;sizes&quot;:[]}}\" data-widget_type=\"nested-accordion.default\">\n\t\t\t\t<div class=\"elementor-widget-container\">\n\t\t\t\t\t\t\t<div class=\"e-n-accordion\" aria-label=\"\u0391\u03ba\u03bf\u03c1\u03bd\u03c4\u03b5\u03cc\u03bd. \u0391\u03bd\u03bf\u03af\u03be\u03c4\u03b5 \u03c3\u03c5\u03bd\u03b4\u03ad\u03c3\u03bc\u03bf\u03c5\u03c2 \u03bc\u03b5 \u03c4\u03bf Enter \u03ae \u03c4\u03bf Space, \u03ba\u03bb\u03b5\u03af\u03c3\u03c4\u03b5 \u03bc\u03b5 \u03c4\u03bf Escape \u03ba\u03b1\u03b9 \u03c0\u03bb\u03bf\u03b7\u03b3\u03b7\u03b8\u03b5\u03af\u03c4\u03b5 \u03bc\u03b5 \u03c4\u03b1 \u03c0\u03bb\u03ae\u03ba\u03c4\u03c1\u03b1 \u03b2\u03ad\u03bb\u03bf\u03c5\u03c2.\">\n\t\t\t\t\t\t<details id=\"e-n-accordion-item-1770\" class=\"e-n-accordion-item\" >\n\t\t\t\t<summary class=\"e-n-accordion-item-title\" data-accordion-index=\"1\" tabindex=\"0\" aria-expanded=\"false\" aria-controls=\"e-n-accordion-item-1770\" >\n\t\t\t\t\t<span class='e-n-accordion-item-title-header'><div class=\"e-n-accordion-item-title-text\"> Cyberbase <\/div><\/span>\n\t\t\t\t\t\t\t<span class='e-n-accordion-item-title-icon'>\n\t\t\t<span class='e-opened' ><svg aria-hidden=\"true\" class=\"e-font-icon-svg e-fas-minus\" viewbox=\"0 0 448 512\" xmlns=\"http:\/\/www.w3.org\/2000\/svg\"><path d=\"M416 208H32c-17.67 0-32 14.33-32 32v32c0 17.67 14.33 32 32 32h384c17.67 0 32-14.33 32-32v-32c0-17.67-14.33-32-32-32z\"><\/path><\/svg><\/span>\n\t\t\t<span class='e-closed'><svg aria-hidden=\"true\" class=\"e-font-icon-svg e-fas-plus\" viewbox=\"0 0 448 512\" xmlns=\"http:\/\/www.w3.org\/2000\/svg\"><path d=\"M416 208H272V64c0-17.67-14.33-32-32-32h-32c-17.67 0-32 14.33-32 32v144H32c-17.67 0-32 14.33-32 32v32c0 17.67 14.33 32 32 32h144v144c0 17.67 14.33 32 32 32h32c17.67 0 32-14.33 32-32V304h144c17.67 0 32-14.33 32-32v-32c0-17.67-14.33-32-32-32z\"><\/path><\/svg><\/span>\n\t\t<\/span>\n\n\t\t\t\t\t\t<\/summary>\n\t\t\t\t<div role=\"region\" aria-labelledby=\"e-n-accordion-item-1770\" class=\"elementor-element elementor-element-e8b8b8d e-con-full e-flex e-con e-child\" data-id=\"e8b8b8d\" data-element_type=\"container\" data-e-type=\"container\">\n\t\t\t\t<div class=\"elementor-element elementor-element-5811248 elementor-widget elementor-widget-text-editor\" data-id=\"5811248\" data-element_type=\"widget\" data-e-type=\"widget\" data-widget_type=\"text-editor.default\">\n\t\t\t\t<div class=\"elementor-widget-container\">\n\t\t\t\t\t\t\t\t\t<p>\u0397 \u03ba\u03c5\u03b2\u03b5\u03c1\u03bd\u03bf\u03b2\u03ac\u03c3\u03b7 \u03b5\u03af\u03bd\u03b1\u03b9 \u03ad\u03bd\u03b1\u03c2 \u03c8\u03b7\u03c6\u03b9\u03b1\u03ba\u03cc\u03c2 \u03c7\u03ce\u03c1\u03bf\u03c2 \u03b1\u03bd\u03bf\u03b9\u03ba\u03c4\u03cc\u03c2 \u03c3\u03c4\u03bf \u03ba\u03bf\u03b9\u03bd\u03cc.<\/p><p>- \u03a4\u03b1 \u03c0\u03c1\u03c9\u03b9\u03bd\u03ac \u03c0\u03c1\u03bf\u03bf\u03c1\u03af\u03b6\u03bf\u03bd\u03c4\u03b1\u03b9 \u03b3\u03b9\u03b1 \u03bf\u03bc\u03ac\u03b4\u03b5\u03c2 \u03ba\u03b1\u03b9 \u03b5\u03c1\u03b3\u03b1\u03c3\u03c4\u03ae\u03c1\u03b9\u03b1 \u03c0\u03bf\u03bb\u03c5\u03bc\u03ad\u03c3\u03c9\u03bd, <strong>\u03ba\u03b1\u03c4\u03ac \u03c4\u03b7\u03bd \u03b5\u03b3\u03b3\u03c1\u03b1\u03c6\u03ae<\/strong><br \/><strong>- \u0395\u03bb\u03b5\u03cd\u03b8\u03b5\u03c1\u03b7 \u03c0\u03c1\u03cc\u03c3\u03b2\u03b1\u03c3\u03b7<\/strong>\u00a0\u03a4\u03c1\u03af\u03c4\u03b7 \u03ad\u03c9\u03c2 \u03a3\u03ac\u03b2\u03b2\u03b1\u03c4\u03bf \u03b1\u03c0\u03cc \u03c4\u03b9\u03c2 2\u03bc\u03bc \u03ad\u03c9\u03c2 \u03c4\u03b9\u03c2 6\u03bc\u03bc<br \/><strong>- \u039a\u03bb\u03b5\u03b9\u03c3\u03c4\u03cc<\/strong>\u00a0\u03a4\u03b5\u03c4\u03ac\u03c1\u03c4\u03b7 \u03ba\u03b1\u03b9 \u03a3\u03ac\u03b2\u03b2\u03b1\u03c4\u03bf \u03c0\u03c1\u03c9\u03af, \u03cc\u03bb\u03b7 \u03c4\u03b7\u03bd \u03b7\u03bc\u03ad\u03c1\u03b1 \u039a\u03c5\u03c1\u03b9\u03b1\u03ba\u03ae \u03ba\u03b1\u03b9 \u0394\u03b5\u03c5\u03c4\u03ad\u03c1\u03b1<\/p>\t\t\t\t\t\t\t\t<\/div>\n\t\t\t\t<\/div>\n\t\t\t\t<\/div>\n\t\t\t\t\t<\/details>\n\t\t\t\t\t\t<details id=\"e-n-accordion-item-1771\" class=\"e-n-accordion-item\" >\n\t\t\t\t<summary class=\"e-n-accordion-item-title\" data-accordion-index=\"2\" tabindex=\"-1\" aria-expanded=\"false\" aria-controls=\"e-n-accordion-item-1771\" >\n\t\t\t\t\t<span class='e-n-accordion-item-title-header'><div class=\"e-n-accordion-item-title-text\"> \u03a8\u03b7\u03c6\u03b9\u03b1\u03ba\u03ae \u03b4\u03b9\u03b1\u03bc\u03b5\u03c3\u03bf\u03bb\u03ac\u03b2\u03b7\u03c3\u03b7 <\/div><\/span>\n\t\t\t\t\t\t\t<span class='e-n-accordion-item-title-icon'>\n\t\t\t<span class='e-opened' ><svg aria-hidden=\"true\" class=\"e-font-icon-svg e-fas-minus\" viewbox=\"0 0 448 512\" xmlns=\"http:\/\/www.w3.org\/2000\/svg\"><path d=\"M416 208H32c-17.67 0-32 14.33-32 32v32c0 17.67 14.33 32 32 32h384c17.67 0 32-14.33 32-32v-32c0-17.67-14.33-32-32-32z\"><\/path><\/svg><\/span>\n\t\t\t<span class='e-closed'><svg aria-hidden=\"true\" class=\"e-font-icon-svg e-fas-plus\" viewbox=\"0 0 448 512\" xmlns=\"http:\/\/www.w3.org\/2000\/svg\"><path d=\"M416 208H272V64c0-17.67-14.33-32-32-32h-32c-17.67 0-32 14.33-32 32v144H32c-17.67 0-32 14.33-32 32v32c0 17.67 14.33 32 32 32h144v144c0 17.67 14.33 32 32 32h32c17.67 0 32-14.33 32-32V304h144c17.67 0 32-14.33 32-32v-32c0-17.67-14.33-32-32-32z\"><\/path><\/svg><\/span>\n\t\t<\/span>\n\n\t\t\t\t\t\t<\/summary>\n\t\t\t\t<div role=\"region\" aria-labelledby=\"e-n-accordion-item-1771\" class=\"elementor-element elementor-element-b05a633 e-con-full e-flex e-con e-child\" data-id=\"b05a633\" data-element_type=\"container\" data-e-type=\"container\">\n\t\t\t\t<div class=\"elementor-element elementor-element-3109332 elementor-widget elementor-widget-text-editor\" data-id=\"3109332\" data-element_type=\"widget\" data-e-type=\"widget\" data-widget_type=\"text-editor.default\">\n\t\t\t\t<div class=\"elementor-widget-container\">\n\t\t\t\t\t\t\t\t\t<p>\u03a7\u03ac\u03c1\u03b7 \u03c3\u03c4\u03b7\u03bd \u03c8\u03b7\u03c6\u03b9\u03b1\u03ba\u03ae \u03b4\u03b9\u03b1\u03bc\u03b5\u03c3\u03bf\u03bb\u03ac\u03b2\u03b7\u03c3\u03b7, \u03ad\u03bd\u03b1\u03c2 \u03c3\u03cd\u03bc\u03b2\u03bf\u03c5\u03bb\u03bf\u03c2 \u03bc\u03c0\u03bf\u03c1\u03b5\u03af \u03bd\u03b1 \u03c3\u03b1\u03c2 \u03b2\u03bf\u03b7\u03b8\u03ae\u03c3\u03b5\u03b9 \u03bc\u03b5 \u03cc\u03bb\u03b7 \u03c4\u03b7 \u03b3\u03c1\u03b1\u03c6\u03b5\u03b9\u03bf\u03ba\u03c1\u03b1\u03c4\u03af\u03b1, \u03bc\u03cc\u03bd\u03bf \u03ba\u03b1\u03c4\u03cc\u03c0\u03b9\u03bd \u03c1\u03b1\u03bd\u03c4\u03b5\u03b2\u03bf\u03cd.<\/p><p>- \u03a0\u03c1\u03bf\u03c3\u03c9\u03c0\u03b9\u03ba\u03ae \u03c5\u03c0\u03bf\u03c3\u03c4\u03ae\u03c1\u03b9\u03be\u03b7 \u0394\u03b5\u03c5\u03c4\u03ad\u03c1\u03b1 \u03ba\u03b1\u03b9 \u03a0\u03ad\u03bc\u03c0\u03c4\u03b7 \u03b1\u03c0\u03cc \u03c4\u03b9\u03c2 14:00 \u03ad\u03c9\u03c2 \u03c4\u03b9\u03c2 18:00, \u03a4\u03c1\u03af\u03c4\u03b7 \u03b1\u03c0\u03cc \u03c4\u03b9\u03c2 9:00 \u03ad\u03c9\u03c2 \u03c4\u03b9\u03c2 12:00.<br \/>- \u039f\u03bc\u03b1\u03b4\u03b9\u03ba\u03ac \u03b5\u03c1\u03b3\u03b1\u03c3\u03c4\u03ae\u03c1\u03b9\u03b1 \u0394\u03b5\u03c5\u03c4\u03ad\u03c1\u03b1 \u03ba\u03b1\u03b9 \u03a0\u03ad\u03bc\u03c0\u03c4\u03b7 \u03b1\u03c0\u03cc \u03c4\u03b9\u03c2 9 \u03c0.\u03bc. \u03ad\u03c9\u03c2 \u03c4\u03b9\u03c2 12 \u03bc.\u03bc., \u03a4\u03c1\u03af\u03c4\u03b7 \u03b1\u03c0\u03cc \u03c4\u03b9\u03c2 2 \u03bc.\u03bc. \u03ad\u03c9\u03c2 \u03c4\u03b9\u03c2 6 \u03bc.\u03bc.<\/p>\t\t\t\t\t\t\t\t<\/div>\n\t\t\t\t<\/div>\n\t\t\t\t<\/div>\n\t\t\t\t\t<\/details>\n\t\t\t\t\t<\/div>\n\t\t\t\t\t\t<\/div>\n\t\t\t\t<\/div>\n\t\t\t\t\t<\/div>\n\t\t\t\t<\/div>\n\t\t\t\t\t<\/div>\n\t\t\t\t<\/div>\n\t\t<div class=\"elementor-element elementor-element-138bf7d e-grid e-con-boxed e-con e-parent\" data-id=\"138bf7d\" data-element_type=\"container\" data-e-type=\"container\">\n\t\t\t\t\t<div class=\"e-con-inner\">\n\t\t<div class=\"elementor-element elementor-element-e2df210 e-grid e-con-boxed e-con e-child\" data-id=\"e2df210\" data-element_type=\"container\" data-e-type=\"container\">\n\t\t\t\t\t<div class=\"e-con-inner\">\n\t\t\t\t<div class=\"elementor-element elementor-element-2f516d0 elementor-widget elementor-widget-text-editor\" data-id=\"2f516d0\" data-element_type=\"widget\" data-e-type=\"widget\" data-widget_type=\"text-editor.default\">\n\t\t\t\t<div class=\"elementor-widget-container\">\n\t\t\t\t\t\t\t\t\t<div class=\"elementor-widget-container\"><h3 class=\"destinataire\"><strong>\u0395\u03c1\u03b3\u03b1\u03c3\u03c4\u03ae\u03c1\u03b9\u03bf \u03ad\u03c1\u03b3\u03bf\u03c5 Louise Michel<br \/><\/strong><\/h3><div class=\"streetAddress\">\u0394\u03b9\u03b5\u03c5\u03b8\u03c5\u03bd\u03c4\u03ae\u03c2: \u03ba\u03c5\u03c1\u03af\u03b1 Flih<\/div><div>\u00a0<\/div><div class=\"streetAddress\">\ud83d\udccd 205 avenue du 8 mai 1945<br \/>93330 Neuilly-sur-Marne<\/div><div>\u00a0<\/div><div class=\"streetAddress\"><span class=\"telephone\">\ud83d\udcde 01 43 08 45 30<br \/><\/span><\/div><div>\u00a0<\/div><\/div><div>\ud83d\udce7 <strong><a href=\"mailto:cslm@neuillysurmarne.fr\">cslm@neuillysurmarne.fr<\/a><\/strong><\/div>\t\t\t\t\t\t\t\t<\/div>\n\t\t\t\t<\/div>\n\t\t\t\t\t<\/div>\n\t\t\t\t<\/div>\n\t\t\t\t<div class=\"elementor-element elementor-element-c67d0d1 elementor-widget elementor-widget-google_maps\" data-id=\"c67d0d1\" data-element_type=\"widget\" data-e-type=\"widget\" data-widget_type=\"google_maps.default\">\n\t\t\t\t<div class=\"elementor-widget-container\">\n\t\t\t\t\t\t\t<div class=\"elementor-custom-embed\">\n\t\t\t<iframe loading=\"lazy\"\n\t\t\t\t\tsrc=\"https:\/\/maps.google.com\/maps?q=208%20avenue%20du%208%20mai%201945%2C%2093330&#038;t=m&#038;z=17&#038;output=embed&#038;iwloc=near\"\n\t\t\t\t\ttitle=\"208 avenue du 8 mai 1945, 93330 \u0393\u03b1\u03bb\u03bb\u03af\u03b1\"\n\t\t\t\t\taria-label=\"208 avenue du 8 mai 1945, 93330 \u0393\u03b1\u03bb\u03bb\u03af\u03b1\"\n\t\t\t><\/iframe>\n\t\t<\/div>\n\t\t\t\t\t\t<\/div>\n\t\t\t\t<\/div>\n\t\t\t\t<div class=\"elementor-element elementor-element-3114879 elementor-widget elementor-widget-image\" data-id=\"3114879\" data-element_type=\"widget\" data-e-type=\"widget\" data-widget_type=\"image.default\">\n\t\t\t\t<div class=\"elementor-widget-container\">\n\t\t\t\t\t\t\t\t\t\t\t\t\t\t\t<img fetchpriority=\"high\" decoding=\"async\" width=\"800\" height=\"740\" src=\"https:\/\/www.neuillysurmarne.fr\/wp-content\/uploads\/2024\/06\/AdobeStock_814580840-1024x947.jpeg\" class=\"attachment-large size-large wp-image-9734\" alt=\"\" srcset=\"https:\/\/www.neuillysurmarne.fr\/wp-content\/uploads\/2024\/06\/AdobeStock_814580840-1024x947.jpeg 1024w, https:\/\/www.neuillysurmarne.fr\/wp-content\/uploads\/2024\/06\/AdobeStock_814580840-300x277.jpeg 300w, https:\/\/www.neuillysurmarne.fr\/wp-content\/uploads\/2024\/06\/AdobeStock_814580840-768x710.jpeg 768w, https:\/\/www.neuillysurmarne.fr\/wp-content\/uploads\/2024\/06\/AdobeStock_814580840-1536x1421.jpeg 1536w, https:\/\/www.neuillysurmarne.fr\/wp-content\/uploads\/2024\/06\/AdobeStock_814580840-2048x1894.jpeg 2048w\" sizes=\"(max-width: 800px) 100vw, 800px\" \/>\t\t\t\t\t\t\t\t\t\t\t\t\t\t\t<\/div>\n\t\t\t\t<\/div>\n\t\t\t\t\t<\/div>\n\t\t\t\t<\/div>\n\t\t\t\t<\/div>","protected":false},"excerpt":{"rendered":"<p>Cyberbase La cyberbase est un espace num\u00e9rique ouvert au public. \u2022 Matin\u00e9es r\u00e9serv\u00e9es aux accueils de groupes et aux ateliers multim\u00e9dias, sur inscription\u2022 Acc\u00e8s libre\u00a0du mardi au samedi de 14h \u00e0 18h\u2022 Ferm\u00e9\u00a0le mercredi et samedi matin, le dimanche et lundi toute la journ\u00e9e M\u00e9diation num\u00e9rique Gr\u00e2ce \u00e0 la m\u00e9diation num\u00e9rique, une conseill\u00e8re vous accompagne [&hellip;]<\/p>\n","protected":false},"author":1,"featured_media":7049,"parent":0,"menu_order":0,"comment_status":"closed","ping_status":"closed","template":"","meta":{"_acf_changed":false,"footnotes":""},"class_list":["post-588","page","type-page","status-publish","has-post-thumbnail","hentry"],"acf":[],"yoast_head":"<!-- This site is optimized with the Yoast SEO plugin v27.4 - https:\/\/yoast.com\/product\/yoast-seo-wordpress\/ -->\n<title>Cyberbase et m\u00e9diation num\u00e9rique - Mairie de Neuilly-sur-Marne<\/title>\n<meta name=\"robots\" content=\"index, follow, max-snippet:-1, max-image-preview:large, max-video-preview:-1\" \/>\n<link rel=\"canonical\" href=\"https:\/\/www.neuillysurmarne.fr\/el\/cyberbase-et-mediation-numerique\/\" \/>\n<meta property=\"og:locale\" content=\"el_GR\" \/>\n<meta property=\"og:type\" content=\"article\" \/>\n<meta property=\"og:title\" content=\"Cyberbase et m\u00e9diation num\u00e9rique - Mairie de Neuilly-sur-Marne\" \/>\n<meta property=\"og:description\" content=\"Cyberbase La cyberbase est un espace num\u00e9rique ouvert au public. \u2022 Matin\u00e9es r\u00e9serv\u00e9es aux accueils de groupes et aux ateliers multim\u00e9dias, sur inscription\u2022 Acc\u00e8s libre\u00a0du mardi au samedi de 14h \u00e0 18h\u2022 Ferm\u00e9\u00a0le mercredi et samedi matin, le dimanche et lundi toute la journ\u00e9e M\u00e9diation num\u00e9rique Gr\u00e2ce \u00e0 la m\u00e9diation num\u00e9rique, une conseill\u00e8re vous accompagne [&hellip;]\" \/>\n<meta property=\"og:url\" content=\"https:\/\/www.neuillysurmarne.fr\/el\/cyberbase-et-mediation-numerique\/\" \/>\n<meta property=\"og:site_name\" content=\"Mairie de Neuilly-sur-Marne\" \/>\n<meta property=\"article:publisher\" content=\"https:\/\/www.facebook.com\/ville.neuilly\" \/>\n<meta property=\"article:modified_time\" content=\"2024-06-18T17:51:03+00:00\" \/>\n<meta property=\"og:image\" content=\"https:\/\/www.neuillysurmarne.fr\/wp-content\/uploads\/2024\/05\/AdobeStock_682634310-scaled.jpeg\" \/>\n\t<meta property=\"og:image:width\" content=\"2560\" \/>\n\t<meta property=\"og:image:height\" content=\"1707\" \/>\n\t<meta property=\"og:image:type\" content=\"image\/jpeg\" \/>\n<meta name=\"twitter:card\" content=\"summary_large_image\" \/>\n<meta name=\"twitter:label1\" content=\"\u0395\u03ba\u03c4\u03b9\u03bc\u03ce\u03bc\u03b5\u03bd\u03bf\u03c2 \u03c7\u03c1\u03cc\u03bd\u03bf\u03c2 \u03b1\u03bd\u03ac\u03b3\u03bd\u03c9\u03c3\u03b7\u03c2\" \/>\n\t<meta name=\"twitter:data1\" content=\"1 \u03bb\u03b5\u03c0\u03c4\u03cc\" \/>\n<script type=\"application\/ld+json\" class=\"yoast-schema-graph\">{\"@context\":\"https:\\\/\\\/schema.org\",\"@graph\":[{\"@type\":\"WebPage\",\"@id\":\"https:\\\/\\\/www.neuillysurmarne.fr\\\/cyberbase-et-mediation-numerique\\\/\",\"url\":\"https:\\\/\\\/www.neuillysurmarne.fr\\\/cyberbase-et-mediation-numerique\\\/\",\"name\":\"Cyberbase et m\u00e9diation num\u00e9rique - Mairie de Neuilly-sur-Marne\",\"isPartOf\":{\"@id\":\"https:\\\/\\\/www.neuillysurmarne.fr\\\/es\\\/#website\"},\"primaryImageOfPage\":{\"@id\":\"https:\\\/\\\/www.neuillysurmarne.fr\\\/cyberbase-et-mediation-numerique\\\/#primaryimage\"},\"image\":{\"@id\":\"https:\\\/\\\/www.neuillysurmarne.fr\\\/cyberbase-et-mediation-numerique\\\/#primaryimage\"},\"thumbnailUrl\":\"https:\\\/\\\/www.neuillysurmarne.fr\\\/wp-content\\\/uploads\\\/2024\\\/05\\\/AdobeStock_682634310-scaled.jpeg\",\"datePublished\":\"2023-11-13T11:34:41+00:00\",\"dateModified\":\"2024-06-18T17:51:03+00:00\",\"breadcrumb\":{\"@id\":\"https:\\\/\\\/www.neuillysurmarne.fr\\\/cyberbase-et-mediation-numerique\\\/#breadcrumb\"},\"inLanguage\":\"el\",\"potentialAction\":[{\"@type\":\"ReadAction\",\"target\":[\"https:\\\/\\\/www.neuillysurmarne.fr\\\/cyberbase-et-mediation-numerique\\\/\"]}]},{\"@type\":\"ImageObject\",\"inLanguage\":\"el\",\"@id\":\"https:\\\/\\\/www.neuillysurmarne.fr\\\/cyberbase-et-mediation-numerique\\\/#primaryimage\",\"url\":\"https:\\\/\\\/www.neuillysurmarne.fr\\\/wp-content\\\/uploads\\\/2024\\\/05\\\/AdobeStock_682634310-scaled.jpeg\",\"contentUrl\":\"https:\\\/\\\/www.neuillysurmarne.fr\\\/wp-content\\\/uploads\\\/2024\\\/05\\\/AdobeStock_682634310-scaled.jpeg\",\"width\":2560,\"height\":1707,\"caption\":\"Abstract technology background. Network connection structure. Big data visualization. 3D rendering, Abstract digital background with binary code flowing through network interconnected, AI Generated\"},{\"@type\":\"BreadcrumbList\",\"@id\":\"https:\\\/\\\/www.neuillysurmarne.fr\\\/cyberbase-et-mediation-numerique\\\/#breadcrumb\",\"itemListElement\":[{\"@type\":\"ListItem\",\"position\":1,\"name\":\"Accueil\",\"item\":\"https:\\\/\\\/www.neuillysurmarne.fr\\\/\"},{\"@type\":\"ListItem\",\"position\":2,\"name\":\"Cyberbase et m\u00e9diation num\u00e9rique\"}]},{\"@type\":\"WebSite\",\"@id\":\"https:\\\/\\\/www.neuillysurmarne.fr\\\/es\\\/#website\",\"url\":\"https:\\\/\\\/www.neuillysurmarne.fr\\\/es\\\/\",\"name\":\"Mairie de Neuilly-sur-Marne\",\"description\":\"BETA\",\"publisher\":{\"@id\":\"https:\\\/\\\/www.neuillysurmarne.fr\\\/es\\\/#organization\"},\"potentialAction\":[{\"@type\":\"SearchAction\",\"target\":{\"@type\":\"EntryPoint\",\"urlTemplate\":\"https:\\\/\\\/www.neuillysurmarne.fr\\\/es\\\/?s={search_term_string}\"},\"query-input\":{\"@type\":\"PropertyValueSpecification\",\"valueRequired\":true,\"valueName\":\"search_term_string\"}}],\"inLanguage\":\"el\"},{\"@type\":\"Organization\",\"@id\":\"https:\\\/\\\/www.neuillysurmarne.fr\\\/es\\\/#organization\",\"name\":\"Mairie de Neuilly-sur-Marne\",\"url\":\"https:\\\/\\\/www.neuillysurmarne.fr\\\/es\\\/\",\"logo\":{\"@type\":\"ImageObject\",\"inLanguage\":\"el\",\"@id\":\"https:\\\/\\\/www.neuillysurmarne.fr\\\/es\\\/#\\\/schema\\\/logo\\\/image\\\/\",\"url\":\"https:\\\/\\\/www.neuillysurmarne.fr\\\/wp-content\\\/uploads\\\/2023\\\/10\\\/LOGO-NeuillysurMarne-blanc.png\",\"contentUrl\":\"https:\\\/\\\/www.neuillysurmarne.fr\\\/wp-content\\\/uploads\\\/2023\\\/10\\\/LOGO-NeuillysurMarne-blanc.png\",\"width\":3308,\"height\":2586,\"caption\":\"Mairie de Neuilly-sur-Marne\"},\"image\":{\"@id\":\"https:\\\/\\\/www.neuillysurmarne.fr\\\/es\\\/#\\\/schema\\\/logo\\\/image\\\/\"},\"sameAs\":[\"https:\\\/\\\/www.facebook.com\\\/ville.neuilly\",\"https:\\\/\\\/www.instagram.com\\\/neuilly_marne\\\/\",\"https:\\\/\\\/www.linkedin.com\\\/company\\\/ville-de-neuilly-sur-marne\\\/\",\"https:\\\/\\\/www.youtube.com\\\/channel\\\/UCDdZ0TLrV8rfIqjBGvoeB5A\",\"https:\\\/\\\/www.tiktok.com\\\/@villedeneuillysurmarne\"]}]}<\/script>\n<!-- \/ Yoast SEO plugin. -->","yoast_head_json":{"title":"Cyberbase et m\u00e9diation num\u00e9rique - Mairie de Neuilly-sur-Marne","robots":{"index":"index","follow":"follow","max-snippet":"max-snippet:-1","max-image-preview":"max-image-preview:large","max-video-preview":"max-video-preview:-1"},"canonical":"https:\/\/www.neuillysurmarne.fr\/el\/cyberbase-et-mediation-numerique\/","og_locale":"el_GR","og_type":"article","og_title":"Cyberbase et m\u00e9diation num\u00e9rique - Mairie de Neuilly-sur-Marne","og_description":"Cyberbase La cyberbase est un espace num\u00e9rique ouvert au public. \u2022 Matin\u00e9es r\u00e9serv\u00e9es aux accueils de groupes et aux ateliers multim\u00e9dias, sur inscription\u2022 Acc\u00e8s libre\u00a0du mardi au samedi de 14h \u00e0 18h\u2022 Ferm\u00e9\u00a0le mercredi et samedi matin, le dimanche et lundi toute la journ\u00e9e M\u00e9diation num\u00e9rique Gr\u00e2ce \u00e0 la m\u00e9diation num\u00e9rique, une conseill\u00e8re vous accompagne [&hellip;]","og_url":"https:\/\/www.neuillysurmarne.fr\/el\/cyberbase-et-mediation-numerique\/","og_site_name":"Mairie de Neuilly-sur-Marne","article_publisher":"https:\/\/www.facebook.com\/ville.neuilly","article_modified_time":"2024-06-18T17:51:03+00:00","og_image":[{"width":2560,"height":1707,"url":"https:\/\/www.neuillysurmarne.fr\/wp-content\/uploads\/2024\/05\/AdobeStock_682634310-scaled.jpeg","type":"image\/jpeg"}],"twitter_card":"summary_large_image","twitter_misc":{"\u0395\u03ba\u03c4\u03b9\u03bc\u03ce\u03bc\u03b5\u03bd\u03bf\u03c2 \u03c7\u03c1\u03cc\u03bd\u03bf\u03c2 \u03b1\u03bd\u03ac\u03b3\u03bd\u03c9\u03c3\u03b7\u03c2":"1 \u03bb\u03b5\u03c0\u03c4\u03cc"},"schema":{"@context":"https:\/\/schema.org","@graph":[{"@type":"WebPage","@id":"https:\/\/www.neuillysurmarne.fr\/cyberbase-et-mediation-numerique\/","url":"https:\/\/www.neuillysurmarne.fr\/cyberbase-et-mediation-numerique\/","name":"Cyberbase et m\u00e9diation num\u00e9rique - Mairie de Neuilly-sur-Marne","isPartOf":{"@id":"https:\/\/www.neuillysurmarne.fr\/es\/#website"},"primaryImageOfPage":{"@id":"https:\/\/www.neuillysurmarne.fr\/cyberbase-et-mediation-numerique\/#primaryimage"},"image":{"@id":"https:\/\/www.neuillysurmarne.fr\/cyberbase-et-mediation-numerique\/#primaryimage"},"thumbnailUrl":"https:\/\/www.neuillysurmarne.fr\/wp-content\/uploads\/2024\/05\/AdobeStock_682634310-scaled.jpeg","datePublished":"2023-11-13T11:34:41+00:00","dateModified":"2024-06-18T17:51:03+00:00","breadcrumb":{"@id":"https:\/\/www.neuillysurmarne.fr\/cyberbase-et-mediation-numerique\/#breadcrumb"},"inLanguage":"el","potentialAction":[{"@type":"ReadAction","target":["https:\/\/www.neuillysurmarne.fr\/cyberbase-et-mediation-numerique\/"]}]},{"@type":"ImageObject","inLanguage":"el","@id":"https:\/\/www.neuillysurmarne.fr\/cyberbase-et-mediation-numerique\/#primaryimage","url":"https:\/\/www.neuillysurmarne.fr\/wp-content\/uploads\/2024\/05\/AdobeStock_682634310-scaled.jpeg","contentUrl":"https:\/\/www.neuillysurmarne.fr\/wp-content\/uploads\/2024\/05\/AdobeStock_682634310-scaled.jpeg","width":2560,"height":1707,"caption":"Abstract technology background. Network connection structure. Big data visualization. 3D rendering, Abstract digital background with binary code flowing through network interconnected, AI Generated"},{"@type":"BreadcrumbList","@id":"https:\/\/www.neuillysurmarne.fr\/cyberbase-et-mediation-numerique\/#breadcrumb","itemListElement":[{"@type":"ListItem","position":1,"name":"Accueil","item":"https:\/\/www.neuillysurmarne.fr\/"},{"@type":"ListItem","position":2,"name":"Cyberbase et m\u00e9diation num\u00e9rique"}]},{"@type":"WebSite","@id":"https:\/\/www.neuillysurmarne.fr\/es\/#website","url":"https:\/\/www.neuillysurmarne.fr\/es\/","name":"\u0394\u03b7\u03bc\u03b1\u03c1\u03c7\u03b5\u03af\u03bf Neuilly-sur-Marne","description":"BETA","publisher":{"@id":"https:\/\/www.neuillysurmarne.fr\/es\/#organization"},"potentialAction":[{"@type":"SearchAction","target":{"@type":"EntryPoint","urlTemplate":"https:\/\/www.neuillysurmarne.fr\/es\/?s={search_term_string}"},"query-input":{"@type":"PropertyValueSpecification","valueRequired":true,"valueName":"search_term_string"}}],"inLanguage":"el"},{"@type":"Organization","@id":"https:\/\/www.neuillysurmarne.fr\/es\/#organization","name":"\u0394\u03b7\u03bc\u03b1\u03c1\u03c7\u03b5\u03af\u03bf Neuilly-sur-Marne","url":"https:\/\/www.neuillysurmarne.fr\/es\/","logo":{"@type":"ImageObject","inLanguage":"el","@id":"https:\/\/www.neuillysurmarne.fr\/es\/#\/schema\/logo\/image\/","url":"https:\/\/www.neuillysurmarne.fr\/wp-content\/uploads\/2023\/10\/LOGO-NeuillysurMarne-blanc.png","contentUrl":"https:\/\/www.neuillysurmarne.fr\/wp-content\/uploads\/2023\/10\/LOGO-NeuillysurMarne-blanc.png","width":3308,"height":2586,"caption":"Mairie de Neuilly-sur-Marne"},"image":{"@id":"https:\/\/www.neuillysurmarne.fr\/es\/#\/schema\/logo\/image\/"},"sameAs":["https:\/\/www.facebook.com\/ville.neuilly","https:\/\/www.instagram.com\/neuilly_marne\/","https:\/\/www.linkedin.com\/company\/ville-de-neuilly-sur-marne\/","https:\/\/www.youtube.com\/channel\/UCDdZ0TLrV8rfIqjBGvoeB5A","https:\/\/www.tiktok.com\/@villedeneuillysurmarne"]}]}},"_links":{"self":[{"href":"https:\/\/www.neuillysurmarne.fr\/el\/wp-json\/wp\/v2\/pages\/588","targetHints":{"allow":["GET"]}}],"collection":[{"href":"https:\/\/www.neuillysurmarne.fr\/el\/wp-json\/wp\/v2\/pages"}],"about":[{"href":"https:\/\/www.neuillysurmarne.fr\/el\/wp-json\/wp\/v2\/types\/page"}],"author":[{"embeddable":true,"href":"https:\/\/www.neuillysurmarne.fr\/el\/wp-json\/wp\/v2\/users\/1"}],"replies":[{"embeddable":true,"href":"https:\/\/www.neuillysurmarne.fr\/el\/wp-json\/wp\/v2\/comments?post=588"}],"version-history":[{"count":28,"href":"https:\/\/www.neuillysurmarne.fr\/el\/wp-json\/wp\/v2\/pages\/588\/revisions"}],"predecessor-version":[{"id":9738,"href":"https:\/\/www.neuillysurmarne.fr\/el\/wp-json\/wp\/v2\/pages\/588\/revisions\/9738"}],"wp:featuredmedia":[{"embeddable":true,"href":"https:\/\/www.neuillysurmarne.fr\/el\/wp-json\/wp\/v2\/media\/7049"}],"wp:attachment":[{"href":"https:\/\/www.neuillysurmarne.fr\/el\/wp-json\/wp\/v2\/media?parent=588"}],"curies":[{"name":"wp","href":"https:\/\/api.w.org\/{rel}","templated":true}]}}