{"id":1086,"date":"2023-11-17T16:56:41","date_gmt":"2023-11-17T15:56:41","guid":{"rendered":"https:\/\/www.neuillysurmarne.fr\/?page_id=1086"},"modified":"2024-03-01T15:35:03","modified_gmt":"2024-03-01T14:35:03","slug":"ecole-maternelle-louis-pasteur","status":"publish","type":"page","link":"https:\/\/www.neuillysurmarne.fr\/en\/ecole-maternelle-louis-pasteur\/","title":{"rendered":"Louis Pasteur nursery school"},"content":{"rendered":"<div class=\"content-header-wrap\">\n<div class=\"informations\">\n<div class=\"postalAddress\">\n<div>\n<h2>Presentation<\/h2>\n<\/div>\n<div class=\"destinataire\">\u00c9cole maternelle Louis Pasteur,<\/div>\n<div class=\"streetAddress\">4 rue Abel Tuffier,<\/div>\n<p><a class=\"postal-address-link\" title=\"Open the address in Google Maps\" href=\"https:\/\/maps.google.fr\/?q=%C3%89cole+maternelle+Louis+Pasteur%2C+4+rue+Abel+Tuffier%2C+93330+Neuilly-sur-Marne\" target=\"_blank\" rel=\"noopener\"><span class=\"postalCode\">93330<\/span>\u00a0<span class=\"addressLocality\">Neuilly-sur-Marne<\/span><\/a><\/p>\n<\/div>\n<p><span class=\"telephone\">01 43 08 28 85<\/span><br \/>\n<a class=\"email\" href=\"mailto:ce.0930986s@ac-creteil.fr\">ce.0930986s@ac-creteil.fr<\/a><\/p>\n<div class=\"person\"><span class=\"honorificPrefix\">M.<\/span>\u00a0<span class=\"familyName\">ERBANI<\/span><\/div>\n<\/div>\n<\/div>\n<p><strong>Morning and evening care\u00a0<\/strong>:<\/p>\n<p>After-school care is available from 7.00am to 8.20am and from 4.30pm to 6.45pm. The children are looked after by a team of municipal entertainers. Evening care includes a snack provided by our central kitchen.<\/p>\n<p><strong>School catering<\/strong>\u00a0:<\/p>\n<p>School meals are available from 11.30am to 1.30pm. Children are looked after by a team of municipal entertainers and by the ATSEM staff.<\/p>\n<h2>Capacity<\/h2>\n<p>Nombre d\u2019\u00e9l\u00e8ves\u00a0: 286<br \/>\nNumber of classes: 11<br \/>\nAverage number of pupils per class: 26<\/p>","protected":false},"excerpt":{"rendered":"<p>Pr\u00e9sentation \u00c9cole maternelle Louis Pasteur, 4 rue Abel Tuffier, 93330\u00a0Neuilly-sur-Marne 01 43 08 28 85 ce.0930986s@ac-creteil.fr M.\u00a0ERBANI Accueil du matin\u00a0et du soir\u00a0: L\u2019accueil p\u00e9riscolaire est propos\u00e9 de 7h00 \u00e0 8h20 et de 16h30 \u00e0 18h45. Les enfants sont pris en charge par une \u00e9quipe d\u2019animation municipale. L\u2019accueil du soir comprend le go\u00fbter qui est fourni [&hellip;]<\/p>\n","protected":false},"author":1,"featured_media":0,"parent":0,"menu_order":0,"comment_status":"closed","ping_status":"closed","template":"","meta":{"_acf_changed":false,"footnotes":""},"class_list":["post-1086","page","type-page","status-publish","hentry"],"acf":[],"yoast_head":"<!-- This site is optimized with the Yoast SEO plugin v27.5 - https:\/\/yoast.com\/product\/yoast-seo-wordpress\/ -->\n<title>\u00c9cole maternelle Louis Pasteur - Mairie de Neuilly-sur-Marne<\/title>\n<meta name=\"robots\" content=\"index, follow, max-snippet:-1, max-image-preview:large, max-video-preview:-1\" \/>\n<link rel=\"canonical\" href=\"https:\/\/www.neuillysurmarne.fr\/en\/ecole-maternelle-louis-pasteur\/\" \/>\n<meta property=\"og:locale\" content=\"en_GB\" \/>\n<meta property=\"og:type\" content=\"article\" \/>\n<meta property=\"og:title\" content=\"\u00c9cole maternelle Louis Pasteur - Mairie de Neuilly-sur-Marne\" \/>\n<meta property=\"og:description\" content=\"Pr\u00e9sentation \u00c9cole maternelle Louis Pasteur, 4 rue Abel Tuffier, 93330\u00a0Neuilly-sur-Marne 01 43 08 28 85 ce.0930986s@ac-creteil.fr M.\u00a0ERBANI Accueil du matin\u00a0et du soir\u00a0: L\u2019accueil p\u00e9riscolaire est propos\u00e9 de 7h00 \u00e0 8h20 et de 16h30 \u00e0 18h45. Les enfants sont pris en charge par une \u00e9quipe d\u2019animation municipale. L\u2019accueil du soir comprend le go\u00fbter qui est fourni [&hellip;]\" \/>\n<meta property=\"og:url\" content=\"https:\/\/www.neuillysurmarne.fr\/en\/ecole-maternelle-louis-pasteur\/\" \/>\n<meta property=\"og:site_name\" content=\"Mairie de Neuilly-sur-Marne\" \/>\n<meta property=\"article:publisher\" content=\"https:\/\/www.facebook.com\/ville.neuilly\" \/>\n<meta property=\"article:modified_time\" content=\"2024-03-01T14:35:03+00:00\" \/>\n<meta name=\"twitter:card\" content=\"summary_large_image\" \/>\n<meta name=\"twitter:label1\" content=\"Estimated reading time\" \/>\n\t<meta name=\"twitter:data1\" content=\"1 minute\" \/>\n<script type=\"application\/ld+json\" class=\"yoast-schema-graph\">{\"@context\":\"https:\\\/\\\/schema.org\",\"@graph\":[{\"@type\":\"WebPage\",\"@id\":\"https:\\\/\\\/www.neuillysurmarne.fr\\\/ecole-maternelle-louis-pasteur\\\/\",\"url\":\"https:\\\/\\\/www.neuillysurmarne.fr\\\/ecole-maternelle-louis-pasteur\\\/\",\"name\":\"\u00c9cole maternelle Louis Pasteur - Mairie de Neuilly-sur-Marne\",\"isPartOf\":{\"@id\":\"https:\\\/\\\/www.neuillysurmarne.fr\\\/es\\\/#website\"},\"datePublished\":\"2023-11-17T15:56:41+00:00\",\"dateModified\":\"2024-03-01T14:35:03+00:00\",\"breadcrumb\":{\"@id\":\"https:\\\/\\\/www.neuillysurmarne.fr\\\/ecole-maternelle-louis-pasteur\\\/#breadcrumb\"},\"inLanguage\":\"en-GB\",\"potentialAction\":[{\"@type\":\"ReadAction\",\"target\":[\"https:\\\/\\\/www.neuillysurmarne.fr\\\/ecole-maternelle-louis-pasteur\\\/\"]}]},{\"@type\":\"BreadcrumbList\",\"@id\":\"https:\\\/\\\/www.neuillysurmarne.fr\\\/ecole-maternelle-louis-pasteur\\\/#breadcrumb\",\"itemListElement\":[{\"@type\":\"ListItem\",\"position\":1,\"name\":\"Accueil\",\"item\":\"https:\\\/\\\/www.neuillysurmarne.fr\\\/\"},{\"@type\":\"ListItem\",\"position\":2,\"name\":\"\u00c9cole maternelle Louis Pasteur\"}]},{\"@type\":\"WebSite\",\"@id\":\"https:\\\/\\\/www.neuillysurmarne.fr\\\/es\\\/#website\",\"url\":\"https:\\\/\\\/www.neuillysurmarne.fr\\\/es\\\/\",\"name\":\"Mairie de Neuilly-sur-Marne\",\"description\":\"BETA\",\"publisher\":{\"@id\":\"https:\\\/\\\/www.neuillysurmarne.fr\\\/es\\\/#organization\"},\"potentialAction\":[{\"@type\":\"SearchAction\",\"target\":{\"@type\":\"EntryPoint\",\"urlTemplate\":\"https:\\\/\\\/www.neuillysurmarne.fr\\\/es\\\/?s={search_term_string}\"},\"query-input\":{\"@type\":\"PropertyValueSpecification\",\"valueRequired\":true,\"valueName\":\"search_term_string\"}}],\"inLanguage\":\"en-GB\"},{\"@type\":\"Organization\",\"@id\":\"https:\\\/\\\/www.neuillysurmarne.fr\\\/es\\\/#organization\",\"name\":\"Mairie de Neuilly-sur-Marne\",\"url\":\"https:\\\/\\\/www.neuillysurmarne.fr\\\/es\\\/\",\"logo\":{\"@type\":\"ImageObject\",\"inLanguage\":\"en-GB\",\"@id\":\"https:\\\/\\\/www.neuillysurmarne.fr\\\/es\\\/#\\\/schema\\\/logo\\\/image\\\/\",\"url\":\"https:\\\/\\\/www.neuillysurmarne.fr\\\/wp-content\\\/uploads\\\/2023\\\/10\\\/LOGO-NeuillysurMarne-blanc.png\",\"contentUrl\":\"https:\\\/\\\/www.neuillysurmarne.fr\\\/wp-content\\\/uploads\\\/2023\\\/10\\\/LOGO-NeuillysurMarne-blanc.png\",\"width\":3308,\"height\":2586,\"caption\":\"Mairie de Neuilly-sur-Marne\"},\"image\":{\"@id\":\"https:\\\/\\\/www.neuillysurmarne.fr\\\/es\\\/#\\\/schema\\\/logo\\\/image\\\/\"},\"sameAs\":[\"https:\\\/\\\/www.facebook.com\\\/ville.neuilly\",\"https:\\\/\\\/www.instagram.com\\\/neuilly_marne\\\/\",\"https:\\\/\\\/www.linkedin.com\\\/company\\\/ville-de-neuilly-sur-marne\\\/\",\"https:\\\/\\\/www.youtube.com\\\/channel\\\/UCDdZ0TLrV8rfIqjBGvoeB5A\",\"https:\\\/\\\/www.tiktok.com\\\/@villedeneuillysurmarne\"]}]}<\/script>\n<!-- \/ Yoast SEO plugin. -->","yoast_head_json":{"title":"\u00c9cole maternelle Louis Pasteur - Mairie de Neuilly-sur-Marne","robots":{"index":"index","follow":"follow","max-snippet":"max-snippet:-1","max-image-preview":"max-image-preview:large","max-video-preview":"max-video-preview:-1"},"canonical":"https:\/\/www.neuillysurmarne.fr\/en\/ecole-maternelle-louis-pasteur\/","og_locale":"en_GB","og_type":"article","og_title":"\u00c9cole maternelle Louis Pasteur - Mairie de Neuilly-sur-Marne","og_description":"Pr\u00e9sentation \u00c9cole maternelle Louis Pasteur, 4 rue Abel Tuffier, 93330\u00a0Neuilly-sur-Marne 01 43 08 28 85 ce.0930986s@ac-creteil.fr M.\u00a0ERBANI Accueil du matin\u00a0et du soir\u00a0: L\u2019accueil p\u00e9riscolaire est propos\u00e9 de 7h00 \u00e0 8h20 et de 16h30 \u00e0 18h45. Les enfants sont pris en charge par une \u00e9quipe d\u2019animation municipale. L\u2019accueil du soir comprend le go\u00fbter qui est fourni [&hellip;]","og_url":"https:\/\/www.neuillysurmarne.fr\/en\/ecole-maternelle-louis-pasteur\/","og_site_name":"Mairie de Neuilly-sur-Marne","article_publisher":"https:\/\/www.facebook.com\/ville.neuilly","article_modified_time":"2024-03-01T14:35:03+00:00","twitter_card":"summary_large_image","twitter_misc":{"Estimated reading time":"1 minute"},"schema":{"@context":"https:\/\/schema.org","@graph":[{"@type":"WebPage","@id":"https:\/\/www.neuillysurmarne.fr\/ecole-maternelle-louis-pasteur\/","url":"https:\/\/www.neuillysurmarne.fr\/ecole-maternelle-louis-pasteur\/","name":"\u00c9cole maternelle Louis Pasteur - Mairie de Neuilly-sur-Marne","isPartOf":{"@id":"https:\/\/www.neuillysurmarne.fr\/es\/#website"},"datePublished":"2023-11-17T15:56:41+00:00","dateModified":"2024-03-01T14:35:03+00:00","breadcrumb":{"@id":"https:\/\/www.neuillysurmarne.fr\/ecole-maternelle-louis-pasteur\/#breadcrumb"},"inLanguage":"en-GB","potentialAction":[{"@type":"ReadAction","target":["https:\/\/www.neuillysurmarne.fr\/ecole-maternelle-louis-pasteur\/"]}]},{"@type":"BreadcrumbList","@id":"https:\/\/www.neuillysurmarne.fr\/ecole-maternelle-louis-pasteur\/#breadcrumb","itemListElement":[{"@type":"ListItem","position":1,"name":"Accueil","item":"https:\/\/www.neuillysurmarne.fr\/"},{"@type":"ListItem","position":2,"name":"\u00c9cole maternelle Louis Pasteur"}]},{"@type":"WebSite","@id":"https:\/\/www.neuillysurmarne.fr\/es\/#website","url":"https:\/\/www.neuillysurmarne.fr\/es\/","name":"Neuilly-sur-Marne Town Hall","description":"BETA","publisher":{"@id":"https:\/\/www.neuillysurmarne.fr\/es\/#organization"},"potentialAction":[{"@type":"SearchAction","target":{"@type":"EntryPoint","urlTemplate":"https:\/\/www.neuillysurmarne.fr\/es\/?s={search_term_string}"},"query-input":{"@type":"PropertyValueSpecification","valueRequired":true,"valueName":"search_term_string"}}],"inLanguage":"en-GB"},{"@type":"Organization","@id":"https:\/\/www.neuillysurmarne.fr\/es\/#organization","name":"Neuilly-sur-Marne Town Hall","url":"https:\/\/www.neuillysurmarne.fr\/es\/","logo":{"@type":"ImageObject","inLanguage":"en-GB","@id":"https:\/\/www.neuillysurmarne.fr\/es\/#\/schema\/logo\/image\/","url":"https:\/\/www.neuillysurmarne.fr\/wp-content\/uploads\/2023\/10\/LOGO-NeuillysurMarne-blanc.png","contentUrl":"https:\/\/www.neuillysurmarne.fr\/wp-content\/uploads\/2023\/10\/LOGO-NeuillysurMarne-blanc.png","width":3308,"height":2586,"caption":"Mairie de Neuilly-sur-Marne"},"image":{"@id":"https:\/\/www.neuillysurmarne.fr\/es\/#\/schema\/logo\/image\/"},"sameAs":["https:\/\/www.facebook.com\/ville.neuilly","https:\/\/www.instagram.com\/neuilly_marne\/","https:\/\/www.linkedin.com\/company\/ville-de-neuilly-sur-marne\/","https:\/\/www.youtube.com\/channel\/UCDdZ0TLrV8rfIqjBGvoeB5A","https:\/\/www.tiktok.com\/@villedeneuillysurmarne"]}]}},"_links":{"self":[{"href":"https:\/\/www.neuillysurmarne.fr\/en\/wp-json\/wp\/v2\/pages\/1086","targetHints":{"allow":["GET"]}}],"collection":[{"href":"https:\/\/www.neuillysurmarne.fr\/en\/wp-json\/wp\/v2\/pages"}],"about":[{"href":"https:\/\/www.neuillysurmarne.fr\/en\/wp-json\/wp\/v2\/types\/page"}],"author":[{"embeddable":true,"href":"https:\/\/www.neuillysurmarne.fr\/en\/wp-json\/wp\/v2\/users\/1"}],"replies":[{"embeddable":true,"href":"https:\/\/www.neuillysurmarne.fr\/en\/wp-json\/wp\/v2\/comments?post=1086"}],"version-history":[{"count":3,"href":"https:\/\/www.neuillysurmarne.fr\/en\/wp-json\/wp\/v2\/pages\/1086\/revisions"}],"predecessor-version":[{"id":5250,"href":"https:\/\/www.neuillysurmarne.fr\/en\/wp-json\/wp\/v2\/pages\/1086\/revisions\/5250"}],"wp:attachment":[{"href":"https:\/\/www.neuillysurmarne.fr\/en\/wp-json\/wp\/v2\/media?parent=1086"}],"curies":[{"name":"wp","href":"https:\/\/api.w.org\/{rel}","templated":true}]}}