{"id":1043,"date":"2023-11-17T16:49:39","date_gmt":"2023-11-17T15:49:39","guid":{"rendered":"https:\/\/www.neuillysurmarne.fr\/?page_id=1043"},"modified":"2024-03-01T15:32:42","modified_gmt":"2024-03-01T14:32:42","slug":"ecole-elementaire-jean-jaures","status":"publish","type":"page","link":"https:\/\/www.neuillysurmarne.fr\/es\/ecole-elementaire-jean-jaures\/","title":{"rendered":"Escuelas primarias Jean Jaur\u00e8s"},"content":{"rendered":"<div class=\"content-header-wrap no-thumbnail\">\n<div class=\"informations\">\n<div class=\"postalAddress\">\n<div>\n<h2>Presentaci\u00f3n<\/h2>\n<\/div>\n<div class=\"destinataire\">Escuelas primarias Jean Jaur\u00e8s,<\/div>\n<div class=\"streetAddress\">48 av de Maison Blanche,<\/div>\n<p><a class=\"postal-address-link\" title=\"Abrir la direcci\u00f3n en Google Maps\" href=\"https:\/\/maps.google.fr\/?q=%C3%89cole+%C3%A9l%C3%A9mentaire+Jean+Jaur%C3%A8s%2C+48+av+de+Maison+Blanche%2C+93330+Neuilly-sur-Marne\" target=\"_blank\" rel=\"noopener\"><span class=\"postalCode\">93330<\/span>\u00a0<span class=\"addressLocality\">Neuilly-sur-Marne<\/span><\/a><\/p>\n<\/div>\n<p><span class=\"telephone\">01 43 09 11 89<\/span><br \/>\n<a class=\"email\" href=\"mailto:ce.0930648z@ac-creteil.fr\">ce.0930648z@ac-creteil.fr<\/a><\/p>\n<div class=\"person\"><span class=\"honorificPrefix\">Sra.<\/span>\u00a0<span class=\"familyName\">CARREIRA<\/span><\/div>\n<\/div>\n<\/div>\n<p><strong>Comidas escolares :<\/strong><\/p>\n<p>Las comidas escolares se ofrecen de 11.30 a 13.30 horas. Los ni\u00f1os son atendidos por un equipo de personal municipal. Una carta del comedor escolar detalla el funcionamiento de la actividad y las normas que deben respetarse.<\/p>\n<p><strong>Estudio:<\/strong><br \/>\nEl periodo de estudio va de 16.30 a 18.00 horas. Se organiza un tiempo de descanso y merienda (las familias deben proporcionar la merienda) hasta las 17.00 horas. De 17.00 a 18.00, un periodo de estudio supervisado permite a los ni\u00f1os trabajar en sus lecciones.<\/p>\n<h2>Capacidad<\/h2>\n<p>N\u00famero de alumnos: 173<br \/>\nN\u00famero de clases: 7<br \/>\nN\u00famero medio de alumnos por clase: 24<\/p>","protected":false},"excerpt":{"rendered":"<p>Pr\u00e9sentation \u00c9cole \u00e9l\u00e9mentaire Jean Jaur\u00e8s, 48 av de Maison Blanche, 93330\u00a0Neuilly-sur-Marne 01 43 09 11 89 ce.0930648z@ac-creteil.fr Mme\u00a0CARREIRA Restauration scolaire : L\u2019accueil \u00e0 la restauration scolaire est propos\u00e9e de 11h30 \u00e0 13h30. Les enfants sont pris en charge par une \u00e9quipe d\u2019animation municipale. Une charte de la restauration scolaire d\u00e9taille le fonctionnement de l\u2019activit\u00e9 et [&hellip;]<\/p>\n","protected":false},"author":1,"featured_media":0,"parent":0,"menu_order":0,"comment_status":"closed","ping_status":"closed","template":"","meta":{"_acf_changed":false,"footnotes":""},"class_list":["post-1043","page","type-page","status-publish","hentry"],"acf":[],"yoast_head":"<!-- This site is optimized with the Yoast SEO plugin v27.6 - https:\/\/yoast.com\/product\/yoast-seo-wordpress\/ -->\n<title>\u00c9cole \u00e9l\u00e9mentaire Jean Jaur\u00e8s - Mairie de Neuilly-sur-Marne<\/title>\n<meta name=\"robots\" content=\"index, follow, max-snippet:-1, max-image-preview:large, max-video-preview:-1\" \/>\n<link rel=\"canonical\" href=\"https:\/\/www.neuillysurmarne.fr\/es\/ecole-elementaire-jean-jaures\/\" \/>\n<meta property=\"og:locale\" content=\"es_ES\" \/>\n<meta property=\"og:type\" content=\"article\" \/>\n<meta property=\"og:title\" content=\"\u00c9cole \u00e9l\u00e9mentaire Jean Jaur\u00e8s - Mairie de Neuilly-sur-Marne\" \/>\n<meta property=\"og:description\" content=\"Pr\u00e9sentation \u00c9cole \u00e9l\u00e9mentaire Jean Jaur\u00e8s, 48 av de Maison Blanche, 93330\u00a0Neuilly-sur-Marne 01 43 09 11 89 ce.0930648z@ac-creteil.fr Mme\u00a0CARREIRA Restauration scolaire : L\u2019accueil \u00e0 la restauration scolaire est propos\u00e9e de 11h30 \u00e0 13h30. Les enfants sont pris en charge par une \u00e9quipe d\u2019animation municipale. Une charte de la restauration scolaire d\u00e9taille le fonctionnement de l\u2019activit\u00e9 et [&hellip;]\" \/>\n<meta property=\"og:url\" content=\"https:\/\/www.neuillysurmarne.fr\/es\/ecole-elementaire-jean-jaures\/\" \/>\n<meta property=\"og:site_name\" content=\"Mairie de Neuilly-sur-Marne\" \/>\n<meta property=\"article:publisher\" content=\"https:\/\/www.facebook.com\/ville.neuilly\" \/>\n<meta property=\"article:modified_time\" content=\"2024-03-01T14:32:42+00:00\" \/>\n<meta name=\"twitter:card\" content=\"summary_large_image\" \/>\n<meta name=\"twitter:label1\" content=\"Tiempo de lectura\" \/>\n\t<meta name=\"twitter:data1\" content=\"1 minuto\" \/>\n<script type=\"application\/ld+json\" class=\"yoast-schema-graph\">{\"@context\":\"https:\\\/\\\/schema.org\",\"@graph\":[{\"@type\":\"WebPage\",\"@id\":\"https:\\\/\\\/www.neuillysurmarne.fr\\\/ecole-elementaire-jean-jaures\\\/\",\"url\":\"https:\\\/\\\/www.neuillysurmarne.fr\\\/ecole-elementaire-jean-jaures\\\/\",\"name\":\"\u00c9cole \u00e9l\u00e9mentaire Jean Jaur\u00e8s - Mairie de Neuilly-sur-Marne\",\"isPartOf\":{\"@id\":\"https:\\\/\\\/www.neuillysurmarne.fr\\\/es\\\/#website\"},\"datePublished\":\"2023-11-17T15:49:39+00:00\",\"dateModified\":\"2024-03-01T14:32:42+00:00\",\"breadcrumb\":{\"@id\":\"https:\\\/\\\/www.neuillysurmarne.fr\\\/ecole-elementaire-jean-jaures\\\/#breadcrumb\"},\"inLanguage\":\"es\",\"potentialAction\":[{\"@type\":\"ReadAction\",\"target\":[\"https:\\\/\\\/www.neuillysurmarne.fr\\\/ecole-elementaire-jean-jaures\\\/\"]}]},{\"@type\":\"BreadcrumbList\",\"@id\":\"https:\\\/\\\/www.neuillysurmarne.fr\\\/ecole-elementaire-jean-jaures\\\/#breadcrumb\",\"itemListElement\":[{\"@type\":\"ListItem\",\"position\":1,\"name\":\"Accueil\",\"item\":\"https:\\\/\\\/www.neuillysurmarne.fr\\\/\"},{\"@type\":\"ListItem\",\"position\":2,\"name\":\"\u00c9cole \u00e9l\u00e9mentaire Jean Jaur\u00e8s\"}]},{\"@type\":\"WebSite\",\"@id\":\"https:\\\/\\\/www.neuillysurmarne.fr\\\/es\\\/#website\",\"url\":\"https:\\\/\\\/www.neuillysurmarne.fr\\\/es\\\/\",\"name\":\"Mairie de Neuilly-sur-Marne\",\"description\":\"BETA\",\"publisher\":{\"@id\":\"https:\\\/\\\/www.neuillysurmarne.fr\\\/es\\\/#organization\"},\"potentialAction\":[{\"@type\":\"SearchAction\",\"target\":{\"@type\":\"EntryPoint\",\"urlTemplate\":\"https:\\\/\\\/www.neuillysurmarne.fr\\\/es\\\/?s={search_term_string}\"},\"query-input\":{\"@type\":\"PropertyValueSpecification\",\"valueRequired\":true,\"valueName\":\"search_term_string\"}}],\"inLanguage\":\"es\"},{\"@type\":\"Organization\",\"@id\":\"https:\\\/\\\/www.neuillysurmarne.fr\\\/es\\\/#organization\",\"name\":\"Mairie de Neuilly-sur-Marne\",\"url\":\"https:\\\/\\\/www.neuillysurmarne.fr\\\/es\\\/\",\"logo\":{\"@type\":\"ImageObject\",\"inLanguage\":\"es\",\"@id\":\"https:\\\/\\\/www.neuillysurmarne.fr\\\/es\\\/#\\\/schema\\\/logo\\\/image\\\/\",\"url\":\"https:\\\/\\\/www.neuillysurmarne.fr\\\/wp-content\\\/uploads\\\/2023\\\/10\\\/LOGO-NeuillysurMarne-blanc.png\",\"contentUrl\":\"https:\\\/\\\/www.neuillysurmarne.fr\\\/wp-content\\\/uploads\\\/2023\\\/10\\\/LOGO-NeuillysurMarne-blanc.png\",\"width\":3308,\"height\":2586,\"caption\":\"Mairie de Neuilly-sur-Marne\"},\"image\":{\"@id\":\"https:\\\/\\\/www.neuillysurmarne.fr\\\/es\\\/#\\\/schema\\\/logo\\\/image\\\/\"},\"sameAs\":[\"https:\\\/\\\/www.facebook.com\\\/ville.neuilly\",\"https:\\\/\\\/www.instagram.com\\\/neuilly_marne\\\/\",\"https:\\\/\\\/www.linkedin.com\\\/company\\\/ville-de-neuilly-sur-marne\\\/\",\"https:\\\/\\\/www.youtube.com\\\/channel\\\/UCDdZ0TLrV8rfIqjBGvoeB5A\",\"https:\\\/\\\/www.tiktok.com\\\/@villedeneuillysurmarne\"]}]}<\/script>\n<!-- \/ Yoast SEO plugin. -->","yoast_head_json":{"title":"\u00c9cole \u00e9l\u00e9mentaire Jean Jaur\u00e8s - Mairie de Neuilly-sur-Marne","robots":{"index":"index","follow":"follow","max-snippet":"max-snippet:-1","max-image-preview":"max-image-preview:large","max-video-preview":"max-video-preview:-1"},"canonical":"https:\/\/www.neuillysurmarne.fr\/es\/ecole-elementaire-jean-jaures\/","og_locale":"es_ES","og_type":"article","og_title":"\u00c9cole \u00e9l\u00e9mentaire Jean Jaur\u00e8s - Mairie de Neuilly-sur-Marne","og_description":"Pr\u00e9sentation \u00c9cole \u00e9l\u00e9mentaire Jean Jaur\u00e8s, 48 av de Maison Blanche, 93330\u00a0Neuilly-sur-Marne 01 43 09 11 89 ce.0930648z@ac-creteil.fr Mme\u00a0CARREIRA Restauration scolaire : L\u2019accueil \u00e0 la restauration scolaire est propos\u00e9e de 11h30 \u00e0 13h30. Les enfants sont pris en charge par une \u00e9quipe d\u2019animation municipale. Une charte de la restauration scolaire d\u00e9taille le fonctionnement de l\u2019activit\u00e9 et [&hellip;]","og_url":"https:\/\/www.neuillysurmarne.fr\/es\/ecole-elementaire-jean-jaures\/","og_site_name":"Mairie de Neuilly-sur-Marne","article_publisher":"https:\/\/www.facebook.com\/ville.neuilly","article_modified_time":"2024-03-01T14:32:42+00:00","twitter_card":"summary_large_image","twitter_misc":{"Tiempo de lectura":"1 minuto"},"schema":{"@context":"https:\/\/schema.org","@graph":[{"@type":"WebPage","@id":"https:\/\/www.neuillysurmarne.fr\/ecole-elementaire-jean-jaures\/","url":"https:\/\/www.neuillysurmarne.fr\/ecole-elementaire-jean-jaures\/","name":"\u00c9cole \u00e9l\u00e9mentaire Jean Jaur\u00e8s - Mairie de Neuilly-sur-Marne","isPartOf":{"@id":"https:\/\/www.neuillysurmarne.fr\/es\/#website"},"datePublished":"2023-11-17T15:49:39+00:00","dateModified":"2024-03-01T14:32:42+00:00","breadcrumb":{"@id":"https:\/\/www.neuillysurmarne.fr\/ecole-elementaire-jean-jaures\/#breadcrumb"},"inLanguage":"es","potentialAction":[{"@type":"ReadAction","target":["https:\/\/www.neuillysurmarne.fr\/ecole-elementaire-jean-jaures\/"]}]},{"@type":"BreadcrumbList","@id":"https:\/\/www.neuillysurmarne.fr\/ecole-elementaire-jean-jaures\/#breadcrumb","itemListElement":[{"@type":"ListItem","position":1,"name":"Accueil","item":"https:\/\/www.neuillysurmarne.fr\/"},{"@type":"ListItem","position":2,"name":"\u00c9cole \u00e9l\u00e9mentaire Jean Jaur\u00e8s"}]},{"@type":"WebSite","@id":"https:\/\/www.neuillysurmarne.fr\/es\/#website","url":"https:\/\/www.neuillysurmarne.fr\/es\/","name":"Ayuntamiento de Neuilly-sur-Marne","description":"BETA","publisher":{"@id":"https:\/\/www.neuillysurmarne.fr\/es\/#organization"},"potentialAction":[{"@type":"SearchAction","target":{"@type":"EntryPoint","urlTemplate":"https:\/\/www.neuillysurmarne.fr\/es\/?s={search_term_string}"},"query-input":{"@type":"PropertyValueSpecification","valueRequired":true,"valueName":"search_term_string"}}],"inLanguage":"es"},{"@type":"Organization","@id":"https:\/\/www.neuillysurmarne.fr\/es\/#organization","name":"Ayuntamiento de Neuilly-sur-Marne","url":"https:\/\/www.neuillysurmarne.fr\/es\/","logo":{"@type":"ImageObject","inLanguage":"es","@id":"https:\/\/www.neuillysurmarne.fr\/es\/#\/schema\/logo\/image\/","url":"https:\/\/www.neuillysurmarne.fr\/wp-content\/uploads\/2023\/10\/LOGO-NeuillysurMarne-blanc.png","contentUrl":"https:\/\/www.neuillysurmarne.fr\/wp-content\/uploads\/2023\/10\/LOGO-NeuillysurMarne-blanc.png","width":3308,"height":2586,"caption":"Mairie de Neuilly-sur-Marne"},"image":{"@id":"https:\/\/www.neuillysurmarne.fr\/es\/#\/schema\/logo\/image\/"},"sameAs":["https:\/\/www.facebook.com\/ville.neuilly","https:\/\/www.instagram.com\/neuilly_marne\/","https:\/\/www.linkedin.com\/company\/ville-de-neuilly-sur-marne\/","https:\/\/www.youtube.com\/channel\/UCDdZ0TLrV8rfIqjBGvoeB5A","https:\/\/www.tiktok.com\/@villedeneuillysurmarne"]}]}},"_links":{"self":[{"href":"https:\/\/www.neuillysurmarne.fr\/es\/wp-json\/wp\/v2\/pages\/1043","targetHints":{"allow":["GET"]}}],"collection":[{"href":"https:\/\/www.neuillysurmarne.fr\/es\/wp-json\/wp\/v2\/pages"}],"about":[{"href":"https:\/\/www.neuillysurmarne.fr\/es\/wp-json\/wp\/v2\/types\/page"}],"author":[{"embeddable":true,"href":"https:\/\/www.neuillysurmarne.fr\/es\/wp-json\/wp\/v2\/users\/1"}],"replies":[{"embeddable":true,"href":"https:\/\/www.neuillysurmarne.fr\/es\/wp-json\/wp\/v2\/comments?post=1043"}],"version-history":[{"count":3,"href":"https:\/\/www.neuillysurmarne.fr\/es\/wp-json\/wp\/v2\/pages\/1043\/revisions"}],"predecessor-version":[{"id":5229,"href":"https:\/\/www.neuillysurmarne.fr\/es\/wp-json\/wp\/v2\/pages\/1043\/revisions\/5229"}],"wp:attachment":[{"href":"https:\/\/www.neuillysurmarne.fr\/es\/wp-json\/wp\/v2\/media?parent=1043"}],"curies":[{"name":"wp","href":"https:\/\/api.w.org\/{rel}","templated":true}]}}