{"id":699,"date":"2023-11-13T14:57:16","date_gmt":"2023-11-13T13:57:16","guid":{"rendered":"https:\/\/www.neuillysurmarne.fr\/?page_id=699"},"modified":"2025-02-27T15:50:51","modified_gmt":"2025-02-27T14:50:51","slug":"neuilly-retraite","status":"publish","type":"page","link":"https:\/\/www.neuillysurmarne.fr\/es\/neuilly-retraite\/","title":{"rendered":"Jubilaci\u00f3n en Neuilly"},"content":{"rendered":"<div data-elementor-type=\"wp-page\" data-elementor-id=\"699\" class=\"elementor elementor-699\" data-elementor-post-type=\"page\">\n\t\t\t\t<div class=\"elementor-element elementor-element-7ee08ed9 e-flex e-con-boxed e-con e-parent\" data-id=\"7ee08ed9\" data-element_type=\"container\" data-e-type=\"container\">\n\t\t\t\t\t<div class=\"e-con-inner\">\n\t\t<div class=\"elementor-element elementor-element-2e3f739 e-flex e-con-boxed e-con e-child\" data-id=\"2e3f739\" data-element_type=\"container\" data-e-type=\"container\">\n\t\t\t\t\t<div class=\"e-con-inner\">\n\t\t\t\t<div class=\"elementor-element elementor-element-22e4869 elementor-widget elementor-widget-text-editor\" data-id=\"22e4869\" data-element_type=\"widget\" data-e-type=\"widget\" data-widget_type=\"text-editor.default\">\n\t\t\t\t<div class=\"elementor-widget-container\">\n\t\t\t\t\t\t\t\t\t<p>L&rsquo;association Neuilly Retraite est un lieu id\u00e9al pour les seniors souhaitant tisser des liens sociaux tout en participant \u00e0 des activit\u00e9s enrichissantes.<br \/><strong>Tous les lundis, mercredis et vendredis de 14h \u00e0 17h<\/strong>, les membres de l&rsquo;association se retrouvent pour des moments de d\u00e9tente et de convivialit\u00e9.<\/p><h3>Un programme d\u2019activit\u00e9s dynamiques et conviviales<\/h3><p>Au programme, <strong>jeux de cartes, loto, belote, scrabble, jeux de soci\u00e9t\u00e9 et go\u00fbter \u00e0 partager<\/strong>, o\u00f9 les \u00e9changes et la bonne humeur sont \u00e0 l\u2019honneur. Ces rendez-vous permettent \u00e0 chacun de passer un moment agr\u00e9able et de rencontrer des voisins ou amis dans un cadre chaleureux.<\/p><p>Mais l\u2019association propose aussi des ateliers cr\u00e9atifs pour stimuler l\u2019imaginaire et offrir une diversit\u00e9 d\u2019activit\u00e9s. Parmi les nouveaut\u00e9s : un <strong>atelier tissage<\/strong> anim\u00e9 par Marie-Claude, un <strong>atelier mosa\u00efque<\/strong> o\u00f9 les participants apportent leurs supports \u00e0 d\u00e9corer sous la supervision d\u2019Anne-Marie, ainsi qu&rsquo;un <strong>atelier <\/strong><strong>\u00e9criture et th\u00e9\u00e2tre<\/strong> avec Jozeth qui invite \u00e0 conjuguer cr\u00e9ativit\u00e9 et improvisation. Enfin, pour le bien-\u00eatre, un <strong>atelier yoga sur chaise<\/strong> avec Mireille permet d\u2019assouplir son corps tout en restant dans un environnement apaisant. En parall\u00e8le, des <strong>ateliers peinture et broderie<\/strong> compl\u00e8tent ce riche programme.<\/p><h3>Des moments festifs et une cotisation abordable<\/h3><p>En plus des activit\u00e9s r\u00e9guli\u00e8res, l\u2019association organise chaque trimestre une grande f\u00eate pour c\u00e9l\u00e9brer les anniversaires des adh\u00e9rents. Un repas convivial autour d\u2019un buffet campagnard sera organis\u00e9 pour f\u00eater les anniversaires des mois pass\u00e9s.\u00a0 Un moment festif \u00e0 ne pas manquer !<\/p><p>Si vous aussi, vous souhaitez rejoindre l\u2019association Neuilly Retraite, il vous\u00a0suffit de vous rendre au 2 avenue du Dauphin\u00e9. La cotisation annuelle est de 22\u20ac pour les Noc\u00e9ens.<\/p>\t\t\t\t\t\t\t\t<\/div>\n\t\t\t\t<\/div>\n\t\t\t\t\t<\/div>\n\t\t\t\t<\/div>\n\t\t<div class=\"elementor-element elementor-element-74960e1 e-flex e-con-boxed e-con e-child\" data-id=\"74960e1\" data-element_type=\"container\" data-e-type=\"container\">\n\t\t\t\t\t<div class=\"e-con-inner\">\n\t\t<div class=\"elementor-element elementor-element-5e0e488 e-flex e-con-boxed e-con e-child\" data-id=\"5e0e488\" data-element_type=\"container\" data-e-type=\"container\">\n\t\t\t\t\t<div class=\"e-con-inner\">\n\t\t<div class=\"elementor-element elementor-element-591a8eb e-grid e-con-boxed e-con e-child\" data-id=\"591a8eb\" data-element_type=\"container\" data-e-type=\"container\">\n\t\t\t\t\t<div class=\"e-con-inner\">\n\t\t\t\t<div class=\"elementor-element elementor-element-39e8f46 elementor-widget elementor-widget-text-editor\" data-id=\"39e8f46\" data-element_type=\"widget\" data-e-type=\"widget\" data-widget_type=\"text-editor.default\">\n\t\t\t\t<div class=\"elementor-widget-container\">\n\t\t\t\t\t\t\t\t\t<h3 class=\"destinataire\"><strong>Asociaci\u00f3n Neuilly Retraite<br \/><\/strong><\/h3><div class=\"streetAddress\">Adh\u00e9sion 1 an : 22\u20ac pour les Noc\u00e9ens (24\u20ac pour les non Noc\u00e9ens)<\/div><div>\u00a0<\/div><div class=\"streetAddress\">\ud83d\udccd 2 avenue du Dauphin\u00e9<br \/>93330 Neuilly-sur-Marne<\/div><div>\u00a0<\/div><div class=\"streetAddress\"><span class=\"telephone\">\ud83d\udcde 06 14 76 29 66<\/span><\/div><div>\u00a0<\/div><div>\ud83d\udd51 Ouvert lundi, mercredi et vendredi : 14h-17h<\/div><div class=\"streetAddress\">\u00a0<\/div>\t\t\t\t\t\t\t\t<\/div>\n\t\t\t\t<\/div>\n\t\t\t\t<div class=\"elementor-element elementor-element-80ea02a elementor-widget elementor-widget-google_maps\" data-id=\"80ea02a\" data-element_type=\"widget\" data-e-type=\"widget\" data-widget_type=\"google_maps.default\">\n\t\t\t\t<div class=\"elementor-widget-container\">\n\t\t\t\t\t\t\t<div class=\"elementor-custom-embed\">\n\t\t\t<iframe loading=\"lazy\"\n\t\t\t\t\tsrc=\"https:\/\/maps.google.com\/maps?q=2%20avenue%20du%20Dauphin%C3%A9%2C%2093330&#038;t=m&#038;z=17&#038;output=embed&#038;iwloc=near\"\n\t\t\t\t\ttitle=\"2 avenue du Dauphin\u00e9, 93330 Francia\"\n\t\t\t\t\taria-label=\"2 avenue du Dauphin\u00e9, 93330 Francia\"\n\t\t\t><\/iframe>\n\t\t<\/div>\n\t\t\t\t\t\t<\/div>\n\t\t\t\t<\/div>\n\t\t\t\t<div class=\"elementor-element elementor-element-da92fd9 elementor-widget elementor-widget-image\" data-id=\"da92fd9\" data-element_type=\"widget\" data-e-type=\"widget\" data-widget_type=\"image.default\">\n\t\t\t\t<div class=\"elementor-widget-container\">\n\t\t\t\t\t\t\t\t\t\t\t\t\t\t\t<img fetchpriority=\"high\" decoding=\"async\" width=\"800\" height=\"600\" src=\"https:\/\/www.neuillysurmarne.fr\/wp-content\/uploads\/2025\/02\/IMG_4089-1024x768.jpg\" class=\"attachment-large size-large wp-image-14503\" alt=\"\" srcset=\"https:\/\/www.neuillysurmarne.fr\/wp-content\/uploads\/2025\/02\/IMG_4089-1024x768.jpg 1024w, https:\/\/www.neuillysurmarne.fr\/wp-content\/uploads\/2025\/02\/IMG_4089-300x225.jpg 300w, https:\/\/www.neuillysurmarne.fr\/wp-content\/uploads\/2025\/02\/IMG_4089-768x576.jpg 768w, https:\/\/www.neuillysurmarne.fr\/wp-content\/uploads\/2025\/02\/IMG_4089-1536x1152.jpg 1536w, https:\/\/www.neuillysurmarne.fr\/wp-content\/uploads\/2025\/02\/IMG_4089-2048x1536.jpg 2048w, https:\/\/www.neuillysurmarne.fr\/wp-content\/uploads\/2025\/02\/IMG_4089-16x12.jpg 16w\" sizes=\"(max-width: 800px) 100vw, 800px\" \/>\t\t\t\t\t\t\t\t\t\t\t\t\t\t\t<\/div>\n\t\t\t\t<\/div>\n\t\t\t\t\t<\/div>\n\t\t\t\t<\/div>\n\t\t\t\t\t<\/div>\n\t\t\t\t<\/div>\n\t\t\t\t\t<\/div>\n\t\t\t\t<\/div>\n\t\t\t\t\t<\/div>\n\t\t\t\t<\/div>\n\t\t\t\t<\/div>","protected":false},"excerpt":{"rendered":"<p>L&rsquo;association Neuilly Retraite est un lieu id\u00e9al pour les seniors souhaitant tisser des liens sociaux tout en participant \u00e0 des activit\u00e9s enrichissantes.Tous les lundis, mercredis et vendredis de 14h \u00e0 17h, les membres de l&rsquo;association se retrouvent pour des moments de d\u00e9tente et de convivialit\u00e9. Un programme d\u2019activit\u00e9s dynamiques et conviviales Au programme, jeux de [&hellip;]<\/p>\n","protected":false},"author":1,"featured_media":9769,"parent":0,"menu_order":0,"comment_status":"closed","ping_status":"closed","template":"","meta":{"_acf_changed":false,"footnotes":""},"class_list":["post-699","page","type-page","status-publish","has-post-thumbnail","hentry"],"acf":[],"yoast_head":"<!-- This site is optimized with the Yoast SEO plugin v27.4 - https:\/\/yoast.com\/product\/yoast-seo-wordpress\/ -->\n<title>Neuilly Retraite - Mairie de Neuilly-sur-Marne<\/title>\n<meta name=\"robots\" content=\"index, follow, max-snippet:-1, max-image-preview:large, max-video-preview:-1\" \/>\n<link rel=\"canonical\" href=\"https:\/\/www.neuillysurmarne.fr\/es\/neuilly-retraite\/\" \/>\n<meta property=\"og:locale\" content=\"es_ES\" \/>\n<meta property=\"og:type\" content=\"article\" \/>\n<meta property=\"og:title\" content=\"Neuilly Retraite - Mairie de Neuilly-sur-Marne\" \/>\n<meta property=\"og:description\" content=\"L&rsquo;association Neuilly Retraite est un lieu id\u00e9al pour les seniors souhaitant tisser des liens sociaux tout en participant \u00e0 des activit\u00e9s enrichissantes.Tous les lundis, mercredis et vendredis de 14h \u00e0 17h, les membres de l&rsquo;association se retrouvent pour des moments de d\u00e9tente et de convivialit\u00e9. Un programme d\u2019activit\u00e9s dynamiques et conviviales Au programme, jeux de [&hellip;]\" \/>\n<meta property=\"og:url\" content=\"https:\/\/www.neuillysurmarne.fr\/es\/neuilly-retraite\/\" \/>\n<meta property=\"og:site_name\" content=\"Mairie de Neuilly-sur-Marne\" \/>\n<meta property=\"article:publisher\" content=\"https:\/\/www.facebook.com\/ville.neuilly\" \/>\n<meta property=\"article:modified_time\" content=\"2025-02-27T14:50:51+00:00\" \/>\n<meta property=\"og:image\" content=\"https:\/\/www.neuillysurmarne.fr\/wp-content\/uploads\/2024\/06\/AdobeStock_464118279-scaled.jpeg\" \/>\n\t<meta property=\"og:image:width\" content=\"2560\" \/>\n\t<meta property=\"og:image:height\" content=\"946\" \/>\n\t<meta property=\"og:image:type\" content=\"image\/jpeg\" \/>\n<meta name=\"twitter:card\" content=\"summary_large_image\" \/>\n<meta name=\"twitter:label1\" content=\"Tiempo de lectura\" \/>\n\t<meta name=\"twitter:data1\" content=\"2 minutos\" \/>\n<script type=\"application\/ld+json\" class=\"yoast-schema-graph\">{\"@context\":\"https:\\\/\\\/schema.org\",\"@graph\":[{\"@type\":\"WebPage\",\"@id\":\"https:\\\/\\\/www.neuillysurmarne.fr\\\/neuilly-retraite\\\/\",\"url\":\"https:\\\/\\\/www.neuillysurmarne.fr\\\/neuilly-retraite\\\/\",\"name\":\"Neuilly Retraite - Mairie de Neuilly-sur-Marne\",\"isPartOf\":{\"@id\":\"https:\\\/\\\/www.neuillysurmarne.fr\\\/es\\\/#website\"},\"primaryImageOfPage\":{\"@id\":\"https:\\\/\\\/www.neuillysurmarne.fr\\\/neuilly-retraite\\\/#primaryimage\"},\"image\":{\"@id\":\"https:\\\/\\\/www.neuillysurmarne.fr\\\/neuilly-retraite\\\/#primaryimage\"},\"thumbnailUrl\":\"https:\\\/\\\/www.neuillysurmarne.fr\\\/wp-content\\\/uploads\\\/2024\\\/06\\\/AdobeStock_464118279-scaled.jpeg\",\"datePublished\":\"2023-11-13T13:57:16+00:00\",\"dateModified\":\"2025-02-27T14:50:51+00:00\",\"breadcrumb\":{\"@id\":\"https:\\\/\\\/www.neuillysurmarne.fr\\\/neuilly-retraite\\\/#breadcrumb\"},\"inLanguage\":\"es\",\"potentialAction\":[{\"@type\":\"ReadAction\",\"target\":[\"https:\\\/\\\/www.neuillysurmarne.fr\\\/neuilly-retraite\\\/\"]}]},{\"@type\":\"ImageObject\",\"inLanguage\":\"es\",\"@id\":\"https:\\\/\\\/www.neuillysurmarne.fr\\\/neuilly-retraite\\\/#primaryimage\",\"url\":\"https:\\\/\\\/www.neuillysurmarne.fr\\\/wp-content\\\/uploads\\\/2024\\\/06\\\/AdobeStock_464118279-scaled.jpeg\",\"contentUrl\":\"https:\\\/\\\/www.neuillysurmarne.fr\\\/wp-content\\\/uploads\\\/2024\\\/06\\\/AdobeStock_464118279-scaled.jpeg\",\"width\":2560,\"height\":946,\"caption\":\"Banner with place for text. Card for playing lotto or bingo and many wooden barrels with numbers. Boardgame. Interesting fun pastime. Copy space. Blue background. High-quality photo\"},{\"@type\":\"BreadcrumbList\",\"@id\":\"https:\\\/\\\/www.neuillysurmarne.fr\\\/neuilly-retraite\\\/#breadcrumb\",\"itemListElement\":[{\"@type\":\"ListItem\",\"position\":1,\"name\":\"Accueil\",\"item\":\"https:\\\/\\\/www.neuillysurmarne.fr\\\/\"},{\"@type\":\"ListItem\",\"position\":2,\"name\":\"Neuilly Retraite\"}]},{\"@type\":\"WebSite\",\"@id\":\"https:\\\/\\\/www.neuillysurmarne.fr\\\/es\\\/#website\",\"url\":\"https:\\\/\\\/www.neuillysurmarne.fr\\\/es\\\/\",\"name\":\"Mairie de Neuilly-sur-Marne\",\"description\":\"BETA\",\"publisher\":{\"@id\":\"https:\\\/\\\/www.neuillysurmarne.fr\\\/es\\\/#organization\"},\"potentialAction\":[{\"@type\":\"SearchAction\",\"target\":{\"@type\":\"EntryPoint\",\"urlTemplate\":\"https:\\\/\\\/www.neuillysurmarne.fr\\\/es\\\/?s={search_term_string}\"},\"query-input\":{\"@type\":\"PropertyValueSpecification\",\"valueRequired\":true,\"valueName\":\"search_term_string\"}}],\"inLanguage\":\"es\"},{\"@type\":\"Organization\",\"@id\":\"https:\\\/\\\/www.neuillysurmarne.fr\\\/es\\\/#organization\",\"name\":\"Mairie de Neuilly-sur-Marne\",\"url\":\"https:\\\/\\\/www.neuillysurmarne.fr\\\/es\\\/\",\"logo\":{\"@type\":\"ImageObject\",\"inLanguage\":\"es\",\"@id\":\"https:\\\/\\\/www.neuillysurmarne.fr\\\/es\\\/#\\\/schema\\\/logo\\\/image\\\/\",\"url\":\"https:\\\/\\\/www.neuillysurmarne.fr\\\/wp-content\\\/uploads\\\/2023\\\/10\\\/LOGO-NeuillysurMarne-blanc.png\",\"contentUrl\":\"https:\\\/\\\/www.neuillysurmarne.fr\\\/wp-content\\\/uploads\\\/2023\\\/10\\\/LOGO-NeuillysurMarne-blanc.png\",\"width\":3308,\"height\":2586,\"caption\":\"Mairie de Neuilly-sur-Marne\"},\"image\":{\"@id\":\"https:\\\/\\\/www.neuillysurmarne.fr\\\/es\\\/#\\\/schema\\\/logo\\\/image\\\/\"},\"sameAs\":[\"https:\\\/\\\/www.facebook.com\\\/ville.neuilly\",\"https:\\\/\\\/www.instagram.com\\\/neuilly_marne\\\/\",\"https:\\\/\\\/www.linkedin.com\\\/company\\\/ville-de-neuilly-sur-marne\\\/\",\"https:\\\/\\\/www.youtube.com\\\/channel\\\/UCDdZ0TLrV8rfIqjBGvoeB5A\",\"https:\\\/\\\/www.tiktok.com\\\/@villedeneuillysurmarne\"]}]}<\/script>\n<!-- \/ Yoast SEO plugin. -->","yoast_head_json":{"title":"Neuilly Retraite - Mairie de Neuilly-sur-Marne","robots":{"index":"index","follow":"follow","max-snippet":"max-snippet:-1","max-image-preview":"max-image-preview:large","max-video-preview":"max-video-preview:-1"},"canonical":"https:\/\/www.neuillysurmarne.fr\/es\/neuilly-retraite\/","og_locale":"es_ES","og_type":"article","og_title":"Neuilly Retraite - Mairie de Neuilly-sur-Marne","og_description":"L&rsquo;association Neuilly Retraite est un lieu id\u00e9al pour les seniors souhaitant tisser des liens sociaux tout en participant \u00e0 des activit\u00e9s enrichissantes.Tous les lundis, mercredis et vendredis de 14h \u00e0 17h, les membres de l&rsquo;association se retrouvent pour des moments de d\u00e9tente et de convivialit\u00e9. Un programme d\u2019activit\u00e9s dynamiques et conviviales Au programme, jeux de [&hellip;]","og_url":"https:\/\/www.neuillysurmarne.fr\/es\/neuilly-retraite\/","og_site_name":"Mairie de Neuilly-sur-Marne","article_publisher":"https:\/\/www.facebook.com\/ville.neuilly","article_modified_time":"2025-02-27T14:50:51+00:00","og_image":[{"width":2560,"height":946,"url":"https:\/\/www.neuillysurmarne.fr\/wp-content\/uploads\/2024\/06\/AdobeStock_464118279-scaled.jpeg","type":"image\/jpeg"}],"twitter_card":"summary_large_image","twitter_misc":{"Tiempo de lectura":"2 minutos"},"schema":{"@context":"https:\/\/schema.org","@graph":[{"@type":"WebPage","@id":"https:\/\/www.neuillysurmarne.fr\/neuilly-retraite\/","url":"https:\/\/www.neuillysurmarne.fr\/neuilly-retraite\/","name":"Neuilly Retraite - Mairie de Neuilly-sur-Marne","isPartOf":{"@id":"https:\/\/www.neuillysurmarne.fr\/es\/#website"},"primaryImageOfPage":{"@id":"https:\/\/www.neuillysurmarne.fr\/neuilly-retraite\/#primaryimage"},"image":{"@id":"https:\/\/www.neuillysurmarne.fr\/neuilly-retraite\/#primaryimage"},"thumbnailUrl":"https:\/\/www.neuillysurmarne.fr\/wp-content\/uploads\/2024\/06\/AdobeStock_464118279-scaled.jpeg","datePublished":"2023-11-13T13:57:16+00:00","dateModified":"2025-02-27T14:50:51+00:00","breadcrumb":{"@id":"https:\/\/www.neuillysurmarne.fr\/neuilly-retraite\/#breadcrumb"},"inLanguage":"es","potentialAction":[{"@type":"ReadAction","target":["https:\/\/www.neuillysurmarne.fr\/neuilly-retraite\/"]}]},{"@type":"ImageObject","inLanguage":"es","@id":"https:\/\/www.neuillysurmarne.fr\/neuilly-retraite\/#primaryimage","url":"https:\/\/www.neuillysurmarne.fr\/wp-content\/uploads\/2024\/06\/AdobeStock_464118279-scaled.jpeg","contentUrl":"https:\/\/www.neuillysurmarne.fr\/wp-content\/uploads\/2024\/06\/AdobeStock_464118279-scaled.jpeg","width":2560,"height":946,"caption":"Banner with place for text. Card for playing lotto or bingo and many wooden barrels with numbers. Boardgame. Interesting fun pastime. Copy space. Blue background. High-quality photo"},{"@type":"BreadcrumbList","@id":"https:\/\/www.neuillysurmarne.fr\/neuilly-retraite\/#breadcrumb","itemListElement":[{"@type":"ListItem","position":1,"name":"Accueil","item":"https:\/\/www.neuillysurmarne.fr\/"},{"@type":"ListItem","position":2,"name":"Neuilly Retraite"}]},{"@type":"WebSite","@id":"https:\/\/www.neuillysurmarne.fr\/es\/#website","url":"https:\/\/www.neuillysurmarne.fr\/es\/","name":"Ayuntamiento de Neuilly-sur-Marne","description":"BETA","publisher":{"@id":"https:\/\/www.neuillysurmarne.fr\/es\/#organization"},"potentialAction":[{"@type":"SearchAction","target":{"@type":"EntryPoint","urlTemplate":"https:\/\/www.neuillysurmarne.fr\/es\/?s={search_term_string}"},"query-input":{"@type":"PropertyValueSpecification","valueRequired":true,"valueName":"search_term_string"}}],"inLanguage":"es"},{"@type":"Organization","@id":"https:\/\/www.neuillysurmarne.fr\/es\/#organization","name":"Ayuntamiento de Neuilly-sur-Marne","url":"https:\/\/www.neuillysurmarne.fr\/es\/","logo":{"@type":"ImageObject","inLanguage":"es","@id":"https:\/\/www.neuillysurmarne.fr\/es\/#\/schema\/logo\/image\/","url":"https:\/\/www.neuillysurmarne.fr\/wp-content\/uploads\/2023\/10\/LOGO-NeuillysurMarne-blanc.png","contentUrl":"https:\/\/www.neuillysurmarne.fr\/wp-content\/uploads\/2023\/10\/LOGO-NeuillysurMarne-blanc.png","width":3308,"height":2586,"caption":"Mairie de Neuilly-sur-Marne"},"image":{"@id":"https:\/\/www.neuillysurmarne.fr\/es\/#\/schema\/logo\/image\/"},"sameAs":["https:\/\/www.facebook.com\/ville.neuilly","https:\/\/www.instagram.com\/neuilly_marne\/","https:\/\/www.linkedin.com\/company\/ville-de-neuilly-sur-marne\/","https:\/\/www.youtube.com\/channel\/UCDdZ0TLrV8rfIqjBGvoeB5A","https:\/\/www.tiktok.com\/@villedeneuillysurmarne"]}]}},"_links":{"self":[{"href":"https:\/\/www.neuillysurmarne.fr\/es\/wp-json\/wp\/v2\/pages\/699","targetHints":{"allow":["GET"]}}],"collection":[{"href":"https:\/\/www.neuillysurmarne.fr\/es\/wp-json\/wp\/v2\/pages"}],"about":[{"href":"https:\/\/www.neuillysurmarne.fr\/es\/wp-json\/wp\/v2\/types\/page"}],"author":[{"embeddable":true,"href":"https:\/\/www.neuillysurmarne.fr\/es\/wp-json\/wp\/v2\/users\/1"}],"replies":[{"embeddable":true,"href":"https:\/\/www.neuillysurmarne.fr\/es\/wp-json\/wp\/v2\/comments?post=699"}],"version-history":[{"count":17,"href":"https:\/\/www.neuillysurmarne.fr\/es\/wp-json\/wp\/v2\/pages\/699\/revisions"}],"predecessor-version":[{"id":14506,"href":"https:\/\/www.neuillysurmarne.fr\/es\/wp-json\/wp\/v2\/pages\/699\/revisions\/14506"}],"wp:featuredmedia":[{"embeddable":true,"href":"https:\/\/www.neuillysurmarne.fr\/es\/wp-json\/wp\/v2\/media\/9769"}],"wp:attachment":[{"href":"https:\/\/www.neuillysurmarne.fr\/es\/wp-json\/wp\/v2\/media?parent=699"}],"curies":[{"name":"wp","href":"https:\/\/api.w.org\/{rel}","templated":true}]}}