{"id":627,"date":"2023-11-13T12:48:29","date_gmt":"2023-11-13T11:48:29","guid":{"rendered":"https:\/\/www.neuillysurmarne.fr\/?page_id=627"},"modified":"2024-06-26T17:18:15","modified_gmt":"2024-06-26T15:18:15","slug":"identification-et-sterilisation","status":"publish","type":"page","link":"https:\/\/www.neuillysurmarne.fr\/it\/identification-et-sterilisation\/","title":{"rendered":"Identificazione e sterilizzazione"},"content":{"rendered":"<div data-elementor-type=\"wp-page\" data-elementor-id=\"627\" class=\"elementor elementor-627\" data-elementor-post-type=\"page\">\n\t\t\t\t<div class=\"elementor-element elementor-element-71a9480e e-flex e-con-boxed e-con e-parent\" data-id=\"71a9480e\" data-element_type=\"container\" data-e-type=\"container\">\n\t\t\t\t\t<div class=\"e-con-inner\">\n\t\t\t\t<div class=\"elementor-element elementor-element-5d20173 elementor-widget elementor-widget-text-editor\" data-id=\"5d20173\" data-element_type=\"widget\" data-e-type=\"widget\" data-widget_type=\"text-editor.default\">\n\t\t\t\t<div class=\"elementor-widget-container\">\n\t\t\t\t\t\t\t\t\t<h2><strong>Fate identificare e sterilizzare i vostri animali domestici<\/strong><\/h2><p><strong>Cani, gatti, furetti: tutti questi animali domestici devono essere identificati, cio\u00e8 registrati nell'archivio nazionale di identificazione dei carnivori domestici in Francia. <\/strong>Questo file \u00e8 gestito da\u00a0<a title=\"I-cad - Aprire in una nuova finestra\" href=\"http:\/\/www.i-cad.fr\/\" target=\"_blank\" rel=\"external nofollow noreferrer noopener\">I-cad<\/a>su delega del Ministero dell'Agricoltura e della Sovranit\u00e0 alimentare. Scoprite tutto su questo obbligo di legge.<\/p><p>L'identificazione dell'animale domestico \u00e8 l'unico modo per stabilire un legame ufficiale tra l'animale e il suo proprietario. Seguir\u00e0 l'animale per tutta la sua vita. \u00c8 quindi fondamentale mantenere aggiornate le informazioni contenute nella banca dati nazionale. <\/p><p>La sterilizzazione \u00e8 uno strumento per combattere e prevenire l'abbandono e gli attacchi al benessere degli animali.<\/p>\t\t\t\t\t\t\t\t<\/div>\n\t\t\t\t<\/div>\n\t\t\t\t<div class=\"elementor-element elementor-element-2241b71 elementor-widget elementor-widget-n-accordion\" data-id=\"2241b71\" data-element_type=\"widget\" data-e-type=\"widget\" data-settings=\"{&quot;default_state&quot;:&quot;all_collapsed&quot;,&quot;max_items_expended&quot;:&quot;one&quot;,&quot;n_accordion_animation_duration&quot;:{&quot;unit&quot;:&quot;ms&quot;,&quot;size&quot;:400,&quot;sizes&quot;:[]}}\" data-widget_type=\"nested-accordion.default\">\n\t\t\t\t<div class=\"elementor-widget-container\">\n\t\t\t\t\t\t\t<div class=\"e-n-accordion\" aria-label=\"Fisarmonica. Aprite i collegamenti con Invio o Spazio, chiudeteli con Escape e navigate con i tasti freccia.\">\n\t\t\t\t\t\t<details id=\"e-n-accordion-item-3590\" class=\"e-n-accordion-item\" >\n\t\t\t\t<summary class=\"e-n-accordion-item-title\" data-accordion-index=\"1\" tabindex=\"0\" aria-expanded=\"false\" aria-controls=\"e-n-accordion-item-3590\" >\n\t\t\t\t\t<span class='e-n-accordion-item-title-header'><div class=\"e-n-accordion-item-title-text\"> Identificazione dell'animale domestico <\/div><\/span>\n\t\t\t\t\t\t\t<span class='e-n-accordion-item-title-icon'>\n\t\t\t<span class='e-opened' ><svg aria-hidden=\"true\" class=\"e-font-icon-svg e-fas-minus\" viewbox=\"0 0 448 512\" xmlns=\"http:\/\/www.w3.org\/2000\/svg\"><path d=\"M416 208H32c-17.67 0-32 14.33-32 32v32c0 17.67 14.33 32 32 32h384c17.67 0 32-14.33 32-32v-32c0-17.67-14.33-32-32-32z\"><\/path><\/svg><\/span>\n\t\t\t<span class='e-closed'><svg aria-hidden=\"true\" class=\"e-font-icon-svg e-fas-plus\" viewbox=\"0 0 448 512\" xmlns=\"http:\/\/www.w3.org\/2000\/svg\"><path d=\"M416 208H272V64c0-17.67-14.33-32-32-32h-32c-17.67 0-32 14.33-32 32v144H32c-17.67 0-32 14.33-32 32v32c0 17.67 14.33 32 32 32h144v144c0 17.67 14.33 32 32 32h32c17.67 0 32-14.33 32-32V304h144c17.67 0 32-14.33 32-32v-32c0-17.67-14.33-32-32-32z\"><\/path><\/svg><\/span>\n\t\t<\/span>\n\n\t\t\t\t\t\t<\/summary>\n\t\t\t\t<div role=\"region\" aria-labelledby=\"e-n-accordion-item-3590\" class=\"elementor-element elementor-element-e9f1591 e-con-full e-flex e-con e-child\" data-id=\"e9f1591\" data-element_type=\"container\" data-e-type=\"container\">\n\t\t<div role=\"region\" aria-labelledby=\"e-n-accordion-item-3590\" class=\"elementor-element elementor-element-ee8a5fc e-flex e-con-boxed e-con e-child\" data-id=\"ee8a5fc\" data-element_type=\"container\" data-e-type=\"container\">\n\t\t\t\t\t<div class=\"e-con-inner\">\n\t\t\t\t<div class=\"elementor-element elementor-element-1eb7178 elementor-widget elementor-widget-text-editor\" data-id=\"1eb7178\" data-element_type=\"widget\" data-e-type=\"widget\" data-widget_type=\"text-editor.default\">\n\t\t\t\t<div class=\"elementor-widget-container\">\n\t\t\t\t\t\t\t\t\t<h3><strong>Perch\u00e9?<\/strong><\/h3><p>L'identificazione \u00e8 essenziale per un animale perch\u00e9 gli conferisce una propria identit\u00e0, consente di denunciarne lo smarrimento o il furto alle autorit\u00e0 competenti, ufficializza il legame con il proprietario, rispetta le normative vigenti, permette di ritrovarlo e recuperarlo pi\u00f9 rapidamente in caso di smarrimento, consente di viaggiare all'estero, facilita tutte le procedure amministrative ed evita le controversie, e quindi lo protegge.<\/p><p>L'identificazione consente inoltre allo Stato di monitorare il comportamento dei cani \"mordaci\" o \"pericolosi\", di controllare le importazioni, di combattere i traffici e i furti, di garantire la localizzazione e la tracciabilit\u00e0 degli animali in Francia e di intervenire in modo mirato in caso di crisi sanitaria.<\/p><h3><strong>Come lo facciamo?<\/strong><\/h3><p>Il vostro animale domestico pu\u00f2 essere identificato da\u00a0<strong>microchip<\/strong>\u00a0o tramite tatuaggio. Entrambe le procedure sono eseguite solo da veterinari o tatuatori autorizzati.<\/p><p>Il chip, delle dimensioni di una grossa risaia, viene inserito sotto la pelle dell'animale, nel collo o tra le scapole. \u00c8 totalmente indolore, impermeabile e biocompatibile e non contiene sistemi magnetici o elettrici che potrebbero danneggiare la salute dell'animale. Contiene un codice unico di 15 cifre che pu\u00f2 essere letto quando un lettore specifico viene avvicinato al chip.  Il\u00a0<strong>veterinario<\/strong>\u00a0\u00e8 l'unico professionista autorizzato a inserire un microchip sotto la pelle del vostro animale. Prima dell'identificazione, viene effettuato un controllo sanitario, talvolta accompagnato da una vaccinazione. Il veterinario compila quindi il file di identificazione nel Fichier National I-CAD (identificazione dei carnivori domestici), fornendo i dati del vostro animale (nome, et\u00e0, caratteristiche, razza, ecc.) e i vostri recapiti (nome del proprietario, indirizzo postale, numero di telefono). Assicuratevi di\u00a0<strong>aggiornare regolarmente queste informazioni<\/strong>Questo \u00e8 particolarmente importante quando si cambia casa o si va in vacanza.<\/p><h3><strong>Quando?<\/strong><\/h3><p>L'identificazione di un cane o di un gatto viene spesso effettuata al momento dell'arrivo di un cane o di un gatto.\u00a0<strong>la sua prima visita<\/strong>\u00a0dal veterinario. Solo l'identificazione dell'animale pu\u00f2 dimostrare che \u00e8 stato vaccinato. Se il vostro animale domestico partorisce una cucciolata, dovete far identificare i cuccioli prima di regalarli o venderli. Se li tenete, dovete farli identificare prima dell'et\u00e0 di 4 mesi per un cucciolo e di 7 mesi per un gattino.<\/p>\t\t\t\t\t\t\t\t<\/div>\n\t\t\t\t<\/div>\n\t\t\t\t\t<\/div>\n\t\t\t\t<\/div>\n\t\t\t\t<\/div>\n\t\t\t\t\t<\/details>\n\t\t\t\t\t\t<details id=\"e-n-accordion-item-3591\" class=\"e-n-accordion-item\" >\n\t\t\t\t<summary class=\"e-n-accordion-item-title\" data-accordion-index=\"2\" tabindex=\"-1\" aria-expanded=\"false\" aria-controls=\"e-n-accordion-item-3591\" >\n\t\t\t\t\t<span class='e-n-accordion-item-title-header'><div class=\"e-n-accordion-item-title-text\"> Sterilizzazione dell'animale domestico <\/div><\/span>\n\t\t\t\t\t\t\t<span class='e-n-accordion-item-title-icon'>\n\t\t\t<span class='e-opened' ><svg aria-hidden=\"true\" class=\"e-font-icon-svg e-fas-minus\" viewbox=\"0 0 448 512\" xmlns=\"http:\/\/www.w3.org\/2000\/svg\"><path d=\"M416 208H32c-17.67 0-32 14.33-32 32v32c0 17.67 14.33 32 32 32h384c17.67 0 32-14.33 32-32v-32c0-17.67-14.33-32-32-32z\"><\/path><\/svg><\/span>\n\t\t\t<span class='e-closed'><svg aria-hidden=\"true\" class=\"e-font-icon-svg e-fas-plus\" viewbox=\"0 0 448 512\" xmlns=\"http:\/\/www.w3.org\/2000\/svg\"><path d=\"M416 208H272V64c0-17.67-14.33-32-32-32h-32c-17.67 0-32 14.33-32 32v144H32c-17.67 0-32 14.33-32 32v32c0 17.67 14.33 32 32 32h144v144c0 17.67 14.33 32 32 32h32c17.67 0 32-14.33 32-32V304h144c17.67 0 32-14.33 32-32v-32c0-17.67-14.33-32-32-32z\"><\/path><\/svg><\/span>\n\t\t<\/span>\n\n\t\t\t\t\t\t<\/summary>\n\t\t\t\t<div role=\"region\" aria-labelledby=\"e-n-accordion-item-3591\" class=\"elementor-element elementor-element-3063815 e-con-full e-flex e-con e-child\" data-id=\"3063815\" data-element_type=\"container\" data-e-type=\"container\">\n\t\t\t\t<div class=\"elementor-element elementor-element-52fa1a9 elementor-widget elementor-widget-text-editor\" data-id=\"52fa1a9\" data-element_type=\"widget\" data-e-type=\"widget\" data-widget_type=\"text-editor.default\">\n\t\t\t\t<div class=\"elementor-widget-container\">\n\t\t\t\t\t\t\t\t\t<h3><strong>Perch\u00e9?<\/strong><\/h3><p>Nelle aree urbane ci sono sempre pi\u00f9 cani e gatti in libert\u00e0. A\u00a0<strong>sovraffollamento<\/strong>\u00a0che purtroppo porta a numerosi incidenti sulla strada pubblica, morsi, maltrattamenti, abbandoni, problemi di salute e di biodiversit\u00e0. In un anno, una coppia di gatti pu\u00f2 produrre fino a 36 gattini e una coppia di cani fino a 16 cuccioli. Mentre alcuni saranno regalati o venduti, altri non avranno la stessa fortuna e saranno uccisi alla nascita o abbandonati. La sterilizzazione permette quindi di\u00a0<strong>controllo delle nascite<\/strong>.<\/p><h3><strong>Come lo facciamo?<\/strong><\/h3><p>La sterilizzazione degli animali consiste nell'asportazione degli organi riproduttivi di un animale, nella loro interezza o in una parte significativa. Procedura\u00a0<strong>leggero e veloce<\/strong>La sterilizzazione viene effettuata in anestesia generale da un veterinario.<\/p><h3><strong>Quando?<\/strong><\/h3><p>Affinch\u00e9 la sterilizzazione avvenga nel modo pi\u00f9 corretto possibile, i cani e i gatti devono essere sterilizzati prima della pubert\u00e0, ovvero\u00a0<strong>tra i 6 e i 12 mesi<\/strong>. Anche se gli animali domestici possono essere sterilizzati o castrati per tutta la vita, le complicazioni e i rischi sono di gran lunga inferiori se l'operazione viene effettuata in giovane et\u00e0.<\/p><p><strong>5 buoni motivi per sterilizzare il vostro animale domestico<\/strong><\/p><ul><li>Prolungare l'aspettativa di vita del vostro animale domestico<\/li><li>Ridurre il rischio di malattie (tumori mammari, infezioni uterine, cancro ai testicoli...) o lesioni (combattimenti tra gatti, morsi di cani...)<\/li><li>Evitare l'eutanasia delle cucciolate indesiderate<\/li><li>Evitare gli inconvenienti del calore (miagolio o abbaio, fuga, perdita di sangue, marcatura del territorio, aggressivit\u00e0, ecc.)<\/li><li>Alcuni trattamenti funzionano solo su animali sterilizzati (diabete, ipotiroidismo, malattia di Cushing, ecc.).<\/li><\/ul>\t\t\t\t\t\t\t\t<\/div>\n\t\t\t\t<\/div>\n\t\t\t\t<\/div>\n\t\t\t\t\t<\/details>\n\t\t\t\t\t<\/div>\n\t\t\t\t\t\t<\/div>\n\t\t\t\t<\/div>\n\t\t\t\t\t<\/div>\n\t\t\t\t<\/div>\n\t\t\t\t<\/div>","protected":false},"excerpt":{"rendered":"<p>Faites identifier et st\u00e9riliser vos animaux Chien, chat, mais aussi furet : tous ces animaux de compagnie doivent \u00eatre identifi\u00e9s, c\u2019est-\u00e0-dire enregistr\u00e9s dans le fichier national d\u2019identification des carnivores domestiques en France. Ce fichier est g\u00e9r\u00e9 par la soci\u00e9t\u00e9\u00a0I-cad, plac\u00e9e sous d\u00e9l\u00e9gation du minist\u00e8re de l&rsquo;Agriculture et de la Souverainet\u00e9 alimentaire. Retrouvez toutes les informations [&hellip;]<\/p>\n","protected":false},"author":1,"featured_media":7890,"parent":0,"menu_order":0,"comment_status":"closed","ping_status":"closed","template":"","meta":{"_acf_changed":false,"footnotes":""},"class_list":["post-627","page","type-page","status-publish","has-post-thumbnail","hentry"],"acf":[],"yoast_head":"<!-- This site is optimized with the Yoast SEO plugin v27.4 - https:\/\/yoast.com\/product\/yoast-seo-wordpress\/ -->\n<title>Identification et st\u00e9rilisation - Mairie de Neuilly-sur-Marne<\/title>\n<meta name=\"robots\" content=\"index, follow, max-snippet:-1, max-image-preview:large, max-video-preview:-1\" \/>\n<link rel=\"canonical\" href=\"https:\/\/www.neuillysurmarne.fr\/it\/identification-et-sterilisation\/\" \/>\n<meta property=\"og:locale\" content=\"it_IT\" \/>\n<meta property=\"og:type\" content=\"article\" \/>\n<meta property=\"og:title\" content=\"Identification et st\u00e9rilisation - Mairie de Neuilly-sur-Marne\" \/>\n<meta property=\"og:description\" content=\"Faites identifier et st\u00e9riliser vos animaux Chien, chat, mais aussi furet : tous ces animaux de compagnie doivent \u00eatre identifi\u00e9s, c\u2019est-\u00e0-dire enregistr\u00e9s dans le fichier national d\u2019identification des carnivores domestiques en France. Ce fichier est g\u00e9r\u00e9 par la soci\u00e9t\u00e9\u00a0I-cad, plac\u00e9e sous d\u00e9l\u00e9gation du minist\u00e8re de l&rsquo;Agriculture et de la Souverainet\u00e9 alimentaire. Retrouvez toutes les informations [&hellip;]\" \/>\n<meta property=\"og:url\" content=\"https:\/\/www.neuillysurmarne.fr\/it\/identification-et-sterilisation\/\" \/>\n<meta property=\"og:site_name\" content=\"Mairie de Neuilly-sur-Marne\" \/>\n<meta property=\"article:publisher\" content=\"https:\/\/www.facebook.com\/ville.neuilly\" \/>\n<meta property=\"article:modified_time\" content=\"2024-06-26T15:18:15+00:00\" \/>\n<meta property=\"og:image\" content=\"https:\/\/www.neuillysurmarne.fr\/wp-content\/uploads\/2024\/06\/AdobeStock_768541373-scaled.jpeg\" \/>\n\t<meta property=\"og:image:width\" content=\"2560\" \/>\n\t<meta property=\"og:image:height\" content=\"1097\" \/>\n\t<meta property=\"og:image:type\" content=\"image\/jpeg\" \/>\n<meta name=\"twitter:card\" content=\"summary_large_image\" \/>\n<meta name=\"twitter:label1\" content=\"Tempo di lettura stimato\" \/>\n\t<meta name=\"twitter:data1\" content=\"8 minuti\" \/>\n<script type=\"application\/ld+json\" class=\"yoast-schema-graph\">{\"@context\":\"https:\\\/\\\/schema.org\",\"@graph\":[{\"@type\":\"WebPage\",\"@id\":\"https:\\\/\\\/www.neuillysurmarne.fr\\\/identification-et-sterilisation\\\/\",\"url\":\"https:\\\/\\\/www.neuillysurmarne.fr\\\/identification-et-sterilisation\\\/\",\"name\":\"Identification et st\u00e9rilisation - Mairie de Neuilly-sur-Marne\",\"isPartOf\":{\"@id\":\"https:\\\/\\\/www.neuillysurmarne.fr\\\/es\\\/#website\"},\"primaryImageOfPage\":{\"@id\":\"https:\\\/\\\/www.neuillysurmarne.fr\\\/identification-et-sterilisation\\\/#primaryimage\"},\"image\":{\"@id\":\"https:\\\/\\\/www.neuillysurmarne.fr\\\/identification-et-sterilisation\\\/#primaryimage\"},\"thumbnailUrl\":\"https:\\\/\\\/www.neuillysurmarne.fr\\\/wp-content\\\/uploads\\\/2024\\\/06\\\/AdobeStock_768541373-scaled.jpeg\",\"datePublished\":\"2023-11-13T11:48:29+00:00\",\"dateModified\":\"2024-06-26T15:18:15+00:00\",\"breadcrumb\":{\"@id\":\"https:\\\/\\\/www.neuillysurmarne.fr\\\/identification-et-sterilisation\\\/#breadcrumb\"},\"inLanguage\":\"it-IT\",\"potentialAction\":[{\"@type\":\"ReadAction\",\"target\":[\"https:\\\/\\\/www.neuillysurmarne.fr\\\/identification-et-sterilisation\\\/\"]}]},{\"@type\":\"ImageObject\",\"inLanguage\":\"it-IT\",\"@id\":\"https:\\\/\\\/www.neuillysurmarne.fr\\\/identification-et-sterilisation\\\/#primaryimage\",\"url\":\"https:\\\/\\\/www.neuillysurmarne.fr\\\/wp-content\\\/uploads\\\/2024\\\/06\\\/AdobeStock_768541373-scaled.jpeg\",\"contentUrl\":\"https:\\\/\\\/www.neuillysurmarne.fr\\\/wp-content\\\/uploads\\\/2024\\\/06\\\/AdobeStock_768541373-scaled.jpeg\",\"width\":2560,\"height\":1097,\"caption\":\"An adorable corgi dog and a tabby cat relax in a sunny spring meadow together\"},{\"@type\":\"BreadcrumbList\",\"@id\":\"https:\\\/\\\/www.neuillysurmarne.fr\\\/identification-et-sterilisation\\\/#breadcrumb\",\"itemListElement\":[{\"@type\":\"ListItem\",\"position\":1,\"name\":\"Accueil\",\"item\":\"https:\\\/\\\/www.neuillysurmarne.fr\\\/\"},{\"@type\":\"ListItem\",\"position\":2,\"name\":\"Identification et st\u00e9rilisation\"}]},{\"@type\":\"WebSite\",\"@id\":\"https:\\\/\\\/www.neuillysurmarne.fr\\\/es\\\/#website\",\"url\":\"https:\\\/\\\/www.neuillysurmarne.fr\\\/es\\\/\",\"name\":\"Mairie de Neuilly-sur-Marne\",\"description\":\"BETA\",\"publisher\":{\"@id\":\"https:\\\/\\\/www.neuillysurmarne.fr\\\/es\\\/#organization\"},\"potentialAction\":[{\"@type\":\"SearchAction\",\"target\":{\"@type\":\"EntryPoint\",\"urlTemplate\":\"https:\\\/\\\/www.neuillysurmarne.fr\\\/es\\\/?s={search_term_string}\"},\"query-input\":{\"@type\":\"PropertyValueSpecification\",\"valueRequired\":true,\"valueName\":\"search_term_string\"}}],\"inLanguage\":\"it-IT\"},{\"@type\":\"Organization\",\"@id\":\"https:\\\/\\\/www.neuillysurmarne.fr\\\/es\\\/#organization\",\"name\":\"Mairie de Neuilly-sur-Marne\",\"url\":\"https:\\\/\\\/www.neuillysurmarne.fr\\\/es\\\/\",\"logo\":{\"@type\":\"ImageObject\",\"inLanguage\":\"it-IT\",\"@id\":\"https:\\\/\\\/www.neuillysurmarne.fr\\\/es\\\/#\\\/schema\\\/logo\\\/image\\\/\",\"url\":\"https:\\\/\\\/www.neuillysurmarne.fr\\\/wp-content\\\/uploads\\\/2023\\\/10\\\/LOGO-NeuillysurMarne-blanc.png\",\"contentUrl\":\"https:\\\/\\\/www.neuillysurmarne.fr\\\/wp-content\\\/uploads\\\/2023\\\/10\\\/LOGO-NeuillysurMarne-blanc.png\",\"width\":3308,\"height\":2586,\"caption\":\"Mairie de Neuilly-sur-Marne\"},\"image\":{\"@id\":\"https:\\\/\\\/www.neuillysurmarne.fr\\\/es\\\/#\\\/schema\\\/logo\\\/image\\\/\"},\"sameAs\":[\"https:\\\/\\\/www.facebook.com\\\/ville.neuilly\",\"https:\\\/\\\/www.instagram.com\\\/neuilly_marne\\\/\",\"https:\\\/\\\/www.linkedin.com\\\/company\\\/ville-de-neuilly-sur-marne\\\/\",\"https:\\\/\\\/www.youtube.com\\\/channel\\\/UCDdZ0TLrV8rfIqjBGvoeB5A\",\"https:\\\/\\\/www.tiktok.com\\\/@villedeneuillysurmarne\"]}]}<\/script>\n<!-- \/ Yoast SEO plugin. -->","yoast_head_json":{"title":"Identification et st\u00e9rilisation - Mairie de Neuilly-sur-Marne","robots":{"index":"index","follow":"follow","max-snippet":"max-snippet:-1","max-image-preview":"max-image-preview:large","max-video-preview":"max-video-preview:-1"},"canonical":"https:\/\/www.neuillysurmarne.fr\/it\/identification-et-sterilisation\/","og_locale":"it_IT","og_type":"article","og_title":"Identification et st\u00e9rilisation - Mairie de Neuilly-sur-Marne","og_description":"Faites identifier et st\u00e9riliser vos animaux Chien, chat, mais aussi furet : tous ces animaux de compagnie doivent \u00eatre identifi\u00e9s, c\u2019est-\u00e0-dire enregistr\u00e9s dans le fichier national d\u2019identification des carnivores domestiques en France. Ce fichier est g\u00e9r\u00e9 par la soci\u00e9t\u00e9\u00a0I-cad, plac\u00e9e sous d\u00e9l\u00e9gation du minist\u00e8re de l&rsquo;Agriculture et de la Souverainet\u00e9 alimentaire. Retrouvez toutes les informations [&hellip;]","og_url":"https:\/\/www.neuillysurmarne.fr\/it\/identification-et-sterilisation\/","og_site_name":"Mairie de Neuilly-sur-Marne","article_publisher":"https:\/\/www.facebook.com\/ville.neuilly","article_modified_time":"2024-06-26T15:18:15+00:00","og_image":[{"width":2560,"height":1097,"url":"https:\/\/www.neuillysurmarne.fr\/wp-content\/uploads\/2024\/06\/AdobeStock_768541373-scaled.jpeg","type":"image\/jpeg"}],"twitter_card":"summary_large_image","twitter_misc":{"Tempo di lettura stimato":"8 minuti"},"schema":{"@context":"https:\/\/schema.org","@graph":[{"@type":"WebPage","@id":"https:\/\/www.neuillysurmarne.fr\/identification-et-sterilisation\/","url":"https:\/\/www.neuillysurmarne.fr\/identification-et-sterilisation\/","name":"Identification et st\u00e9rilisation - Mairie de Neuilly-sur-Marne","isPartOf":{"@id":"https:\/\/www.neuillysurmarne.fr\/es\/#website"},"primaryImageOfPage":{"@id":"https:\/\/www.neuillysurmarne.fr\/identification-et-sterilisation\/#primaryimage"},"image":{"@id":"https:\/\/www.neuillysurmarne.fr\/identification-et-sterilisation\/#primaryimage"},"thumbnailUrl":"https:\/\/www.neuillysurmarne.fr\/wp-content\/uploads\/2024\/06\/AdobeStock_768541373-scaled.jpeg","datePublished":"2023-11-13T11:48:29+00:00","dateModified":"2024-06-26T15:18:15+00:00","breadcrumb":{"@id":"https:\/\/www.neuillysurmarne.fr\/identification-et-sterilisation\/#breadcrumb"},"inLanguage":"it-IT","potentialAction":[{"@type":"ReadAction","target":["https:\/\/www.neuillysurmarne.fr\/identification-et-sterilisation\/"]}]},{"@type":"ImageObject","inLanguage":"it-IT","@id":"https:\/\/www.neuillysurmarne.fr\/identification-et-sterilisation\/#primaryimage","url":"https:\/\/www.neuillysurmarne.fr\/wp-content\/uploads\/2024\/06\/AdobeStock_768541373-scaled.jpeg","contentUrl":"https:\/\/www.neuillysurmarne.fr\/wp-content\/uploads\/2024\/06\/AdobeStock_768541373-scaled.jpeg","width":2560,"height":1097,"caption":"An adorable corgi dog and a tabby cat relax in a sunny spring meadow together"},{"@type":"BreadcrumbList","@id":"https:\/\/www.neuillysurmarne.fr\/identification-et-sterilisation\/#breadcrumb","itemListElement":[{"@type":"ListItem","position":1,"name":"Accueil","item":"https:\/\/www.neuillysurmarne.fr\/"},{"@type":"ListItem","position":2,"name":"Identification et st\u00e9rilisation"}]},{"@type":"WebSite","@id":"https:\/\/www.neuillysurmarne.fr\/es\/#website","url":"https:\/\/www.neuillysurmarne.fr\/es\/","name":"Municipio di Neuilly-sur-Marne","description":"BETA","publisher":{"@id":"https:\/\/www.neuillysurmarne.fr\/es\/#organization"},"potentialAction":[{"@type":"SearchAction","target":{"@type":"EntryPoint","urlTemplate":"https:\/\/www.neuillysurmarne.fr\/es\/?s={search_term_string}"},"query-input":{"@type":"PropertyValueSpecification","valueRequired":true,"valueName":"search_term_string"}}],"inLanguage":"it-IT"},{"@type":"Organization","@id":"https:\/\/www.neuillysurmarne.fr\/es\/#organization","name":"Municipio di Neuilly-sur-Marne","url":"https:\/\/www.neuillysurmarne.fr\/es\/","logo":{"@type":"ImageObject","inLanguage":"it-IT","@id":"https:\/\/www.neuillysurmarne.fr\/es\/#\/schema\/logo\/image\/","url":"https:\/\/www.neuillysurmarne.fr\/wp-content\/uploads\/2023\/10\/LOGO-NeuillysurMarne-blanc.png","contentUrl":"https:\/\/www.neuillysurmarne.fr\/wp-content\/uploads\/2023\/10\/LOGO-NeuillysurMarne-blanc.png","width":3308,"height":2586,"caption":"Mairie de Neuilly-sur-Marne"},"image":{"@id":"https:\/\/www.neuillysurmarne.fr\/es\/#\/schema\/logo\/image\/"},"sameAs":["https:\/\/www.facebook.com\/ville.neuilly","https:\/\/www.instagram.com\/neuilly_marne\/","https:\/\/www.linkedin.com\/company\/ville-de-neuilly-sur-marne\/","https:\/\/www.youtube.com\/channel\/UCDdZ0TLrV8rfIqjBGvoeB5A","https:\/\/www.tiktok.com\/@villedeneuillysurmarne"]}]}},"_links":{"self":[{"href":"https:\/\/www.neuillysurmarne.fr\/it\/wp-json\/wp\/v2\/pages\/627","targetHints":{"allow":["GET"]}}],"collection":[{"href":"https:\/\/www.neuillysurmarne.fr\/it\/wp-json\/wp\/v2\/pages"}],"about":[{"href":"https:\/\/www.neuillysurmarne.fr\/it\/wp-json\/wp\/v2\/types\/page"}],"author":[{"embeddable":true,"href":"https:\/\/www.neuillysurmarne.fr\/it\/wp-json\/wp\/v2\/users\/1"}],"replies":[{"embeddable":true,"href":"https:\/\/www.neuillysurmarne.fr\/it\/wp-json\/wp\/v2\/comments?post=627"}],"version-history":[{"count":13,"href":"https:\/\/www.neuillysurmarne.fr\/it\/wp-json\/wp\/v2\/pages\/627\/revisions"}],"predecessor-version":[{"id":10703,"href":"https:\/\/www.neuillysurmarne.fr\/it\/wp-json\/wp\/v2\/pages\/627\/revisions\/10703"}],"wp:featuredmedia":[{"embeddable":true,"href":"https:\/\/www.neuillysurmarne.fr\/it\/wp-json\/wp\/v2\/media\/7890"}],"wp:attachment":[{"href":"https:\/\/www.neuillysurmarne.fr\/it\/wp-json\/wp\/v2\/media?parent=627"}],"curies":[{"name":"wp","href":"https:\/\/api.w.org\/{rel}","templated":true}]}}