{"id":743,"date":"2023-11-13T15:29:06","date_gmt":"2023-11-13T14:29:06","guid":{"rendered":"https:\/\/www.neuillysurmarne.fr\/?page_id=743"},"modified":"2024-08-12T10:37:09","modified_gmt":"2024-08-12T08:37:09","slug":"liste-des-centres-de-pmi","status":"publish","type":"page","link":"https:\/\/www.neuillysurmarne.fr\/ru\/liste-des-centres-de-pmi\/","title":{"rendered":"\u0421\u043f\u0438\u0441\u043e\u043a \u0446\u0435\u043d\u0442\u0440\u043e\u0432 PMI"},"content":{"rendered":"<div data-elementor-type=\"wp-page\" data-elementor-id=\"743\" class=\"elementor elementor-743\" data-elementor-post-type=\"page\">\n\t\t\t\t<div class=\"elementor-element elementor-element-55f44c98 e-flex e-con-boxed e-con e-parent\" data-id=\"55f44c98\" data-element_type=\"container\" data-e-type=\"container\">\n\t\t\t\t\t<div class=\"e-con-inner\">\n\t\t\t\t<div class=\"elementor-element elementor-element-b1b8633 elementor-widget elementor-widget-text-editor\" data-id=\"b1b8633\" data-element_type=\"widget\" data-e-type=\"widget\" data-widget_type=\"text-editor.default\">\n\t\t\t\t<div class=\"elementor-widget-container\">\n\t\t\t\t\t\t\t\t\t<p>Le<strong> \u0426\u0435\u043d\u0442\u0440 PMI<\/strong> (\u0417\u0430\u0449\u0438\u0442\u0430 \u043c\u0430\u0442\u0435\u0440\u0438\u043d\u0441\u0442\u0432\u0430 \u0438 \u0434\u0435\u0442\u0441\u0442\u0432\u0430) - \u044d\u0442\u043e \u043c\u0435\u0441\u0442\u043e, \u0433\u0434\u0435 \u0440\u043e\u0434\u0438\u0442\u0435\u043b\u0435\u0439 \u0438 \u0431\u0443\u0434\u0443\u0449\u0438\u0445 \u0440\u043e\u0434\u0438\u0442\u0435\u043b\u0435\u0439 \u043c\u043e\u0433\u0443\u0442 \u0432\u044b\u0441\u043b\u0443\u0448\u0430\u0442\u044c, \u0432\u0441\u0442\u0440\u0435\u0442\u0438\u0442\u044c, \u043f\u0440\u043e\u0438\u043d\u0444\u043e\u0440\u043c\u0438\u0440\u043e\u0432\u0430\u0442\u044c, \u0441\u043e\u043f\u0440\u043e\u0432\u043e\u0436\u0434\u0430\u0442\u044c \u0438 \u043f\u043e\u0434\u0434\u0435\u0440\u0436\u0438\u0432\u0430\u0442\u044c.<\/p><p>\u0423 \u0432\u0430\u0441 \u0434\u043e\u043b\u0436\u0435\u043d \u0431\u044b\u0442\u044c \u043f\u043e\u0441\u0442\u043e\u044f\u043d\u043d\u044b\u0439 \u0432\u0440\u0430\u0447, <strong>\u043c\u0435\u0434\u0438\u0446\u0438\u043d\u0441\u043a\u0438\u0439 \u043a\u043e\u043d\u0442\u0440\u043e\u043b\u044c \u0441\u043e \u0441\u0442\u043e\u0440\u043e\u043d\u044b PMI<\/strong> \u043f\u0440\u0435\u0436\u0434\u0435 \u0432\u0441\u0435\u0433\u043e, \u043f\u0440\u043e\u0444\u0438\u043b\u0430\u043a\u0442\u0438\u043a\u0430.<\/p><p>\u0417\u0434\u0435\u0441\u044c \u0432\u0430\u0441 \u0432\u0441\u0442\u0440\u0435\u0442\u0438\u0442 \u043a\u043e\u043c\u0430\u043d\u0434\u0430 \u043f\u0440\u043e\u0444\u0435\u0441\u0441\u0438\u043e\u043d\u0430\u043b\u043e\u0432, \u043a\u043e\u0442\u043e\u0440\u044b\u0435 \u043f\u043e\u0434\u0435\u043b\u044f\u0442\u0441\u044f \u0441 \u0432\u0430\u043c\u0438 \u0441\u0432\u043e\u0438\u043c \u043e\u043f\u044b\u0442\u043e\u043c: \u043c\u0435\u0434\u0441\u0435\u0441\u0442\u0440\u044b, \u043f\u043e\u043c\u043e\u0449\u043d\u0438\u043a\u0438 \u043f\u043e \u0443\u0445\u043e\u0434\u0443 \u0437\u0430 \u0434\u0435\u0442\u044c\u043c\u0438, \u0432\u043e\u0441\u043f\u0438\u0442\u0430\u0442\u0435\u043b\u0438 \u0434\u0435\u0442\u0435\u0439 \u043c\u043b\u0430\u0434\u0448\u0435\u0433\u043e \u0432\u043e\u0437\u0440\u0430\u0441\u0442\u0430, \u043f\u0441\u0438\u0445\u043e\u043b\u043e\u0433\u0438, \u043f\u0441\u0438\u0445\u043e\u043c\u043e\u0442\u043e\u0440\u043d\u044b\u0435 \u0442\u0435\u0440\u0430\u043f\u0435\u0432\u0442\u044b, \u043a\u043e\u043d\u0441\u0443\u043b\u044c\u0442\u0430\u043d\u0442\u044b \u043f\u043e \u0432\u043e\u043f\u0440\u043e\u0441\u0430\u043c \u0431\u0440\u0430\u043a\u0430 \u0438 \u0441\u0435\u043c\u044c\u0438, \u0430\u043a\u0443\u0448\u0435\u0440\u043a\u0438 \u0438 \u0432\u0440\u0430\u0447\u0438.<\/p><p>\u0421\u0430\u0439\u0442 <strong>PMI \u041d\u0435\u0439\u0438-\u0441\u044e\u0440-\u041c\u0430\u0440\u043d<\/strong> \u043e\u0442\u043a\u0440\u044b\u0442\u044b \u0434\u043b\u044f \u0432\u0441\u0435\u0445, \u0438 \u0432\u0441\u0435 \u0438\u043d\u0442\u0435\u0440\u0432\u044c\u044e \u043a\u043e\u043d\u0444\u0438\u0434\u0435\u043d\u0446\u0438\u0430\u043b\u044c\u043d\u044b.<\/p>\t\t\t\t\t\t\t\t<\/div>\n\t\t\t\t<\/div>\n\t\t<div class=\"elementor-element elementor-element-38b9a6e e-flex e-con-boxed e-con e-child\" data-id=\"38b9a6e\" data-element_type=\"container\" data-e-type=\"container\">\n\t\t\t\t\t<div class=\"e-con-inner\">\n\t\t\t\t<div class=\"elementor-element elementor-element-51afac0 elementor-widget elementor-widget-n-accordion\" data-id=\"51afac0\" data-element_type=\"widget\" data-e-type=\"widget\" data-settings=\"{&quot;default_state&quot;:&quot;all_collapsed&quot;,&quot;max_items_expended&quot;:&quot;one&quot;,&quot;n_accordion_animation_duration&quot;:{&quot;unit&quot;:&quot;ms&quot;,&quot;size&quot;:400,&quot;sizes&quot;:[]}}\" data-widget_type=\"nested-accordion.default\">\n\t\t\t\t<div class=\"elementor-widget-container\">\n\t\t\t\t\t\t\t<div class=\"e-n-accordion\" aria-label=\"\u0410\u043a\u043a\u043e\u0440\u0434\u0435\u043e\u043d. \u041e\u0442\u043a\u0440\u044b\u0432\u0430\u0439\u0442\u0435 \u0441\u0441\u044b\u043b\u043a\u0438 \u0441 \u043f\u043e\u043c\u043e\u0449\u044c\u044e Enter \u0438\u043b\u0438 Space, \u0437\u0430\u043a\u0440\u044b\u0432\u0430\u0439\u0442\u0435 \u0441 \u043f\u043e\u043c\u043e\u0449\u044c\u044e Escape, \u0430 \u043f\u0435\u0440\u0435\u043c\u0435\u0449\u0430\u0439\u0442\u0435\u0441\u044c \u0441 \u043f\u043e\u043c\u043e\u0449\u044c\u044e \u043a\u043b\u0430\u0432\u0438\u0448 \u0441\u043e \u0441\u0442\u0440\u0435\u043b\u043a\u0430\u043c\u0438.\">\n\t\t\t\t\t\t<details id=\"e-n-accordion-item-8560\" class=\"e-n-accordion-item\" >\n\t\t\t\t<summary class=\"e-n-accordion-item-title\" data-accordion-index=\"1\" tabindex=\"0\" aria-expanded=\"false\" aria-controls=\"e-n-accordion-item-8560\" >\n\t\t\t\t\t<span class='e-n-accordion-item-title-header'><div class=\"e-n-accordion-item-title-text\"> PMI \u0410\u043d\u0440\u0438 \u0414\u044e\u043d\u0430\u043d <\/div><\/span>\n\t\t\t\t\t\t\t<span class='e-n-accordion-item-title-icon'>\n\t\t\t<span class='e-opened' ><svg aria-hidden=\"true\" class=\"e-font-icon-svg e-fas-minus\" viewbox=\"0 0 448 512\" xmlns=\"http:\/\/www.w3.org\/2000\/svg\"><path d=\"M416 208H32c-17.67 0-32 14.33-32 32v32c0 17.67 14.33 32 32 32h384c17.67 0 32-14.33 32-32v-32c0-17.67-14.33-32-32-32z\"><\/path><\/svg><\/span>\n\t\t\t<span class='e-closed'><svg aria-hidden=\"true\" class=\"e-font-icon-svg e-fas-plus\" viewbox=\"0 0 448 512\" xmlns=\"http:\/\/www.w3.org\/2000\/svg\"><path d=\"M416 208H272V64c0-17.67-14.33-32-32-32h-32c-17.67 0-32 14.33-32 32v144H32c-17.67 0-32 14.33-32 32v32c0 17.67 14.33 32 32 32h144v144c0 17.67 14.33 32 32 32h32c17.67 0 32-14.33 32-32V304h144c17.67 0 32-14.33 32-32v-32c0-17.67-14.33-32-32-32z\"><\/path><\/svg><\/span>\n\t\t<\/span>\n\n\t\t\t\t\t\t<\/summary>\n\t\t\t\t<div role=\"region\" aria-labelledby=\"e-n-accordion-item-8560\" class=\"elementor-element elementor-element-9fabbe3 e-con-full e-flex e-con e-child\" data-id=\"9fabbe3\" data-element_type=\"container\" data-e-type=\"container\">\n\t\t<div role=\"region\" aria-labelledby=\"e-n-accordion-item-8560\" class=\"elementor-element elementor-element-984f414 e-flex e-con-boxed e-con e-child\" data-id=\"984f414\" data-element_type=\"container\" data-e-type=\"container\">\n\t\t\t\t\t<div class=\"e-con-inner\">\n\t\t<div role=\"region\" aria-labelledby=\"e-n-accordion-item-8560\" class=\"elementor-element elementor-element-4433942 e-grid e-con-boxed e-con e-child\" data-id=\"4433942\" data-element_type=\"container\" data-e-type=\"container\">\n\t\t\t\t\t<div class=\"e-con-inner\">\n\t\t\t\t<div class=\"elementor-element elementor-element-bc0a097 elementor-widget elementor-widget-text-editor\" data-id=\"bc0a097\" data-element_type=\"widget\" data-e-type=\"widget\" data-widget_type=\"text-editor.default\">\n\t\t\t\t<div class=\"elementor-widget-container\">\n\t\t\t\t\t\t\t\t\t<div class=\"elementor-widget-container\"><h3 class=\"destinataire\"><strong>PMI \u0410\u043d\u0440\u0438 \u0414\u044e\u043d\u0430\u043d<br \/><\/strong><\/h3><div class=\"streetAddress\">\u0426\u0435\u043d\u0442\u0440 \u0440\u0430\u043d\u043d\u0435\u0433\u043e \u0434\u0435\u0442\u0441\u0442\u0432\u0430<\/div><div>\u00a0<\/div><div class=\"streetAddress\">\ud83d\udccd 10 avenue L\u00e9on Blum<br \/>93330 \u041d\u0435\u0439\u0438-\u0441\u044e\u0440-\u041c\u0430\u0440\u043d<\/div><div>\u00a0<\/div><div class=\"streetAddress\"><span class=\"telephone\">\ud83d\udcde 01 43 01 49 90<br \/><\/span><\/div><\/div><div>\u00a0<\/div><div>Ouvert du lundi au vendredi : 9h-12h30 et 13h30-17h30<\/div><div class=\"elementor-widget-container\">\u00a0<\/div>\t\t\t\t\t\t\t\t<\/div>\n\t\t\t\t<\/div>\n\t\t\t\t<div class=\"elementor-element elementor-element-4f27e6d elementor-widget elementor-widget-google_maps\" data-id=\"4f27e6d\" data-element_type=\"widget\" data-e-type=\"widget\" data-widget_type=\"google_maps.default\">\n\t\t\t\t<div class=\"elementor-widget-container\">\n\t\t\t\t\t\t\t<div class=\"elementor-custom-embed\">\n\t\t\t<iframe loading=\"lazy\"\n\t\t\t\t\tsrc=\"https:\/\/maps.google.com\/maps?q=10%20avenue%20L%C3%A9on%20Blum%2C%2093330&#038;t=m&#038;z=17&#038;output=embed&#038;iwloc=near\"\n\t\t\t\t\ttitle=\"10 \u0430\u0432\u0435\u043d\u044e \u041b\u0435\u043e\u043d \u0411\u043b\u044e\u043c, 93330 \u0424\u0440\u0430\u043d\u0446\u0438\u044f\"\n\t\t\t\t\taria-label=\"10 \u0430\u0432\u0435\u043d\u044e \u041b\u0435\u043e\u043d \u0411\u043b\u044e\u043c, 93330 \u0424\u0440\u0430\u043d\u0446\u0438\u044f\"\n\t\t\t><\/iframe>\n\t\t<\/div>\n\t\t\t\t\t\t<\/div>\n\t\t\t\t<\/div>\n\t\t\t\t\t<\/div>\n\t\t\t\t<\/div>\n\t\t\t\t\t<\/div>\n\t\t\t\t<\/div>\n\t\t\t\t<\/div>\n\t\t\t\t\t<\/details>\n\t\t\t\t\t\t<details id=\"e-n-accordion-item-8561\" class=\"e-n-accordion-item\" >\n\t\t\t\t<summary class=\"e-n-accordion-item-title\" data-accordion-index=\"2\" tabindex=\"-1\" aria-expanded=\"false\" aria-controls=\"e-n-accordion-item-8561\" >\n\t\t\t\t\t<span class='e-n-accordion-item-title-header'><div class=\"e-n-accordion-item-title-text\"> PMI \u041f\u044c\u0435\u0440 \u0420\u0443\u043a\u0435\u0437 <\/div><\/span>\n\t\t\t\t\t\t\t<span class='e-n-accordion-item-title-icon'>\n\t\t\t<span class='e-opened' ><svg aria-hidden=\"true\" class=\"e-font-icon-svg e-fas-minus\" viewbox=\"0 0 448 512\" xmlns=\"http:\/\/www.w3.org\/2000\/svg\"><path d=\"M416 208H32c-17.67 0-32 14.33-32 32v32c0 17.67 14.33 32 32 32h384c17.67 0 32-14.33 32-32v-32c0-17.67-14.33-32-32-32z\"><\/path><\/svg><\/span>\n\t\t\t<span class='e-closed'><svg aria-hidden=\"true\" class=\"e-font-icon-svg e-fas-plus\" viewbox=\"0 0 448 512\" xmlns=\"http:\/\/www.w3.org\/2000\/svg\"><path d=\"M416 208H272V64c0-17.67-14.33-32-32-32h-32c-17.67 0-32 14.33-32 32v144H32c-17.67 0-32 14.33-32 32v32c0 17.67 14.33 32 32 32h144v144c0 17.67 14.33 32 32 32h32c17.67 0 32-14.33 32-32V304h144c17.67 0 32-14.33 32-32v-32c0-17.67-14.33-32-32-32z\"><\/path><\/svg><\/span>\n\t\t<\/span>\n\n\t\t\t\t\t\t<\/summary>\n\t\t\t\t<div role=\"region\" aria-labelledby=\"e-n-accordion-item-8561\" class=\"elementor-element elementor-element-4a68a82 e-con-full e-flex e-con e-child\" data-id=\"4a68a82\" data-element_type=\"container\" data-e-type=\"container\">\n\t\t<div role=\"region\" aria-labelledby=\"e-n-accordion-item-8561\" class=\"elementor-element elementor-element-0ed3ad6 e-flex e-con-boxed e-con e-child\" data-id=\"0ed3ad6\" data-element_type=\"container\" data-e-type=\"container\">\n\t\t\t\t\t<div class=\"e-con-inner\">\n\t\t<div role=\"region\" aria-labelledby=\"e-n-accordion-item-8561\" class=\"elementor-element elementor-element-18fa9fe e-grid e-con-boxed e-con e-child\" data-id=\"18fa9fe\" data-element_type=\"container\" data-e-type=\"container\">\n\t\t\t\t\t<div class=\"e-con-inner\">\n\t\t\t\t<div class=\"elementor-element elementor-element-c6d9e7f elementor-widget elementor-widget-text-editor\" data-id=\"c6d9e7f\" data-element_type=\"widget\" data-e-type=\"widget\" data-widget_type=\"text-editor.default\">\n\t\t\t\t<div class=\"elementor-widget-container\">\n\t\t\t\t\t\t\t\t\t<div class=\"elementor-widget-container\"><h3 class=\"destinataire\"><strong>PMI \u041f\u044c\u0435\u0440 \u0420\u0443\u043a\u0435\u0437<br \/><\/strong><\/h3><div>\u00a0<\/div><div class=\"streetAddress\">\ud83d\udccd 5 rue Ledru Rollin<br \/>93330 \u041d\u0435\u0439\u0438-\u0441\u044e\u0440-\u041c\u0430\u0440\u043d<\/div><div>\u00a0<\/div><div class=\"streetAddress\"><span class=\"telephone\">\ud83d\udcde 01 43 08 23 72<br \/><\/span><\/div><\/div><div>\u00a0<\/div><div>Ouvert du lundi au vendredi : 9h-12h30 et 13h30-17h30<\/div><div class=\"elementor-widget-container\">\u00a0<\/div>\t\t\t\t\t\t\t\t<\/div>\n\t\t\t\t<\/div>\n\t\t\t\t<div class=\"elementor-element elementor-element-407e2a2 elementor-widget elementor-widget-google_maps\" data-id=\"407e2a2\" data-element_type=\"widget\" data-e-type=\"widget\" data-widget_type=\"google_maps.default\">\n\t\t\t\t<div class=\"elementor-widget-container\">\n\t\t\t\t\t\t\t<div class=\"elementor-custom-embed\">\n\t\t\t<iframe loading=\"lazy\"\n\t\t\t\t\tsrc=\"https:\/\/maps.google.com\/maps?q=5%20rue%20Ledru%20Rollin%2C%2093330&#038;t=m&#038;z=17&#038;output=embed&#038;iwloc=near\"\n\t\t\t\t\ttitle=\"5 \u0443\u043b\u0438\u0446\u0430 \u041b\u0435\u0434\u0440\u0443 \u0420\u043e\u043b\u043b\u0438\u043d, 93330\"\n\t\t\t\t\taria-label=\"5 \u0443\u043b\u0438\u0446\u0430 \u041b\u0435\u0434\u0440\u0443 \u0420\u043e\u043b\u043b\u0438\u043d, 93330\"\n\t\t\t><\/iframe>\n\t\t<\/div>\n\t\t\t\t\t\t<\/div>\n\t\t\t\t<\/div>\n\t\t\t\t\t<\/div>\n\t\t\t\t<\/div>\n\t\t\t\t\t<\/div>\n\t\t\t\t<\/div>\n\t\t\t\t<\/div>\n\t\t\t\t\t<\/details>\n\t\t\t\t\t<\/div>\n\t\t\t\t\t\t<\/div>\n\t\t\t\t<\/div>\n\t\t\t\t\t<\/div>\n\t\t\t\t<\/div>\n\t\t\t\t\t<\/div>\n\t\t\t\t<\/div>\n\t\t\t\t<\/div>","protected":false},"excerpt":{"rendered":"<p>Le centre de PMI (Protection Maternelle et Infantile) est un lieu d\u2019\u00e9coute, de rencontres, d\u2019informations, d\u2019accompagnement et de soutien aux parents et futurs parents. Il est n\u00e9cessaire d\u2019avoir un m\u00e9decin traitant attitr\u00e9, le suivi m\u00e9dical de la PMI \u00e9tant avant tout pr\u00e9ventif. Une \u00e9quipe de professionnels vous accueille et vous fait part de leur expertise [&hellip;]<\/p>\n","protected":false},"author":1,"featured_media":1165,"parent":0,"menu_order":0,"comment_status":"closed","ping_status":"closed","template":"","meta":{"_acf_changed":false,"footnotes":""},"class_list":["post-743","page","type-page","status-publish","has-post-thumbnail","hentry"],"acf":[],"yoast_head":"<!-- This site is optimized with the Yoast SEO plugin v27.4 - https:\/\/yoast.com\/product\/yoast-seo-wordpress\/ -->\n<title>Liste des centres de PMI - Mairie de Neuilly-sur-Marne<\/title>\n<meta name=\"robots\" content=\"index, follow, max-snippet:-1, max-image-preview:large, max-video-preview:-1\" \/>\n<link rel=\"canonical\" href=\"https:\/\/www.neuillysurmarne.fr\/ru\/liste-des-centres-de-pmi\/\" \/>\n<meta property=\"og:locale\" content=\"ru_RU\" \/>\n<meta property=\"og:type\" content=\"article\" \/>\n<meta property=\"og:title\" content=\"Liste des centres de PMI - Mairie de Neuilly-sur-Marne\" \/>\n<meta property=\"og:description\" content=\"Le centre de PMI (Protection Maternelle et Infantile) est un lieu d\u2019\u00e9coute, de rencontres, d\u2019informations, d\u2019accompagnement et de soutien aux parents et futurs parents. Il est n\u00e9cessaire d\u2019avoir un m\u00e9decin traitant attitr\u00e9, le suivi m\u00e9dical de la PMI \u00e9tant avant tout pr\u00e9ventif. Une \u00e9quipe de professionnels vous accueille et vous fait part de leur expertise [&hellip;]\" \/>\n<meta property=\"og:url\" content=\"https:\/\/www.neuillysurmarne.fr\/ru\/liste-des-centres-de-pmi\/\" \/>\n<meta property=\"og:site_name\" content=\"Mairie de Neuilly-sur-Marne\" \/>\n<meta property=\"article:publisher\" content=\"https:\/\/www.facebook.com\/ville.neuilly\" \/>\n<meta property=\"article:modified_time\" content=\"2024-08-12T08:37:09+00:00\" \/>\n<meta property=\"og:image\" content=\"https:\/\/www.neuillysurmarne.fr\/wp-content\/uploads\/2023\/11\/Bandeaux-site-Neuilly-sur-Marne-15.jpg\" \/>\n\t<meta property=\"og:image:width\" content=\"1400\" \/>\n\t<meta property=\"og:image:height\" content=\"700\" \/>\n\t<meta property=\"og:image:type\" content=\"image\/jpeg\" \/>\n<meta name=\"twitter:card\" content=\"summary_large_image\" \/>\n<meta name=\"twitter:label1\" content=\"\u041f\u0440\u0438\u043c\u0435\u0440\u043d\u043e\u0435 \u0432\u0440\u0435\u043c\u044f \u0434\u043b\u044f \u0447\u0442\u0435\u043d\u0438\u044f\" \/>\n\t<meta name=\"twitter:data1\" content=\"2 \u043c\u0438\u043d\u0443\u0442\u044b\" \/>\n<script type=\"application\/ld+json\" class=\"yoast-schema-graph\">{\"@context\":\"https:\\\/\\\/schema.org\",\"@graph\":[{\"@type\":\"WebPage\",\"@id\":\"https:\\\/\\\/www.neuillysurmarne.fr\\\/liste-des-centres-de-pmi\\\/\",\"url\":\"https:\\\/\\\/www.neuillysurmarne.fr\\\/liste-des-centres-de-pmi\\\/\",\"name\":\"Liste des centres de PMI - Mairie de Neuilly-sur-Marne\",\"isPartOf\":{\"@id\":\"https:\\\/\\\/www.neuillysurmarne.fr\\\/es\\\/#website\"},\"primaryImageOfPage\":{\"@id\":\"https:\\\/\\\/www.neuillysurmarne.fr\\\/liste-des-centres-de-pmi\\\/#primaryimage\"},\"image\":{\"@id\":\"https:\\\/\\\/www.neuillysurmarne.fr\\\/liste-des-centres-de-pmi\\\/#primaryimage\"},\"thumbnailUrl\":\"https:\\\/\\\/www.neuillysurmarne.fr\\\/wp-content\\\/uploads\\\/2023\\\/11\\\/Bandeaux-site-Neuilly-sur-Marne-15.jpg\",\"datePublished\":\"2023-11-13T14:29:06+00:00\",\"dateModified\":\"2024-08-12T08:37:09+00:00\",\"breadcrumb\":{\"@id\":\"https:\\\/\\\/www.neuillysurmarne.fr\\\/liste-des-centres-de-pmi\\\/#breadcrumb\"},\"inLanguage\":\"ru-RU\",\"potentialAction\":[{\"@type\":\"ReadAction\",\"target\":[\"https:\\\/\\\/www.neuillysurmarne.fr\\\/liste-des-centres-de-pmi\\\/\"]}]},{\"@type\":\"ImageObject\",\"inLanguage\":\"ru-RU\",\"@id\":\"https:\\\/\\\/www.neuillysurmarne.fr\\\/liste-des-centres-de-pmi\\\/#primaryimage\",\"url\":\"https:\\\/\\\/www.neuillysurmarne.fr\\\/wp-content\\\/uploads\\\/2023\\\/11\\\/Bandeaux-site-Neuilly-sur-Marne-15.jpg\",\"contentUrl\":\"https:\\\/\\\/www.neuillysurmarne.fr\\\/wp-content\\\/uploads\\\/2023\\\/11\\\/Bandeaux-site-Neuilly-sur-Marne-15.jpg\",\"width\":1400,\"height\":700},{\"@type\":\"BreadcrumbList\",\"@id\":\"https:\\\/\\\/www.neuillysurmarne.fr\\\/liste-des-centres-de-pmi\\\/#breadcrumb\",\"itemListElement\":[{\"@type\":\"ListItem\",\"position\":1,\"name\":\"Accueil\",\"item\":\"https:\\\/\\\/www.neuillysurmarne.fr\\\/\"},{\"@type\":\"ListItem\",\"position\":2,\"name\":\"Liste des centres de PMI\"}]},{\"@type\":\"WebSite\",\"@id\":\"https:\\\/\\\/www.neuillysurmarne.fr\\\/es\\\/#website\",\"url\":\"https:\\\/\\\/www.neuillysurmarne.fr\\\/es\\\/\",\"name\":\"Mairie de Neuilly-sur-Marne\",\"description\":\"BETA\",\"publisher\":{\"@id\":\"https:\\\/\\\/www.neuillysurmarne.fr\\\/es\\\/#organization\"},\"potentialAction\":[{\"@type\":\"SearchAction\",\"target\":{\"@type\":\"EntryPoint\",\"urlTemplate\":\"https:\\\/\\\/www.neuillysurmarne.fr\\\/es\\\/?s={search_term_string}\"},\"query-input\":{\"@type\":\"PropertyValueSpecification\",\"valueRequired\":true,\"valueName\":\"search_term_string\"}}],\"inLanguage\":\"ru-RU\"},{\"@type\":\"Organization\",\"@id\":\"https:\\\/\\\/www.neuillysurmarne.fr\\\/es\\\/#organization\",\"name\":\"Mairie de Neuilly-sur-Marne\",\"url\":\"https:\\\/\\\/www.neuillysurmarne.fr\\\/es\\\/\",\"logo\":{\"@type\":\"ImageObject\",\"inLanguage\":\"ru-RU\",\"@id\":\"https:\\\/\\\/www.neuillysurmarne.fr\\\/es\\\/#\\\/schema\\\/logo\\\/image\\\/\",\"url\":\"https:\\\/\\\/www.neuillysurmarne.fr\\\/wp-content\\\/uploads\\\/2023\\\/10\\\/LOGO-NeuillysurMarne-blanc.png\",\"contentUrl\":\"https:\\\/\\\/www.neuillysurmarne.fr\\\/wp-content\\\/uploads\\\/2023\\\/10\\\/LOGO-NeuillysurMarne-blanc.png\",\"width\":3308,\"height\":2586,\"caption\":\"Mairie de Neuilly-sur-Marne\"},\"image\":{\"@id\":\"https:\\\/\\\/www.neuillysurmarne.fr\\\/es\\\/#\\\/schema\\\/logo\\\/image\\\/\"},\"sameAs\":[\"https:\\\/\\\/www.facebook.com\\\/ville.neuilly\",\"https:\\\/\\\/www.instagram.com\\\/neuilly_marne\\\/\",\"https:\\\/\\\/www.linkedin.com\\\/company\\\/ville-de-neuilly-sur-marne\\\/\",\"https:\\\/\\\/www.youtube.com\\\/channel\\\/UCDdZ0TLrV8rfIqjBGvoeB5A\",\"https:\\\/\\\/www.tiktok.com\\\/@villedeneuillysurmarne\"]}]}<\/script>\n<!-- \/ Yoast SEO plugin. -->","yoast_head_json":{"title":"Liste des centres de PMI - Mairie de Neuilly-sur-Marne","robots":{"index":"index","follow":"follow","max-snippet":"max-snippet:-1","max-image-preview":"max-image-preview:large","max-video-preview":"max-video-preview:-1"},"canonical":"https:\/\/www.neuillysurmarne.fr\/ru\/liste-des-centres-de-pmi\/","og_locale":"ru_RU","og_type":"article","og_title":"Liste des centres de PMI - Mairie de Neuilly-sur-Marne","og_description":"Le centre de PMI (Protection Maternelle et Infantile) est un lieu d\u2019\u00e9coute, de rencontres, d\u2019informations, d\u2019accompagnement et de soutien aux parents et futurs parents. Il est n\u00e9cessaire d\u2019avoir un m\u00e9decin traitant attitr\u00e9, le suivi m\u00e9dical de la PMI \u00e9tant avant tout pr\u00e9ventif. Une \u00e9quipe de professionnels vous accueille et vous fait part de leur expertise [&hellip;]","og_url":"https:\/\/www.neuillysurmarne.fr\/ru\/liste-des-centres-de-pmi\/","og_site_name":"Mairie de Neuilly-sur-Marne","article_publisher":"https:\/\/www.facebook.com\/ville.neuilly","article_modified_time":"2024-08-12T08:37:09+00:00","og_image":[{"width":1400,"height":700,"url":"https:\/\/www.neuillysurmarne.fr\/wp-content\/uploads\/2023\/11\/Bandeaux-site-Neuilly-sur-Marne-15.jpg","type":"image\/jpeg"}],"twitter_card":"summary_large_image","twitter_misc":{"\u041f\u0440\u0438\u043c\u0435\u0440\u043d\u043e\u0435 \u0432\u0440\u0435\u043c\u044f \u0434\u043b\u044f \u0447\u0442\u0435\u043d\u0438\u044f":"2 \u043c\u0438\u043d\u0443\u0442\u044b"},"schema":{"@context":"https:\/\/schema.org","@graph":[{"@type":"WebPage","@id":"https:\/\/www.neuillysurmarne.fr\/liste-des-centres-de-pmi\/","url":"https:\/\/www.neuillysurmarne.fr\/liste-des-centres-de-pmi\/","name":"Liste des centres de PMI - Mairie de Neuilly-sur-Marne","isPartOf":{"@id":"https:\/\/www.neuillysurmarne.fr\/es\/#website"},"primaryImageOfPage":{"@id":"https:\/\/www.neuillysurmarne.fr\/liste-des-centres-de-pmi\/#primaryimage"},"image":{"@id":"https:\/\/www.neuillysurmarne.fr\/liste-des-centres-de-pmi\/#primaryimage"},"thumbnailUrl":"https:\/\/www.neuillysurmarne.fr\/wp-content\/uploads\/2023\/11\/Bandeaux-site-Neuilly-sur-Marne-15.jpg","datePublished":"2023-11-13T14:29:06+00:00","dateModified":"2024-08-12T08:37:09+00:00","breadcrumb":{"@id":"https:\/\/www.neuillysurmarne.fr\/liste-des-centres-de-pmi\/#breadcrumb"},"inLanguage":"ru-RU","potentialAction":[{"@type":"ReadAction","target":["https:\/\/www.neuillysurmarne.fr\/liste-des-centres-de-pmi\/"]}]},{"@type":"ImageObject","inLanguage":"ru-RU","@id":"https:\/\/www.neuillysurmarne.fr\/liste-des-centres-de-pmi\/#primaryimage","url":"https:\/\/www.neuillysurmarne.fr\/wp-content\/uploads\/2023\/11\/Bandeaux-site-Neuilly-sur-Marne-15.jpg","contentUrl":"https:\/\/www.neuillysurmarne.fr\/wp-content\/uploads\/2023\/11\/Bandeaux-site-Neuilly-sur-Marne-15.jpg","width":1400,"height":700},{"@type":"BreadcrumbList","@id":"https:\/\/www.neuillysurmarne.fr\/liste-des-centres-de-pmi\/#breadcrumb","itemListElement":[{"@type":"ListItem","position":1,"name":"Accueil","item":"https:\/\/www.neuillysurmarne.fr\/"},{"@type":"ListItem","position":2,"name":"Liste des centres de PMI"}]},{"@type":"WebSite","@id":"https:\/\/www.neuillysurmarne.fr\/es\/#website","url":"https:\/\/www.neuillysurmarne.fr\/es\/","name":"\u0420\u0430\u0442\u0443\u0448\u0430 \u041d\u0435\u0439\u0438-\u0441\u044e\u0440-\u041c\u0430\u0440\u043d","description":"\u0411\u0415\u0422\u0410","publisher":{"@id":"https:\/\/www.neuillysurmarne.fr\/es\/#organization"},"potentialAction":[{"@type":"SearchAction","target":{"@type":"EntryPoint","urlTemplate":"https:\/\/www.neuillysurmarne.fr\/es\/?s={search_term_string}"},"query-input":{"@type":"PropertyValueSpecification","valueRequired":true,"valueName":"search_term_string"}}],"inLanguage":"ru-RU"},{"@type":"Organization","@id":"https:\/\/www.neuillysurmarne.fr\/es\/#organization","name":"\u0420\u0430\u0442\u0443\u0448\u0430 \u041d\u0435\u0439\u0438-\u0441\u044e\u0440-\u041c\u0430\u0440\u043d","url":"https:\/\/www.neuillysurmarne.fr\/es\/","logo":{"@type":"ImageObject","inLanguage":"ru-RU","@id":"https:\/\/www.neuillysurmarne.fr\/es\/#\/schema\/logo\/image\/","url":"https:\/\/www.neuillysurmarne.fr\/wp-content\/uploads\/2023\/10\/LOGO-NeuillysurMarne-blanc.png","contentUrl":"https:\/\/www.neuillysurmarne.fr\/wp-content\/uploads\/2023\/10\/LOGO-NeuillysurMarne-blanc.png","width":3308,"height":2586,"caption":"Mairie de Neuilly-sur-Marne"},"image":{"@id":"https:\/\/www.neuillysurmarne.fr\/es\/#\/schema\/logo\/image\/"},"sameAs":["https:\/\/www.facebook.com\/ville.neuilly","https:\/\/www.instagram.com\/neuilly_marne\/","https:\/\/www.linkedin.com\/company\/ville-de-neuilly-sur-marne\/","https:\/\/www.youtube.com\/channel\/UCDdZ0TLrV8rfIqjBGvoeB5A","https:\/\/www.tiktok.com\/@villedeneuillysurmarne"]}]}},"_links":{"self":[{"href":"https:\/\/www.neuillysurmarne.fr\/ru\/wp-json\/wp\/v2\/pages\/743","targetHints":{"allow":["GET"]}}],"collection":[{"href":"https:\/\/www.neuillysurmarne.fr\/ru\/wp-json\/wp\/v2\/pages"}],"about":[{"href":"https:\/\/www.neuillysurmarne.fr\/ru\/wp-json\/wp\/v2\/types\/page"}],"author":[{"embeddable":true,"href":"https:\/\/www.neuillysurmarne.fr\/ru\/wp-json\/wp\/v2\/users\/1"}],"replies":[{"embeddable":true,"href":"https:\/\/www.neuillysurmarne.fr\/ru\/wp-json\/wp\/v2\/comments?post=743"}],"version-history":[{"count":18,"href":"https:\/\/www.neuillysurmarne.fr\/ru\/wp-json\/wp\/v2\/pages\/743\/revisions"}],"predecessor-version":[{"id":12561,"href":"https:\/\/www.neuillysurmarne.fr\/ru\/wp-json\/wp\/v2\/pages\/743\/revisions\/12561"}],"wp:featuredmedia":[{"embeddable":true,"href":"https:\/\/www.neuillysurmarne.fr\/ru\/wp-json\/wp\/v2\/media\/1165"}],"wp:attachment":[{"href":"https:\/\/www.neuillysurmarne.fr\/ru\/wp-json\/wp\/v2\/media?parent=743"}],"curies":[{"name":"wp","href":"https:\/\/api.w.org\/{rel}","templated":true}]}}