{"id":519,"date":"2023-11-13T12:00:36","date_gmt":"2023-11-13T11:00:36","guid":{"rendered":"https:\/\/www.neuillysurmarne.fr\/?page_id=519"},"modified":"2024-06-26T17:22:12","modified_gmt":"2024-06-26T15:22:12","slug":"mission-locale-de-la-marne-aux-bois","status":"publish","type":"page","link":"https:\/\/www.neuillysurmarne.fr\/zh\/mission-locale-de-la-marne-aux-bois\/","title":{"rendered":"\u5e03\u74e6\u9a6c\u6069\u5730\u65b9\u4f20\u6559\u4f1a"},"content":{"rendered":"<div data-elementor-type=\"wp-page\" data-elementor-id=\"519\" class=\"elementor elementor-519\" data-elementor-post-type=\"page\">\n\t\t\t\t<div class=\"elementor-element elementor-element-71907afc e-flex e-con-boxed e-con e-parent\" data-id=\"71907afc\" data-element_type=\"container\" data-e-type=\"container\">\n\t\t\t\t\t<div class=\"e-con-inner\">\n\t\t\t\t<div class=\"elementor-element elementor-element-40139cf elementor-widget elementor-widget-n-accordion\" data-id=\"40139cf\" data-element_type=\"widget\" data-e-type=\"widget\" data-settings=\"{&quot;default_state&quot;:&quot;all_collapsed&quot;,&quot;max_items_expended&quot;:&quot;one&quot;,&quot;n_accordion_animation_duration&quot;:{&quot;unit&quot;:&quot;ms&quot;,&quot;size&quot;:400,&quot;sizes&quot;:[]}}\" data-widget_type=\"nested-accordion.default\">\n\t\t\t\t<div class=\"elementor-widget-container\">\n\t\t\t\t\t\t\t<div class=\"e-n-accordion\" aria-label=\"\u624b\u98ce\u7434\u3002\u7528 Enter \u6216 Space \u952e\u6253\u5f00\u94fe\u63a5\uff0c\u7528 Escape \u952e\u5173\u95ed\u94fe\u63a5\uff0c\u7528\u7bad\u5934\u952e\u5bfc\u822a\">\n\t\t\t\t\t\t<details id=\"e-n-accordion-item-6710\" class=\"e-n-accordion-item\" >\n\t\t\t\t<summary class=\"e-n-accordion-item-title\" data-accordion-index=\"1\" tabindex=\"0\" aria-expanded=\"false\" aria-controls=\"e-n-accordion-item-6710\" >\n\t\t\t\t\t<span class='e-n-accordion-item-title-header'><div class=\"e-n-accordion-item-title-text\"> \u4efb\u52a1 <\/div><\/span>\n\t\t\t\t\t\t\t<span class='e-n-accordion-item-title-icon'>\n\t\t\t<span class='e-opened' ><svg aria-hidden=\"true\" class=\"e-font-icon-svg e-fas-minus\" viewbox=\"0 0 448 512\" xmlns=\"http:\/\/www.w3.org\/2000\/svg\"><path d=\"M416 208H32c-17.67 0-32 14.33-32 32v32c0 17.67 14.33 32 32 32h384c17.67 0 32-14.33 32-32v-32c0-17.67-14.33-32-32-32z\"><\/path><\/svg><\/span>\n\t\t\t<span class='e-closed'><svg aria-hidden=\"true\" class=\"e-font-icon-svg e-fas-plus\" viewbox=\"0 0 448 512\" xmlns=\"http:\/\/www.w3.org\/2000\/svg\"><path d=\"M416 208H272V64c0-17.67-14.33-32-32-32h-32c-17.67 0-32 14.33-32 32v144H32c-17.67 0-32 14.33-32 32v32c0 17.67 14.33 32 32 32h144v144c0 17.67 14.33 32 32 32h32c17.67 0 32-14.33 32-32V304h144c17.67 0 32-14.33 32-32v-32c0-17.67-14.33-32-32-32z\"><\/path><\/svg><\/span>\n\t\t<\/span>\n\n\t\t\t\t\t\t<\/summary>\n\t\t\t\t<div role=\"region\" aria-labelledby=\"e-n-accordion-item-6710\" class=\"elementor-element elementor-element-b719d4f e-con-full e-flex e-con e-child\" data-id=\"b719d4f\" data-element_type=\"container\" data-e-type=\"container\">\n\t\t\t\t<div class=\"elementor-element elementor-element-cdc87f4 elementor-widget elementor-widget-text-editor\" data-id=\"cdc87f4\" data-element_type=\"widget\" data-e-type=\"widget\" data-widget_type=\"text-editor.default\">\n\t\t\t\t<div class=\"elementor-widget-container\">\n\t\t\t\t\t\t\t\t\t<p><strong>\u9a6c\u6069\u6cb3\u7554\u5e03\u74e6\u5730\u65b9\u4f20\u6559\u56e2\u4e3a\u6765\u81ea\u7f57\u65af\u5c3c-\u82cf-\u5e03\u74e6\uff08Rosny-sous-Bois\uff09\u3001\u8bfa\u4f0a-\u666e\u83b1\u6851\u65af\uff08Neuilly-Plaisance\uff09\u548c\u9a6c\u6069\u6cb3\u7554\u8bfa\u4f0a\uff08Neuilly-sur-Marne\uff09\u7684 16 \u81f3 25 \u5c81\u79bb\u5f00\u5b66\u6821\u6216\u5927\u5b66\u7684\u5e74\u8f7b\u4eba\u63d0\u4f9b\u652f\u6301\u3002<\/strong> \u8be5\u534f\u4f1a\u4f5c\u4e3a\u516c\u5171\u670d\u52a1\u673a\u6784\uff0c\u5728\u7ecf\u6d4e\u3001\u8d22\u653f\u548c\u5c31\u4e1a\u90e8\u7684\u76d1\u7763\u4e0b\u5f00\u5c55\u5de5\u4f5c\u3002<\/p><p>\u6bcf\u5929\u4e3e\u884c\u7b2c\u4e00\u6b21\u62db\u5f85\u4f1a<strong>\u00a0\u4e0a\u5348 9 \u65f6\u81f3\u4e2d\u5348 12 \u65f6\u548c\u4e0b\u5348 1 \u65f6 30 \u5206\u81f3\u4e0b\u5348 4 \u65f6 30 \u5206\u00a0<\/strong>(\u5468\u4e94\u9664\u5916\uff0c\u56e0\u4e3a\u5468\u4e94\u4e0b\u5348\u624d\u6709\u65f6\u95f4\uff09\u3002\u793e\u4f1a\u548c\u804c\u4e1a\u878d\u5165\u987e\u95ee\u4f1a\u5355\u72ec\u63a5\u5f85\u9752\u5c11\u5e74\u3002\u987e\u95ee\u4f1a\u5168\u9762\u4e86\u89e3\u9752\u5c11\u5e74\u7684\u60c5\u51b5\uff0c\u5e76\u5e2e\u52a9\u4ed6\u4eec\u89e3\u51b3\u8d44\u6e90\u3001\u4f4f\u623f\u3001\u5065\u5eb7\u7b49\u65b9\u9762\u7684\u95ee\u9898\u3002\u540e\u7eed\u5de5\u4f5c\u5305\u62ec\u9752\u5c11\u5e74\u4e0e\u5176\u987e\u95ee\u4e4b\u95f4\u7684\u5b9a\u671f\u4ea4\u6d41\u3002<\/p>\t\t\t\t\t\t\t\t<\/div>\n\t\t\t\t<\/div>\n\t\t\t\t<\/div>\n\t\t\t\t\t<\/details>\n\t\t\t\t\t\t<details id=\"e-n-accordion-item-6711\" class=\"e-n-accordion-item\" >\n\t\t\t\t<summary class=\"e-n-accordion-item-title\" data-accordion-index=\"2\" tabindex=\"-1\" aria-expanded=\"false\" aria-controls=\"e-n-accordion-item-6711\" >\n\t\t\t\t\t<span class='e-n-accordion-item-title-header'><div class=\"e-n-accordion-item-title-text\"> \u4e2a\u4eba\u652f\u6301 <\/div><\/span>\n\t\t\t\t\t\t\t<span class='e-n-accordion-item-title-icon'>\n\t\t\t<span class='e-opened' ><svg aria-hidden=\"true\" class=\"e-font-icon-svg e-fas-minus\" viewbox=\"0 0 448 512\" xmlns=\"http:\/\/www.w3.org\/2000\/svg\"><path d=\"M416 208H32c-17.67 0-32 14.33-32 32v32c0 17.67 14.33 32 32 32h384c17.67 0 32-14.33 32-32v-32c0-17.67-14.33-32-32-32z\"><\/path><\/svg><\/span>\n\t\t\t<span class='e-closed'><svg aria-hidden=\"true\" class=\"e-font-icon-svg e-fas-plus\" viewbox=\"0 0 448 512\" xmlns=\"http:\/\/www.w3.org\/2000\/svg\"><path d=\"M416 208H272V64c0-17.67-14.33-32-32-32h-32c-17.67 0-32 14.33-32 32v144H32c-17.67 0-32 14.33-32 32v32c0 17.67 14.33 32 32 32h144v144c0 17.67 14.33 32 32 32h32c17.67 0 32-14.33 32-32V304h144c17.67 0 32-14.33 32-32v-32c0-17.67-14.33-32-32-32z\"><\/path><\/svg><\/span>\n\t\t<\/span>\n\n\t\t\t\t\t\t<\/summary>\n\t\t\t\t<div role=\"region\" aria-labelledby=\"e-n-accordion-item-6711\" class=\"elementor-element elementor-element-f954640 e-con-full e-flex e-con e-child\" data-id=\"f954640\" data-element_type=\"container\" data-e-type=\"container\">\n\t\t\t\t<div class=\"elementor-element elementor-element-c94e262 elementor-widget elementor-widget-text-editor\" data-id=\"c94e262\" data-element_type=\"widget\" data-e-type=\"widget\" data-widget_type=\"text-editor.default\">\n\t\t\t\t<div class=\"elementor-widget-container\">\n\t\t\t\t\t\t\t\t\t<p>\u7279\u6d3e\u56e2\u6240\u5728\u5730\u4e3a\u5e74\u8f7b\u4eba\u63d0\u4f9b\u4ee5\u57f9\u8bad\u548c\u5c31\u4e1a\u4e3a\u91cd\u70b9\u7684\u4e2a\u6027\u5316\u652f\u6301\uff1a\u4e13\u4e1a\u9879\u76ee\u548c\u6c42\u804c\u6280\u5de7\uff08\u7b80\u5386\u3001\u6c42\u804c\u4fe1\u548c\u6c42\u804c\u9762\u8bd5\u8bb2\u4e60\u73ed\uff09\u3002\u6839\u636e\u6bcf\u4e2a\u5e74\u8f7b\u4eba\u7684\u60c5\u51b5\u548c\u9700\u6c42\uff0c\u53ef\u4ee5\u5f15\u5bfc\u4ed6\u4eec\u53c2\u52a0\u804c\u4e1a\u89c4\u5212\u8ba1\u5212\u3001\u8d44\u683c\u57f9\u8bad\u6216\u76f4\u63a5\u5c31\u4e1a\u3002<\/p><p><strong>\u6743\u529b\u4e0b\u653e\u7684\u503c\u73ed\u5ba4<\/strong>\u00a0\u73b0\u5728\u6bcf\u5468\u4e8c\u548c\u5468\u56db\u4e0b\u5348 2 \u70b9\u81f3 5 \u70b9\uff0c\u5728\u9752\u5c11\u5e74\u9884\u9632\u548c\u878d\u5408\u670d\u52a1\u673a\u6784\u5185\u4e3e\u884c\uff0c\u65e0\u9700\u9884\u7ea6\u3002\u5176\u76ee\u7684\u662f\u5728\u9752\u5c11\u5e74\u5c45\u4f4f\u7684\u5730\u65b9\u4e0e\u4ed6\u4eec\u8fdb\u884c\u7b2c\u4e00\u6b21\u63a5\u89e6\uff0c\u5e76\u6839\u636e\u6bcf\u4e2a\u9752\u5c11\u5e74\u53ca\u5176\u9700\u6c42\u8fdb\u884c\u66f4\u591a\u7684\u63a5\u89e6\u3002<\/p>\t\t\t\t\t\t\t\t<\/div>\n\t\t\t\t<\/div>\n\t\t\t\t<\/div>\n\t\t\t\t\t<\/details>\n\t\t\t\t\t\t<details id=\"e-n-accordion-item-6712\" class=\"e-n-accordion-item\" >\n\t\t\t\t<summary class=\"e-n-accordion-item-title\" data-accordion-index=\"3\" tabindex=\"-1\" aria-expanded=\"false\" aria-controls=\"e-n-accordion-item-6712\" >\n\t\t\t\t\t<span class='e-n-accordion-item-title-header'><div class=\"e-n-accordion-item-title-text\"> \u7ed3\u6784\u5316\u7f51\u7edc <\/div><\/span>\n\t\t\t\t\t\t\t<span class='e-n-accordion-item-title-icon'>\n\t\t\t<span class='e-opened' ><svg aria-hidden=\"true\" class=\"e-font-icon-svg e-fas-minus\" viewbox=\"0 0 448 512\" xmlns=\"http:\/\/www.w3.org\/2000\/svg\"><path d=\"M416 208H32c-17.67 0-32 14.33-32 32v32c0 17.67 14.33 32 32 32h384c17.67 0 32-14.33 32-32v-32c0-17.67-14.33-32-32-32z\"><\/path><\/svg><\/span>\n\t\t\t<span class='e-closed'><svg aria-hidden=\"true\" class=\"e-font-icon-svg e-fas-plus\" viewbox=\"0 0 448 512\" xmlns=\"http:\/\/www.w3.org\/2000\/svg\"><path d=\"M416 208H272V64c0-17.67-14.33-32-32-32h-32c-17.67 0-32 14.33-32 32v144H32c-17.67 0-32 14.33-32 32v32c0 17.67 14.33 32 32 32h144v144c0 17.67 14.33 32 32 32h32c17.67 0 32-14.33 32-32V304h144c17.67 0 32-14.33 32-32v-32c0-17.67-14.33-32-32-32z\"><\/path><\/svg><\/span>\n\t\t<\/span>\n\n\t\t\t\t\t\t<\/summary>\n\t\t\t\t<div role=\"region\" aria-labelledby=\"e-n-accordion-item-6712\" class=\"elementor-element elementor-element-c73fc64 e-con-full e-flex e-con e-child\" data-id=\"c73fc64\" data-element_type=\"container\" data-e-type=\"container\">\n\t\t\t\t<div class=\"elementor-element elementor-element-df65af4 elementor-widget elementor-widget-text-editor\" data-id=\"df65af4\" data-element_type=\"widget\" data-e-type=\"widget\" data-widget_type=\"text-editor.default\">\n\t\t\t\t<div class=\"elementor-widget-container\">\n\t\t\t\t\t\t\t\t\t<p>\u7279\u6d3e\u56e2\u6240\u5728\u5730\u5efa\u7acb\u4e86\u4e00\u4e2a\u4f19\u4f34\u516c\u53f8\u7f51\u7edc\uff0c\u63d0\u4f9b\u7b26\u5408\u88ab\u76d1\u6d4b\u9752\u5e74\u7279\u70b9\u7684\u957f\u671f\u6216\u4e34\u65f6\u5de5\u4f5c\u673a\u4f1a\u3002\u9664\u6b64\u4ee5\u5916\u00a0<strong>\u4e0e P\u00f4le Emploi \u4e00\u6837\uff0cMission Locale \u83b7\u5f97\u56fd\u5bb6\u6388\u6743\uff0c\u53ef\u4ee5\u4e0e\u5546\u4e1a\u90e8\u95e8\u7684\u516c\u53f8\u7b7e\u8ba2\u8865\u8d34\u5408\u540c\u3002<\/strong><strong>\u00a0\u548c\u975e\u5546\u4e1a\u6027\u3002<\/strong><\/p><p>A\u00a0<strong>\u6587\u732e\u5ba4<\/strong>\u901a\u8fc7\u8be5\u514d\u8d39\u8bbf\u95ee\u7f51\u7ad9\uff0c\u60a8\u53ef\u4ee5\u54a8\u8be2\u6807\u4e66\u3002<\/p><p>A\u00a0<strong>\u81f4\u7535\u00a0<\/strong>\u53ef\u514d\u8d39\u4e0e\u96c7\u4e3b\u8054\u7cfb\u3002\u5728\u4e00\u5b9a\u6761\u4ef6\u4e0b\uff0c\u53ef\u4ee5\u4f7f\u7528\u4e0e\u4e92\u8054\u7f51\u8fde\u63a5\u7684\u8ba1\u7b97\u673a\u8fdb\u884c\u6c42\u804c\u3002<\/p>\t\t\t\t\t\t\t\t<\/div>\n\t\t\t\t<\/div>\n\t\t\t\t<\/div>\n\t\t\t\t\t<\/details>\n\t\t\t\t\t<\/div>\n\t\t\t\t\t\t<\/div>\n\t\t\t\t<\/div>\n\t\t<div class=\"elementor-element elementor-element-2a1f5e6 e-grid e-con-boxed e-con e-child\" data-id=\"2a1f5e6\" data-element_type=\"container\" data-e-type=\"container\">\n\t\t\t\t\t<div class=\"e-con-inner\">\n\t\t\t\t<div class=\"elementor-element elementor-element-d003ab9 elementor-widget elementor-widget-text-editor\" data-id=\"d003ab9\" data-element_type=\"widget\" data-e-type=\"widget\" data-widget_type=\"text-editor.default\">\n\t\t\t\t<div class=\"elementor-widget-container\">\n\t\t\t\t\t\t\t\t\t<h3><strong>\u9a6c\u6069\u68ee\u6797\u5730\u65b9\u4f20\u6559\u4f1a\uff08\u603b\u90e8\uff09<\/strong><\/h3><p>\u7f57\u4f2f\u7279-\u8212\u66fc\u5927\u697c<br \/>3 rue de Rome Parc de Nanteuil<br \/>93110 Rosny-sous-Bois<\/p><p>\ud83d\udcde 01 56 63 02 00<br \/>\u4f20\u771f\uff1a01 45 28 17 49<\/p><p>\ud83d\udce7\u00a0<a href=\"mailto:contact@marneauxbois-mlidf.org\"><strong>contact@marneauxbois-mlidf.org<\/strong><\/a><\/p>\t\t\t\t\t\t\t\t<\/div>\n\t\t\t\t<\/div>\n\t\t\t\t<div class=\"elementor-element elementor-element-8107daa elementor-widget elementor-widget-google_maps\" data-id=\"8107daa\" data-element_type=\"widget\" data-e-type=\"widget\" data-widget_type=\"google_maps.default\">\n\t\t\t\t<div class=\"elementor-widget-container\">\n\t\t\t\t\t\t\t<div class=\"elementor-custom-embed\">\n\t\t\t<iframe loading=\"lazy\"\n\t\t\t\t\tsrc=\"https:\/\/maps.google.com\/maps?q=3%20rue%20de%20Rome%2C%2093110&#038;t=m&#038;z=17&#038;output=embed&#038;iwloc=near\"\n\t\t\t\t\ttitle=\"3 rue de Rome, 93110 Paris\"\n\t\t\t\t\taria-label=\"3 rue de Rome, 93110 Paris\"\n\t\t\t><\/iframe>\n\t\t<\/div>\n\t\t\t\t\t\t<\/div>\n\t\t\t\t<\/div>\n\t\t\t\t<div class=\"elementor-element elementor-element-88cfad9 elementor-widget elementor-widget-text-editor\" data-id=\"88cfad9\" data-element_type=\"widget\" data-e-type=\"widget\" data-widget_type=\"text-editor.default\">\n\t\t\t\t<div class=\"elementor-widget-container\">\n\t\t\t\t\t\t\t\t\t<h3><strong>\u9a6c\u6069\u6cb3\u7554\u8bfa\u4f0a\u5206\u529e\u4e8b\u5904\u00a0<\/strong><\/h3><p>\ud83d\udccd \u5e02\u653f\u5385\u9644\u5c5e\u5efa\u7b51<br \/>\u5f17\u6717\u7d22\u74e6-\u5bc6\u7279\u6717\u5e7f\u573a 2 \u53f7<br \/>93330 \u9a6c\u6069\u6cb3\u7554\u8bfa\u4f0a\u4f0a<\/p><p>\ud83d\udcde 01 41 54 80 85<\/p>\t\t\t\t\t\t\t\t<\/div>\n\t\t\t\t<\/div>\n\t\t\t\t<div class=\"elementor-element elementor-element-b8a28c1 elementor-widget elementor-widget-google_maps\" data-id=\"b8a28c1\" data-element_type=\"widget\" data-e-type=\"widget\" data-widget_type=\"google_maps.default\">\n\t\t\t\t<div class=\"elementor-widget-container\">\n\t\t\t\t\t\t\t<div class=\"elementor-custom-embed\">\n\t\t\t<iframe loading=\"lazy\"\n\t\t\t\t\tsrc=\"https:\/\/maps.google.com\/maps?q=2%20place%20Fran%C3%A7ois%20Mitterrand%2C%2093330&#038;t=m&#038;z=17&#038;output=embed&#038;iwloc=near\"\n\t\t\t\t\ttitle=\"\u5f17\u6717\u7d22\u74e6-\u5bc6\u7279\u6717\u5e7f\u573a 2 \u53f7\uff0c93330\"\n\t\t\t\t\taria-label=\"\u5f17\u6717\u7d22\u74e6-\u5bc6\u7279\u6717\u5e7f\u573a 2 \u53f7\uff0c93330\"\n\t\t\t><\/iframe>\n\t\t<\/div>\n\t\t\t\t\t\t<\/div>\n\t\t\t\t<\/div>\n\t\t\t\t\t<\/div>\n\t\t\t\t<\/div>\n\t\t\t\t\t<\/div>\n\t\t\t\t<\/div>\n\t\t\t\t<\/div>","protected":false},"excerpt":{"rendered":"<p>Les missions La Mission locale de la Marne aux Bois accompagne les jeunes habitants de Rosny-sous-Bois, Neuilly-Plaisance et Neuilly-sur-Marne \u00e2g\u00e9s de 16 \u00e0 25 ans sortis du syst\u00e8me scolaire ou universitaire. Cette association, ayant d\u00e9l\u00e9gation de service public, exerce ses missions sous tutelle du Minist\u00e8re de l\u2019Economie, des Finances et de l\u2019Emploi. Les premiers accueils [&hellip;]<\/p>\n","protected":false},"author":1,"featured_media":6707,"parent":0,"menu_order":0,"comment_status":"closed","ping_status":"closed","template":"","meta":{"_acf_changed":false,"footnotes":""},"class_list":["post-519","page","type-page","status-publish","has-post-thumbnail","hentry"],"acf":[],"yoast_head":"<!-- This site is optimized with the Yoast SEO plugin v27.4 - https:\/\/yoast.com\/product\/yoast-seo-wordpress\/ -->\n<title>Mission locale de la Marne aux Bois - Mairie de Neuilly-sur-Marne<\/title>\n<meta name=\"robots\" content=\"index, follow, max-snippet:-1, max-image-preview:large, max-video-preview:-1\" \/>\n<link rel=\"canonical\" href=\"https:\/\/www.neuillysurmarne.fr\/zh\/mission-locale-de-la-marne-aux-bois\/\" \/>\n<meta property=\"og:locale\" content=\"zh_CN\" \/>\n<meta property=\"og:type\" content=\"article\" \/>\n<meta property=\"og:title\" content=\"Mission locale de la Marne aux Bois - Mairie de Neuilly-sur-Marne\" \/>\n<meta property=\"og:description\" content=\"Les missions La Mission locale de la Marne aux Bois accompagne les jeunes habitants de Rosny-sous-Bois, Neuilly-Plaisance et Neuilly-sur-Marne \u00e2g\u00e9s de 16 \u00e0 25 ans sortis du syst\u00e8me scolaire ou universitaire. Cette association, ayant d\u00e9l\u00e9gation de service public, exerce ses missions sous tutelle du Minist\u00e8re de l\u2019Economie, des Finances et de l\u2019Emploi. Les premiers accueils [&hellip;]\" \/>\n<meta property=\"og:url\" content=\"https:\/\/www.neuillysurmarne.fr\/zh\/mission-locale-de-la-marne-aux-bois\/\" \/>\n<meta property=\"og:site_name\" content=\"Mairie de Neuilly-sur-Marne\" \/>\n<meta property=\"article:publisher\" content=\"https:\/\/www.facebook.com\/ville.neuilly\" \/>\n<meta property=\"article:modified_time\" content=\"2024-06-26T15:22:12+00:00\" \/>\n<meta property=\"og:image\" content=\"https:\/\/www.neuillysurmarne.fr\/wp-content\/uploads\/2024\/05\/AdobeStock_585728790-scaled.jpeg\" \/>\n\t<meta property=\"og:image:width\" content=\"2560\" \/>\n\t<meta property=\"og:image:height\" content=\"1050\" \/>\n\t<meta property=\"og:image:type\" content=\"image\/jpeg\" \/>\n<meta name=\"twitter:card\" content=\"summary_large_image\" \/>\n<meta name=\"twitter:label1\" content=\"\u9884\u8ba1\u9605\u8bfb\u65f6\u95f4\" \/>\n\t<meta name=\"twitter:data1\" content=\"4 \u5206\" \/>\n<script type=\"application\/ld+json\" class=\"yoast-schema-graph\">{\"@context\":\"https:\\\/\\\/schema.org\",\"@graph\":[{\"@type\":\"WebPage\",\"@id\":\"https:\\\/\\\/www.neuillysurmarne.fr\\\/mission-locale-de-la-marne-aux-bois\\\/\",\"url\":\"https:\\\/\\\/www.neuillysurmarne.fr\\\/mission-locale-de-la-marne-aux-bois\\\/\",\"name\":\"Mission locale de la Marne aux Bois - Mairie de Neuilly-sur-Marne\",\"isPartOf\":{\"@id\":\"https:\\\/\\\/www.neuillysurmarne.fr\\\/es\\\/#website\"},\"primaryImageOfPage\":{\"@id\":\"https:\\\/\\\/www.neuillysurmarne.fr\\\/mission-locale-de-la-marne-aux-bois\\\/#primaryimage\"},\"image\":{\"@id\":\"https:\\\/\\\/www.neuillysurmarne.fr\\\/mission-locale-de-la-marne-aux-bois\\\/#primaryimage\"},\"thumbnailUrl\":\"https:\\\/\\\/www.neuillysurmarne.fr\\\/wp-content\\\/uploads\\\/2024\\\/05\\\/AdobeStock_585728790-scaled.jpeg\",\"datePublished\":\"2023-11-13T11:00:36+00:00\",\"dateModified\":\"2024-06-26T15:22:12+00:00\",\"breadcrumb\":{\"@id\":\"https:\\\/\\\/www.neuillysurmarne.fr\\\/mission-locale-de-la-marne-aux-bois\\\/#breadcrumb\"},\"inLanguage\":\"zh-Hans\",\"potentialAction\":[{\"@type\":\"ReadAction\",\"target\":[\"https:\\\/\\\/www.neuillysurmarne.fr\\\/mission-locale-de-la-marne-aux-bois\\\/\"]}]},{\"@type\":\"ImageObject\",\"inLanguage\":\"zh-Hans\",\"@id\":\"https:\\\/\\\/www.neuillysurmarne.fr\\\/mission-locale-de-la-marne-aux-bois\\\/#primaryimage\",\"url\":\"https:\\\/\\\/www.neuillysurmarne.fr\\\/wp-content\\\/uploads\\\/2024\\\/05\\\/AdobeStock_585728790-scaled.jpeg\",\"contentUrl\":\"https:\\\/\\\/www.neuillysurmarne.fr\\\/wp-content\\\/uploads\\\/2024\\\/05\\\/AdobeStock_585728790-scaled.jpeg\",\"width\":2560,\"height\":1050,\"caption\":\"Successful smiling team of employees standing near gray wall. Diverse enthusiastic young colleagues posing together looking at camera. Corporate staff, HR agency recruitments\"},{\"@type\":\"BreadcrumbList\",\"@id\":\"https:\\\/\\\/www.neuillysurmarne.fr\\\/mission-locale-de-la-marne-aux-bois\\\/#breadcrumb\",\"itemListElement\":[{\"@type\":\"ListItem\",\"position\":1,\"name\":\"Accueil\",\"item\":\"https:\\\/\\\/www.neuillysurmarne.fr\\\/\"},{\"@type\":\"ListItem\",\"position\":2,\"name\":\"Mission locale de la Marne aux Bois\"}]},{\"@type\":\"WebSite\",\"@id\":\"https:\\\/\\\/www.neuillysurmarne.fr\\\/es\\\/#website\",\"url\":\"https:\\\/\\\/www.neuillysurmarne.fr\\\/es\\\/\",\"name\":\"Mairie de Neuilly-sur-Marne\",\"description\":\"BETA\",\"publisher\":{\"@id\":\"https:\\\/\\\/www.neuillysurmarne.fr\\\/es\\\/#organization\"},\"potentialAction\":[{\"@type\":\"SearchAction\",\"target\":{\"@type\":\"EntryPoint\",\"urlTemplate\":\"https:\\\/\\\/www.neuillysurmarne.fr\\\/es\\\/?s={search_term_string}\"},\"query-input\":{\"@type\":\"PropertyValueSpecification\",\"valueRequired\":true,\"valueName\":\"search_term_string\"}}],\"inLanguage\":\"zh-Hans\"},{\"@type\":\"Organization\",\"@id\":\"https:\\\/\\\/www.neuillysurmarne.fr\\\/es\\\/#organization\",\"name\":\"Mairie de Neuilly-sur-Marne\",\"url\":\"https:\\\/\\\/www.neuillysurmarne.fr\\\/es\\\/\",\"logo\":{\"@type\":\"ImageObject\",\"inLanguage\":\"zh-Hans\",\"@id\":\"https:\\\/\\\/www.neuillysurmarne.fr\\\/es\\\/#\\\/schema\\\/logo\\\/image\\\/\",\"url\":\"https:\\\/\\\/www.neuillysurmarne.fr\\\/wp-content\\\/uploads\\\/2023\\\/10\\\/LOGO-NeuillysurMarne-blanc.png\",\"contentUrl\":\"https:\\\/\\\/www.neuillysurmarne.fr\\\/wp-content\\\/uploads\\\/2023\\\/10\\\/LOGO-NeuillysurMarne-blanc.png\",\"width\":3308,\"height\":2586,\"caption\":\"Mairie de Neuilly-sur-Marne\"},\"image\":{\"@id\":\"https:\\\/\\\/www.neuillysurmarne.fr\\\/es\\\/#\\\/schema\\\/logo\\\/image\\\/\"},\"sameAs\":[\"https:\\\/\\\/www.facebook.com\\\/ville.neuilly\",\"https:\\\/\\\/www.instagram.com\\\/neuilly_marne\\\/\",\"https:\\\/\\\/www.linkedin.com\\\/company\\\/ville-de-neuilly-sur-marne\\\/\",\"https:\\\/\\\/www.youtube.com\\\/channel\\\/UCDdZ0TLrV8rfIqjBGvoeB5A\",\"https:\\\/\\\/www.tiktok.com\\\/@villedeneuillysurmarne\"]}]}<\/script>\n<!-- \/ Yoast SEO plugin. -->","yoast_head_json":{"title":"Mission locale de la Marne aux Bois - Mairie de Neuilly-sur-Marne","robots":{"index":"index","follow":"follow","max-snippet":"max-snippet:-1","max-image-preview":"max-image-preview:large","max-video-preview":"max-video-preview:-1"},"canonical":"https:\/\/www.neuillysurmarne.fr\/zh\/mission-locale-de-la-marne-aux-bois\/","og_locale":"zh_CN","og_type":"article","og_title":"Mission locale de la Marne aux Bois - Mairie de Neuilly-sur-Marne","og_description":"Les missions La Mission locale de la Marne aux Bois accompagne les jeunes habitants de Rosny-sous-Bois, Neuilly-Plaisance et Neuilly-sur-Marne \u00e2g\u00e9s de 16 \u00e0 25 ans sortis du syst\u00e8me scolaire ou universitaire. Cette association, ayant d\u00e9l\u00e9gation de service public, exerce ses missions sous tutelle du Minist\u00e8re de l\u2019Economie, des Finances et de l\u2019Emploi. Les premiers accueils [&hellip;]","og_url":"https:\/\/www.neuillysurmarne.fr\/zh\/mission-locale-de-la-marne-aux-bois\/","og_site_name":"Mairie de Neuilly-sur-Marne","article_publisher":"https:\/\/www.facebook.com\/ville.neuilly","article_modified_time":"2024-06-26T15:22:12+00:00","og_image":[{"width":2560,"height":1050,"url":"https:\/\/www.neuillysurmarne.fr\/wp-content\/uploads\/2024\/05\/AdobeStock_585728790-scaled.jpeg","type":"image\/jpeg"}],"twitter_card":"summary_large_image","twitter_misc":{"\u9884\u8ba1\u9605\u8bfb\u65f6\u95f4":"4 \u5206"},"schema":{"@context":"https:\/\/schema.org","@graph":[{"@type":"WebPage","@id":"https:\/\/www.neuillysurmarne.fr\/mission-locale-de-la-marne-aux-bois\/","url":"https:\/\/www.neuillysurmarne.fr\/mission-locale-de-la-marne-aux-bois\/","name":"Mission locale de la Marne aux Bois - Mairie de Neuilly-sur-Marne","isPartOf":{"@id":"https:\/\/www.neuillysurmarne.fr\/es\/#website"},"primaryImageOfPage":{"@id":"https:\/\/www.neuillysurmarne.fr\/mission-locale-de-la-marne-aux-bois\/#primaryimage"},"image":{"@id":"https:\/\/www.neuillysurmarne.fr\/mission-locale-de-la-marne-aux-bois\/#primaryimage"},"thumbnailUrl":"https:\/\/www.neuillysurmarne.fr\/wp-content\/uploads\/2024\/05\/AdobeStock_585728790-scaled.jpeg","datePublished":"2023-11-13T11:00:36+00:00","dateModified":"2024-06-26T15:22:12+00:00","breadcrumb":{"@id":"https:\/\/www.neuillysurmarne.fr\/mission-locale-de-la-marne-aux-bois\/#breadcrumb"},"inLanguage":"zh-Hans","potentialAction":[{"@type":"ReadAction","target":["https:\/\/www.neuillysurmarne.fr\/mission-locale-de-la-marne-aux-bois\/"]}]},{"@type":"ImageObject","inLanguage":"zh-Hans","@id":"https:\/\/www.neuillysurmarne.fr\/mission-locale-de-la-marne-aux-bois\/#primaryimage","url":"https:\/\/www.neuillysurmarne.fr\/wp-content\/uploads\/2024\/05\/AdobeStock_585728790-scaled.jpeg","contentUrl":"https:\/\/www.neuillysurmarne.fr\/wp-content\/uploads\/2024\/05\/AdobeStock_585728790-scaled.jpeg","width":2560,"height":1050,"caption":"Successful smiling team of employees standing near gray wall. Diverse enthusiastic young colleagues posing together looking at camera. Corporate staff, HR agency recruitments"},{"@type":"BreadcrumbList","@id":"https:\/\/www.neuillysurmarne.fr\/mission-locale-de-la-marne-aux-bois\/#breadcrumb","itemListElement":[{"@type":"ListItem","position":1,"name":"Accueil","item":"https:\/\/www.neuillysurmarne.fr\/"},{"@type":"ListItem","position":2,"name":"Mission locale de la Marne aux Bois"}]},{"@type":"WebSite","@id":"https:\/\/www.neuillysurmarne.fr\/es\/#website","url":"https:\/\/www.neuillysurmarne.fr\/es\/","name":"\u9a6c\u6069\u6cb3\u7554\u8bb7\u4f0a\u5e02\u653f\u5385","description":"BETA","publisher":{"@id":"https:\/\/www.neuillysurmarne.fr\/es\/#organization"},"potentialAction":[{"@type":"SearchAction","target":{"@type":"EntryPoint","urlTemplate":"https:\/\/www.neuillysurmarne.fr\/es\/?s={search_term_string}"},"query-input":{"@type":"PropertyValueSpecification","valueRequired":true,"valueName":"search_term_string"}}],"inLanguage":"zh-Hans"},{"@type":"Organization","@id":"https:\/\/www.neuillysurmarne.fr\/es\/#organization","name":"\u9a6c\u6069\u6cb3\u7554\u8bb7\u4f0a\u5e02\u653f\u5385","url":"https:\/\/www.neuillysurmarne.fr\/es\/","logo":{"@type":"ImageObject","inLanguage":"zh-Hans","@id":"https:\/\/www.neuillysurmarne.fr\/es\/#\/schema\/logo\/image\/","url":"https:\/\/www.neuillysurmarne.fr\/wp-content\/uploads\/2023\/10\/LOGO-NeuillysurMarne-blanc.png","contentUrl":"https:\/\/www.neuillysurmarne.fr\/wp-content\/uploads\/2023\/10\/LOGO-NeuillysurMarne-blanc.png","width":3308,"height":2586,"caption":"Mairie de Neuilly-sur-Marne"},"image":{"@id":"https:\/\/www.neuillysurmarne.fr\/es\/#\/schema\/logo\/image\/"},"sameAs":["https:\/\/www.facebook.com\/ville.neuilly","https:\/\/www.instagram.com\/neuilly_marne\/","https:\/\/www.linkedin.com\/company\/ville-de-neuilly-sur-marne\/","https:\/\/www.youtube.com\/channel\/UCDdZ0TLrV8rfIqjBGvoeB5A","https:\/\/www.tiktok.com\/@villedeneuillysurmarne"]}]}},"_links":{"self":[{"href":"https:\/\/www.neuillysurmarne.fr\/zh\/wp-json\/wp\/v2\/pages\/519","targetHints":{"allow":["GET"]}}],"collection":[{"href":"https:\/\/www.neuillysurmarne.fr\/zh\/wp-json\/wp\/v2\/pages"}],"about":[{"href":"https:\/\/www.neuillysurmarne.fr\/zh\/wp-json\/wp\/v2\/types\/page"}],"author":[{"embeddable":true,"href":"https:\/\/www.neuillysurmarne.fr\/zh\/wp-json\/wp\/v2\/users\/1"}],"replies":[{"embeddable":true,"href":"https:\/\/www.neuillysurmarne.fr\/zh\/wp-json\/wp\/v2\/comments?post=519"}],"version-history":[{"count":28,"href":"https:\/\/www.neuillysurmarne.fr\/zh\/wp-json\/wp\/v2\/pages\/519\/revisions"}],"predecessor-version":[{"id":10715,"href":"https:\/\/www.neuillysurmarne.fr\/zh\/wp-json\/wp\/v2\/pages\/519\/revisions\/10715"}],"wp:featuredmedia":[{"embeddable":true,"href":"https:\/\/www.neuillysurmarne.fr\/zh\/wp-json\/wp\/v2\/media\/6707"}],"wp:attachment":[{"href":"https:\/\/www.neuillysurmarne.fr\/zh\/wp-json\/wp\/v2\/media?parent=519"}],"curies":[{"name":"wp","href":"https:\/\/api.w.org\/{rel}","templated":true}]}}