{"id":636,"date":"2023-11-13T12:50:45","date_gmt":"2023-11-13T11:50:45","guid":{"rendered":"https:\/\/www.neuillysurmarne.fr\/?page_id=636"},"modified":"2024-06-26T17:18:46","modified_gmt":"2024-06-26T15:18:46","slug":"incivilites","status":"publish","type":"page","link":"https:\/\/www.neuillysurmarne.fr\/zh\/incivilites\/","title":{"rendered":"\u4e0d\u6587\u660e\u884c\u4e3a"},"content":{"rendered":"<div data-elementor-type=\"wp-page\" data-elementor-id=\"636\" class=\"elementor elementor-636\" data-elementor-post-type=\"page\">\n\t\t\t\t<div class=\"elementor-element elementor-element-586cb51c e-flex e-con-boxed e-con e-parent\" data-id=\"586cb51c\" data-element_type=\"container\" data-e-type=\"container\">\n\t\t\t\t\t<div class=\"e-con-inner\">\n\t\t\t\t<div class=\"elementor-element elementor-element-ead104f elementor-widget elementor-widget-text-editor\" data-id=\"ead104f\" data-element_type=\"widget\" data-e-type=\"widget\" data-widget_type=\"text-editor.default\">\n\t\t\t\t<div class=\"elementor-widget-container\">\n\t\t\t\t\t\t\t\t\t<div class=\"table-row\"><h2 id=\"canines\" class=\"table-cell\">\u72d7\u7684\u7caa\u4fbf<\/h2><h3><strong>\u547c\u5401\u4e2a\u4eba\u627f\u62c5\u8d23\u4efb<\/strong><\/h3><p>\u6bcf\u5e74\uff0c\u5e02\u653f\u5385\u90fd\u4f1a\u6536\u5230\u4e00\u4e9b\u4fe1\u4ef6\uff0c\u5f3a\u8c03\u4e0d\u9002\u548c\u536b\u751f\u95ee\u9898\uff0c\u5c24\u5176\u662f\u5728\u513f\u7ae5\u7ecf\u5e38\u5149\u987e\u7684\u7eff\u5730\u4e0a\u3002<\/p><p>\u5df2\u5b89\u88c5\u4e86\u4e24\u4e2a\u914d\u6709\u888b\u5b50\u548c\u5783\u573e\u6876\u5206\u914d\u5668\u7684\u56fe\u817e<\/p><ul><li>\u590f\u8bfa-\u8d6b\u9c81\u5e7f\u573a<\/li><li>\u8239\u95f8\u9644\u8fd1<\/li><\/ul><p>\u00a0\u00a0\u00a0\u00a0\u00a0\u00a0 <br \/>\u5bf9\u6e05\u6d01\u7684\u5c0f\u5956\u52b1\uff0c\u4f46\u6ca1\u6709\u4ec0\u4e48\u80fd\u53d6\u4ee3\u5b83\u00a0<strong>\u4e2a\u4eba\u8d23\u4efb<\/strong>\u4e3b\u4eba\u6709\u8d23\u4efb\u4e3a\u81ea\u5df1\u7684\u5ba0\u7269\u6536\u62fe\u5e72\u51c0\u3002\u4e3a\u6b64\uff0c\u5e02\u653f\u5e9c\u5df2\u9881\u5e03\u4e86\u76f8\u5173\u7ec6\u5219\u3002<\/p><h3><strong>\u5904\u7f5a<\/strong><\/h3><ul><li>\u5728\u6388\u6743\u533a\u57df\u5916\u4e22\u5f03\u72d7\u7caa\u53ef\u88ab\u5904\u4ee5\u4ee5\u4e0b\u7f5a\u6b3e\u00a0<strong>68 \u20ac<\/strong>\u00a0(\u5b9a\u989d\u7f5a\u6b3e\uff09\u6216\u00a0<strong>450 \u20ac<\/strong>\u00a0\u6700\u9ad8\u5211\u7f5a\uff08\u300a\u6cd5\u56fd\u5211\u6cd5\u5178\u300b\u7b2c R633-6 \u6761\uff09<\/li><li>\u4e0d\u9075\u5b88\u90e8\u95e8\u536b\u751f\u6761\u4f8b\uff08RSD\uff09\u53ef\u5904\u4ee5\u4ee5\u4e0b\u7f5a\u6b3e\u00a0<strong>450 \u20ac<\/strong>\u00a0\u6700\u9ad8\u9650\u989d\uff08\u7b2c 103G \u6761\uff09\uff1a\u5728\u6388\u6743\u533a\u57df\u5916\u7684\u72d7\u7caa\u4fbf<\/li><\/ul><\/div><div class=\"table-row\"><h2 id=\"chiens\" class=\"table-cell\">\u7275\u72d7<\/h2><p>\u6839\u636e\u5e02\u653f\u6761\u4f8b\uff0c\u72d7\u5fc5\u987b\u00a0<strong>\u5728\u516c\u5171\u9053\u8def\u4e0a\u548c\u516c\u56ed\u91cc\u88ab\u7275\u7740\u8d70<\/strong>.\u4e3a\u8c28\u614e\u8d77\u89c1\uff0c\u513f\u7ae5\u6216\u8001\u4eba\u673a\u6784\u7684\u5165\u53e3\u5904\u4e0d\u5141\u8bb8\u5b89\u88c5\u8fd9\u4e9b\u8bbe\u5907\u3002<\/p><h3><strong>\u5904\u7f5a<\/strong><\/h3><ul><li>\u4e0d\u9075\u5b88\u5e02\u653f\u6761\u4f8b\u53ef\u5904\u4ee5\u4ee5\u4e0b\u7f5a\u6b3e\u00a0<strong>38 \u20ac<\/strong>\u00a0(\u6cd5\u56fd\u5211\u6cd5\u5178\u300b\u7b2c R.610-5 \u6761\uff09\u3002<\/li><li>\u4e0d\u9075\u5b88\u90e8\u95e8\u536b\u751f\u6761\u4f8b\uff08RSD\uff09\u53ef\u5904\u4ee5\u4ee5\u4e0b\u7f5a\u6b3e\u00a0<strong>450 \u20ac<\/strong>\u00a0\u6700\u9ad8\u9650\u989d\uff08\u7b2c 103G \u6761\uff09\uff1a\u7275\u5f15\u72ac\u53ea<\/li><\/ul><p><strong><br \/>\u6cd5\u5f8b\u8bc9\u8bbc\u8d39\u7528\uff1a31 \u6b27\u5143<\/strong><\/p><\/div>\t\t\t\t\t\t\t\t<\/div>\n\t\t\t\t<\/div>\n\t\t\t\t\t<\/div>\n\t\t\t\t<\/div>\n\t\t\t\t<\/div>","protected":false},"excerpt":{"rendered":"<p>D\u00e9jections canines Appel \u00e0 la responsabilit\u00e9 individuelle Plusieurs courriers arrivent chaque ann\u00e9e en mairie pour souligner l\u2019inconfort et les probl\u00e8mes en termes d\u2019hygi\u00e8ne notamment dans les espaces verts fr\u00e9quent\u00e9s par les enfants. Deux totems \u00e9quip\u00e9s de distributeurs de sacs et de poubelles ont \u00e9t\u00e9 install\u00e9s Place du Chanoine H\u00e9roux \u00c0 proximit\u00e9 de l\u2019\u00e9cluse \u00a0\u00a0\u00a0\u00a0\u00a0\u00a0 Des [&hellip;]<\/p>\n","protected":false},"author":1,"featured_media":7906,"parent":0,"menu_order":0,"comment_status":"closed","ping_status":"closed","template":"","meta":{"_acf_changed":false,"footnotes":""},"class_list":["post-636","page","type-page","status-publish","has-post-thumbnail","hentry"],"acf":[],"yoast_head":"<!-- This site is optimized with the Yoast SEO plugin v27.4 - https:\/\/yoast.com\/product\/yoast-seo-wordpress\/ -->\n<title>Incivilit\u00e9s - Mairie de Neuilly-sur-Marne<\/title>\n<meta name=\"robots\" content=\"index, follow, max-snippet:-1, max-image-preview:large, max-video-preview:-1\" \/>\n<link rel=\"canonical\" href=\"https:\/\/www.neuillysurmarne.fr\/zh\/incivilites\/\" \/>\n<meta property=\"og:locale\" content=\"zh_CN\" \/>\n<meta property=\"og:type\" content=\"article\" \/>\n<meta property=\"og:title\" content=\"Incivilit\u00e9s - Mairie de Neuilly-sur-Marne\" \/>\n<meta property=\"og:description\" content=\"D\u00e9jections canines Appel \u00e0 la responsabilit\u00e9 individuelle Plusieurs courriers arrivent chaque ann\u00e9e en mairie pour souligner l\u2019inconfort et les probl\u00e8mes en termes d\u2019hygi\u00e8ne notamment dans les espaces verts fr\u00e9quent\u00e9s par les enfants. Deux totems \u00e9quip\u00e9s de distributeurs de sacs et de poubelles ont \u00e9t\u00e9 install\u00e9s Place du Chanoine H\u00e9roux \u00c0 proximit\u00e9 de l\u2019\u00e9cluse \u00a0\u00a0\u00a0\u00a0\u00a0\u00a0 Des [&hellip;]\" \/>\n<meta property=\"og:url\" content=\"https:\/\/www.neuillysurmarne.fr\/zh\/incivilites\/\" \/>\n<meta property=\"og:site_name\" content=\"Mairie de Neuilly-sur-Marne\" \/>\n<meta property=\"article:publisher\" content=\"https:\/\/www.facebook.com\/ville.neuilly\" \/>\n<meta property=\"article:modified_time\" content=\"2024-06-26T15:18:46+00:00\" \/>\n<meta property=\"og:image\" content=\"https:\/\/www.neuillysurmarne.fr\/wp-content\/uploads\/2024\/06\/AdobeStock_694956632-scaled.jpeg\" \/>\n\t<meta property=\"og:image:width\" content=\"2560\" \/>\n\t<meta property=\"og:image:height\" content=\"853\" \/>\n\t<meta property=\"og:image:type\" content=\"image\/jpeg\" \/>\n<meta name=\"twitter:card\" content=\"summary_large_image\" \/>\n<meta name=\"twitter:label1\" content=\"\u9884\u8ba1\u9605\u8bfb\u65f6\u95f4\" \/>\n\t<meta name=\"twitter:data1\" content=\"1 \u5206\" \/>\n<script type=\"application\/ld+json\" class=\"yoast-schema-graph\">{\"@context\":\"https:\\\/\\\/schema.org\",\"@graph\":[{\"@type\":\"WebPage\",\"@id\":\"https:\\\/\\\/www.neuillysurmarne.fr\\\/incivilites\\\/\",\"url\":\"https:\\\/\\\/www.neuillysurmarne.fr\\\/incivilites\\\/\",\"name\":\"Incivilit\u00e9s - Mairie de Neuilly-sur-Marne\",\"isPartOf\":{\"@id\":\"https:\\\/\\\/www.neuillysurmarne.fr\\\/es\\\/#website\"},\"primaryImageOfPage\":{\"@id\":\"https:\\\/\\\/www.neuillysurmarne.fr\\\/incivilites\\\/#primaryimage\"},\"image\":{\"@id\":\"https:\\\/\\\/www.neuillysurmarne.fr\\\/incivilites\\\/#primaryimage\"},\"thumbnailUrl\":\"https:\\\/\\\/www.neuillysurmarne.fr\\\/wp-content\\\/uploads\\\/2024\\\/06\\\/AdobeStock_694956632-scaled.jpeg\",\"datePublished\":\"2023-11-13T11:50:45+00:00\",\"dateModified\":\"2024-06-26T15:18:46+00:00\",\"breadcrumb\":{\"@id\":\"https:\\\/\\\/www.neuillysurmarne.fr\\\/incivilites\\\/#breadcrumb\"},\"inLanguage\":\"zh-Hans\",\"potentialAction\":[{\"@type\":\"ReadAction\",\"target\":[\"https:\\\/\\\/www.neuillysurmarne.fr\\\/incivilites\\\/\"]}]},{\"@type\":\"ImageObject\",\"inLanguage\":\"zh-Hans\",\"@id\":\"https:\\\/\\\/www.neuillysurmarne.fr\\\/incivilites\\\/#primaryimage\",\"url\":\"https:\\\/\\\/www.neuillysurmarne.fr\\\/wp-content\\\/uploads\\\/2024\\\/06\\\/AdobeStock_694956632-scaled.jpeg\",\"contentUrl\":\"https:\\\/\\\/www.neuillysurmarne.fr\\\/wp-content\\\/uploads\\\/2024\\\/06\\\/AdobeStock_694956632-scaled.jpeg\",\"width\":2560,\"height\":853,\"caption\":\"Close Up Of Woman Taking Golden Retriever Dog For Walk On Lead Around Field In Autumn Countryside\"},{\"@type\":\"BreadcrumbList\",\"@id\":\"https:\\\/\\\/www.neuillysurmarne.fr\\\/incivilites\\\/#breadcrumb\",\"itemListElement\":[{\"@type\":\"ListItem\",\"position\":1,\"name\":\"Accueil\",\"item\":\"https:\\\/\\\/www.neuillysurmarne.fr\\\/\"},{\"@type\":\"ListItem\",\"position\":2,\"name\":\"Incivilit\u00e9s\"}]},{\"@type\":\"WebSite\",\"@id\":\"https:\\\/\\\/www.neuillysurmarne.fr\\\/es\\\/#website\",\"url\":\"https:\\\/\\\/www.neuillysurmarne.fr\\\/es\\\/\",\"name\":\"Mairie de Neuilly-sur-Marne\",\"description\":\"BETA\",\"publisher\":{\"@id\":\"https:\\\/\\\/www.neuillysurmarne.fr\\\/es\\\/#organization\"},\"potentialAction\":[{\"@type\":\"SearchAction\",\"target\":{\"@type\":\"EntryPoint\",\"urlTemplate\":\"https:\\\/\\\/www.neuillysurmarne.fr\\\/es\\\/?s={search_term_string}\"},\"query-input\":{\"@type\":\"PropertyValueSpecification\",\"valueRequired\":true,\"valueName\":\"search_term_string\"}}],\"inLanguage\":\"zh-Hans\"},{\"@type\":\"Organization\",\"@id\":\"https:\\\/\\\/www.neuillysurmarne.fr\\\/es\\\/#organization\",\"name\":\"Mairie de Neuilly-sur-Marne\",\"url\":\"https:\\\/\\\/www.neuillysurmarne.fr\\\/es\\\/\",\"logo\":{\"@type\":\"ImageObject\",\"inLanguage\":\"zh-Hans\",\"@id\":\"https:\\\/\\\/www.neuillysurmarne.fr\\\/es\\\/#\\\/schema\\\/logo\\\/image\\\/\",\"url\":\"https:\\\/\\\/www.neuillysurmarne.fr\\\/wp-content\\\/uploads\\\/2023\\\/10\\\/LOGO-NeuillysurMarne-blanc.png\",\"contentUrl\":\"https:\\\/\\\/www.neuillysurmarne.fr\\\/wp-content\\\/uploads\\\/2023\\\/10\\\/LOGO-NeuillysurMarne-blanc.png\",\"width\":3308,\"height\":2586,\"caption\":\"Mairie de Neuilly-sur-Marne\"},\"image\":{\"@id\":\"https:\\\/\\\/www.neuillysurmarne.fr\\\/es\\\/#\\\/schema\\\/logo\\\/image\\\/\"},\"sameAs\":[\"https:\\\/\\\/www.facebook.com\\\/ville.neuilly\",\"https:\\\/\\\/www.instagram.com\\\/neuilly_marne\\\/\",\"https:\\\/\\\/www.linkedin.com\\\/company\\\/ville-de-neuilly-sur-marne\\\/\",\"https:\\\/\\\/www.youtube.com\\\/channel\\\/UCDdZ0TLrV8rfIqjBGvoeB5A\",\"https:\\\/\\\/www.tiktok.com\\\/@villedeneuillysurmarne\"]}]}<\/script>\n<!-- \/ Yoast SEO plugin. -->","yoast_head_json":{"title":"Incivilit\u00e9s - Mairie de Neuilly-sur-Marne","robots":{"index":"index","follow":"follow","max-snippet":"max-snippet:-1","max-image-preview":"max-image-preview:large","max-video-preview":"max-video-preview:-1"},"canonical":"https:\/\/www.neuillysurmarne.fr\/zh\/incivilites\/","og_locale":"zh_CN","og_type":"article","og_title":"Incivilit\u00e9s - Mairie de Neuilly-sur-Marne","og_description":"D\u00e9jections canines Appel \u00e0 la responsabilit\u00e9 individuelle Plusieurs courriers arrivent chaque ann\u00e9e en mairie pour souligner l\u2019inconfort et les probl\u00e8mes en termes d\u2019hygi\u00e8ne notamment dans les espaces verts fr\u00e9quent\u00e9s par les enfants. Deux totems \u00e9quip\u00e9s de distributeurs de sacs et de poubelles ont \u00e9t\u00e9 install\u00e9s Place du Chanoine H\u00e9roux \u00c0 proximit\u00e9 de l\u2019\u00e9cluse \u00a0\u00a0\u00a0\u00a0\u00a0\u00a0 Des [&hellip;]","og_url":"https:\/\/www.neuillysurmarne.fr\/zh\/incivilites\/","og_site_name":"Mairie de Neuilly-sur-Marne","article_publisher":"https:\/\/www.facebook.com\/ville.neuilly","article_modified_time":"2024-06-26T15:18:46+00:00","og_image":[{"width":2560,"height":853,"url":"https:\/\/www.neuillysurmarne.fr\/wp-content\/uploads\/2024\/06\/AdobeStock_694956632-scaled.jpeg","type":"image\/jpeg"}],"twitter_card":"summary_large_image","twitter_misc":{"\u9884\u8ba1\u9605\u8bfb\u65f6\u95f4":"1 \u5206"},"schema":{"@context":"https:\/\/schema.org","@graph":[{"@type":"WebPage","@id":"https:\/\/www.neuillysurmarne.fr\/incivilites\/","url":"https:\/\/www.neuillysurmarne.fr\/incivilites\/","name":"Incivilit\u00e9s - Mairie de Neuilly-sur-Marne","isPartOf":{"@id":"https:\/\/www.neuillysurmarne.fr\/es\/#website"},"primaryImageOfPage":{"@id":"https:\/\/www.neuillysurmarne.fr\/incivilites\/#primaryimage"},"image":{"@id":"https:\/\/www.neuillysurmarne.fr\/incivilites\/#primaryimage"},"thumbnailUrl":"https:\/\/www.neuillysurmarne.fr\/wp-content\/uploads\/2024\/06\/AdobeStock_694956632-scaled.jpeg","datePublished":"2023-11-13T11:50:45+00:00","dateModified":"2024-06-26T15:18:46+00:00","breadcrumb":{"@id":"https:\/\/www.neuillysurmarne.fr\/incivilites\/#breadcrumb"},"inLanguage":"zh-Hans","potentialAction":[{"@type":"ReadAction","target":["https:\/\/www.neuillysurmarne.fr\/incivilites\/"]}]},{"@type":"ImageObject","inLanguage":"zh-Hans","@id":"https:\/\/www.neuillysurmarne.fr\/incivilites\/#primaryimage","url":"https:\/\/www.neuillysurmarne.fr\/wp-content\/uploads\/2024\/06\/AdobeStock_694956632-scaled.jpeg","contentUrl":"https:\/\/www.neuillysurmarne.fr\/wp-content\/uploads\/2024\/06\/AdobeStock_694956632-scaled.jpeg","width":2560,"height":853,"caption":"Close Up Of Woman Taking Golden Retriever Dog For Walk On Lead Around Field In Autumn Countryside"},{"@type":"BreadcrumbList","@id":"https:\/\/www.neuillysurmarne.fr\/incivilites\/#breadcrumb","itemListElement":[{"@type":"ListItem","position":1,"name":"Accueil","item":"https:\/\/www.neuillysurmarne.fr\/"},{"@type":"ListItem","position":2,"name":"Incivilit\u00e9s"}]},{"@type":"WebSite","@id":"https:\/\/www.neuillysurmarne.fr\/es\/#website","url":"https:\/\/www.neuillysurmarne.fr\/es\/","name":"\u9a6c\u6069\u6cb3\u7554\u8bb7\u4f0a\u5e02\u653f\u5385","description":"BETA","publisher":{"@id":"https:\/\/www.neuillysurmarne.fr\/es\/#organization"},"potentialAction":[{"@type":"SearchAction","target":{"@type":"EntryPoint","urlTemplate":"https:\/\/www.neuillysurmarne.fr\/es\/?s={search_term_string}"},"query-input":{"@type":"PropertyValueSpecification","valueRequired":true,"valueName":"search_term_string"}}],"inLanguage":"zh-Hans"},{"@type":"Organization","@id":"https:\/\/www.neuillysurmarne.fr\/es\/#organization","name":"\u9a6c\u6069\u6cb3\u7554\u8bb7\u4f0a\u5e02\u653f\u5385","url":"https:\/\/www.neuillysurmarne.fr\/es\/","logo":{"@type":"ImageObject","inLanguage":"zh-Hans","@id":"https:\/\/www.neuillysurmarne.fr\/es\/#\/schema\/logo\/image\/","url":"https:\/\/www.neuillysurmarne.fr\/wp-content\/uploads\/2023\/10\/LOGO-NeuillysurMarne-blanc.png","contentUrl":"https:\/\/www.neuillysurmarne.fr\/wp-content\/uploads\/2023\/10\/LOGO-NeuillysurMarne-blanc.png","width":3308,"height":2586,"caption":"Mairie de Neuilly-sur-Marne"},"image":{"@id":"https:\/\/www.neuillysurmarne.fr\/es\/#\/schema\/logo\/image\/"},"sameAs":["https:\/\/www.facebook.com\/ville.neuilly","https:\/\/www.instagram.com\/neuilly_marne\/","https:\/\/www.linkedin.com\/company\/ville-de-neuilly-sur-marne\/","https:\/\/www.youtube.com\/channel\/UCDdZ0TLrV8rfIqjBGvoeB5A","https:\/\/www.tiktok.com\/@villedeneuillysurmarne"]}]}},"_links":{"self":[{"href":"https:\/\/www.neuillysurmarne.fr\/zh\/wp-json\/wp\/v2\/pages\/636","targetHints":{"allow":["GET"]}}],"collection":[{"href":"https:\/\/www.neuillysurmarne.fr\/zh\/wp-json\/wp\/v2\/pages"}],"about":[{"href":"https:\/\/www.neuillysurmarne.fr\/zh\/wp-json\/wp\/v2\/types\/page"}],"author":[{"embeddable":true,"href":"https:\/\/www.neuillysurmarne.fr\/zh\/wp-json\/wp\/v2\/users\/1"}],"replies":[{"embeddable":true,"href":"https:\/\/www.neuillysurmarne.fr\/zh\/wp-json\/wp\/v2\/comments?post=636"}],"version-history":[{"count":28,"href":"https:\/\/www.neuillysurmarne.fr\/zh\/wp-json\/wp\/v2\/pages\/636\/revisions"}],"predecessor-version":[{"id":10709,"href":"https:\/\/www.neuillysurmarne.fr\/zh\/wp-json\/wp\/v2\/pages\/636\/revisions\/10709"}],"wp:featuredmedia":[{"embeddable":true,"href":"https:\/\/www.neuillysurmarne.fr\/zh\/wp-json\/wp\/v2\/media\/7906"}],"wp:attachment":[{"href":"https:\/\/www.neuillysurmarne.fr\/zh\/wp-json\/wp\/v2\/media?parent=636"}],"curies":[{"name":"wp","href":"https:\/\/api.w.org\/{rel}","templated":true}]}}