{"id":659,"date":"2023-11-13T13:00:43","date_gmt":"2023-11-13T12:00:43","guid":{"rendered":"https:\/\/www.neuillysurmarne.fr\/?page_id=659"},"modified":"2024-06-26T21:23:01","modified_gmt":"2024-06-26T19:23:01","slug":"boites-a-livres","status":"publish","type":"page","link":"https:\/\/www.neuillysurmarne.fr\/zh\/boites-a-livres\/","title":{"rendered":"\u4e66\u7bb1"},"content":{"rendered":"<div data-elementor-type=\"wp-page\" data-elementor-id=\"659\" class=\"elementor elementor-659\" data-elementor-post-type=\"page\">\n\t\t\t\t<div class=\"elementor-element elementor-element-2caeff62 e-flex e-con-boxed e-con e-parent\" data-id=\"2caeff62\" data-element_type=\"container\" data-e-type=\"container\">\n\t\t\t\t\t<div class=\"e-con-inner\">\n\t\t\t\t<div class=\"elementor-element elementor-element-1abddc2 elementor-widget elementor-widget-text-editor\" data-id=\"1abddc2\" data-element_type=\"widget\" data-e-type=\"widget\" data-widget_type=\"text-editor.default\">\n\t\t\t\t<div class=\"elementor-widget-container\">\n\t\t\t\t\t\t\t\t\t<p>\u1f4d\u8bfb\u8005\u4eec\u76f8\u4e92\u7ade\u4e89\uff0c\u5206\u4eab\u4ed6\u4eec\u7684\u9605\u8bfb\u9009\u62e9\u3002\u8fd9\u79cd\u60f3\u6cd5\u7531\u6b64\u4f20\u64ad\u5f00\u6765\uff0c\u53ea\u8981\u628a\u4e66\u653e\u5728\u516c\u5171\u573a\u6240\uff0c\u5c31\u80fd\u8ba9\u65b0\u8bfb\u8005\u53d1\u73b0\uff0c\u8ba9\u4e66\u6210\u4e3a\u65c5\u884c\u8005\u3002\u4efb\u4f55\u4eba\u90fd\u53ef\u4ee5\u5728\u4e66\u7bb1\u4e2d\u6295\u9012\u6216\u62fe\u53d6\u4e00\u672c\u4e66\uff0c\u7136\u540e\u5c06\u5176\u4fdd\u7559\u6216\u91cd\u65b0\u6d41\u901a\u3002<\/p><p>\u4e66\u7bb1\u5904\u4e8e\u77ed\u8def\u3001\u53cd\u5783\u573e\u3001\u5171\u4eab\u548c\u83b7\u53d6\u6587\u5316\u539f\u5219\u7684\u5341\u5b57\u8def\u53e3\u3002\u8fd9\u5c31\u662f\u4e3a\u4ec0\u4e48\u00a0<strong>\u5e02\u653f\u5e9c\u51b3\u5b9a\u5728\u5e02\u5185\u5404\u4eba\u6d41\u5bc6\u96c6\u533a\u8bbe\u7acb\u591a\u4e2a\u4e66\u7bb1<\/strong>.\u8fc7\u5f80\u884c\u4eba\u53ef\u4ee5\u82b1\u4e0a\u7247\u523b\u65f6\u95f4\u770b\u770b\u6700\u65b0\u5230\u8d27\u7684\u5c55\u54c1\u6216\u5206\u4eab\u4ed6\u4eec\u7684\u9605\u8bfb\u5fc3\u5f97\u3002<\/p><p>\u8fd9\u4e2a\u65b0\u7684\u573a\u5916\u516c\u5171\u9605\u8bfb\u7f51\u7edc\u5c06\u7531\u5b89\u6258\u4e07-\u5fb7-\u5723\u57c3\u514b\u82cf\u4f69\u91cc\u5e02\u7acb\u73a9\u5177\u548c\u591a\u5a92\u4f53\u56fe\u4e66\u9986\u7684\u56e2\u961f\u8d1f\u8d23\u7ba1\u7406\uff0c\u8bb7\u4f0a Emma\u00fcs Avenir \u534f\u4f1a\u4e5f\u5c06\u53c2\u4e0e\u5176\u4e2d\u3002<\/p>\t\t\t\t\t\t\t\t<\/div>\n\t\t\t\t<\/div>\n\t\t<div class=\"elementor-element elementor-element-62b321e e-flex e-con-boxed e-con e-child\" data-id=\"62b321e\" data-element_type=\"container\" data-e-type=\"container\">\n\t\t\t\t\t<div class=\"e-con-inner\">\n\t\t\t\t<div class=\"elementor-element elementor-element-18233f0 elementor-widget elementor-widget-text-editor\" data-id=\"18233f0\" data-element_type=\"widget\" data-e-type=\"widget\" data-widget_type=\"text-editor.default\">\n\t\t\t\t<div class=\"elementor-widget-container\">\n\t\t\t\t\t\t\t\t\t<iframe src=\"https:\/\/www.google.com\/maps\/d\/u\/0\/embed?mid=1hTtzjT2RUTZSyMqtoHUzgdI4ZwssXIQ&#038;ehbc=2E312F\" width=\"640\" height=\"480\"><\/iframe>\t\t\t\t\t\t\t\t<\/div>\n\t\t\t\t<\/div>\n\t\t\t\t\t<\/div>\n\t\t\t\t<\/div>\n\t\t\t\t\t<\/div>\n\t\t\t\t<\/div>\n\t\t\t\t<\/div>","protected":false},"excerpt":{"rendered":"<p>\ud83d\udcda Les lecteurs rivalisent d\u2019imagination pour partager leurs choix de lecture. L\u2019id\u00e9e s\u2019est ainsi r\u00e9pandue que le livre pouvait devenir voyageur, en s\u2019abandonnant dans un lieu public o\u00f9 un nouveau lecteur pourra le d\u00e9couvrir. Chacun peut d\u00e9poser un livre ou en prendre un dans une bo\u00eete \u00e0 livres, qu\u2019il pourra par la suite conserver ou [&hellip;]<\/p>\n","protected":false},"author":1,"featured_media":7353,"parent":0,"menu_order":0,"comment_status":"closed","ping_status":"closed","template":"","meta":{"_acf_changed":false,"footnotes":""},"class_list":["post-659","page","type-page","status-publish","has-post-thumbnail","hentry"],"acf":[],"yoast_head":"<!-- This site is optimized with the Yoast SEO plugin v27.4 - https:\/\/yoast.com\/product\/yoast-seo-wordpress\/ -->\n<title>Bo\u00eetes \u00e0 livres - Mairie de Neuilly-sur-Marne<\/title>\n<meta name=\"robots\" content=\"index, follow, max-snippet:-1, max-image-preview:large, max-video-preview:-1\" \/>\n<link rel=\"canonical\" href=\"https:\/\/www.neuillysurmarne.fr\/zh\/boites-a-livres\/\" \/>\n<meta property=\"og:locale\" content=\"zh_CN\" \/>\n<meta property=\"og:type\" content=\"article\" \/>\n<meta property=\"og:title\" content=\"Bo\u00eetes \u00e0 livres - Mairie de Neuilly-sur-Marne\" \/>\n<meta property=\"og:description\" content=\"\ud83d\udcda Les lecteurs rivalisent d\u2019imagination pour partager leurs choix de lecture. L\u2019id\u00e9e s\u2019est ainsi r\u00e9pandue que le livre pouvait devenir voyageur, en s\u2019abandonnant dans un lieu public o\u00f9 un nouveau lecteur pourra le d\u00e9couvrir. Chacun peut d\u00e9poser un livre ou en prendre un dans une bo\u00eete \u00e0 livres, qu\u2019il pourra par la suite conserver ou [&hellip;]\" \/>\n<meta property=\"og:url\" content=\"https:\/\/www.neuillysurmarne.fr\/zh\/boites-a-livres\/\" \/>\n<meta property=\"og:site_name\" content=\"Mairie de Neuilly-sur-Marne\" \/>\n<meta property=\"article:publisher\" content=\"https:\/\/www.facebook.com\/ville.neuilly\" \/>\n<meta property=\"article:modified_time\" content=\"2024-06-26T19:23:01+00:00\" \/>\n<meta property=\"og:image\" content=\"https:\/\/www.neuillysurmarne.fr\/wp-content\/uploads\/2024\/05\/Illustrations-bancs-BDM-06.2021-4-scaled.jpg\" \/>\n\t<meta property=\"og:image:width\" content=\"2560\" \/>\n\t<meta property=\"og:image:height\" content=\"1707\" \/>\n\t<meta property=\"og:image:type\" content=\"image\/jpeg\" \/>\n<meta name=\"twitter:card\" content=\"summary_large_image\" \/>\n<meta name=\"twitter:label1\" content=\"\u9884\u8ba1\u9605\u8bfb\u65f6\u95f4\" \/>\n\t<meta name=\"twitter:data1\" content=\"1 \u5206\" \/>\n<script type=\"application\/ld+json\" class=\"yoast-schema-graph\">{\"@context\":\"https:\\\/\\\/schema.org\",\"@graph\":[{\"@type\":\"WebPage\",\"@id\":\"https:\\\/\\\/www.neuillysurmarne.fr\\\/boites-a-livres\\\/\",\"url\":\"https:\\\/\\\/www.neuillysurmarne.fr\\\/boites-a-livres\\\/\",\"name\":\"Bo\u00eetes \u00e0 livres - Mairie de Neuilly-sur-Marne\",\"isPartOf\":{\"@id\":\"https:\\\/\\\/www.neuillysurmarne.fr\\\/es\\\/#website\"},\"primaryImageOfPage\":{\"@id\":\"https:\\\/\\\/www.neuillysurmarne.fr\\\/boites-a-livres\\\/#primaryimage\"},\"image\":{\"@id\":\"https:\\\/\\\/www.neuillysurmarne.fr\\\/boites-a-livres\\\/#primaryimage\"},\"thumbnailUrl\":\"https:\\\/\\\/www.neuillysurmarne.fr\\\/wp-content\\\/uploads\\\/2024\\\/05\\\/Illustrations-bancs-BDM-06.2021-4-scaled.jpg\",\"datePublished\":\"2023-11-13T12:00:43+00:00\",\"dateModified\":\"2024-06-26T19:23:01+00:00\",\"breadcrumb\":{\"@id\":\"https:\\\/\\\/www.neuillysurmarne.fr\\\/boites-a-livres\\\/#breadcrumb\"},\"inLanguage\":\"zh-Hans\",\"potentialAction\":[{\"@type\":\"ReadAction\",\"target\":[\"https:\\\/\\\/www.neuillysurmarne.fr\\\/boites-a-livres\\\/\"]}]},{\"@type\":\"ImageObject\",\"inLanguage\":\"zh-Hans\",\"@id\":\"https:\\\/\\\/www.neuillysurmarne.fr\\\/boites-a-livres\\\/#primaryimage\",\"url\":\"https:\\\/\\\/www.neuillysurmarne.fr\\\/wp-content\\\/uploads\\\/2024\\\/05\\\/Illustrations-bancs-BDM-06.2021-4-scaled.jpg\",\"contentUrl\":\"https:\\\/\\\/www.neuillysurmarne.fr\\\/wp-content\\\/uploads\\\/2024\\\/05\\\/Illustrations-bancs-BDM-06.2021-4-scaled.jpg\",\"width\":2560,\"height\":1707},{\"@type\":\"BreadcrumbList\",\"@id\":\"https:\\\/\\\/www.neuillysurmarne.fr\\\/boites-a-livres\\\/#breadcrumb\",\"itemListElement\":[{\"@type\":\"ListItem\",\"position\":1,\"name\":\"Accueil\",\"item\":\"https:\\\/\\\/www.neuillysurmarne.fr\\\/\"},{\"@type\":\"ListItem\",\"position\":2,\"name\":\"Bo\u00eetes \u00e0 livres\"}]},{\"@type\":\"WebSite\",\"@id\":\"https:\\\/\\\/www.neuillysurmarne.fr\\\/es\\\/#website\",\"url\":\"https:\\\/\\\/www.neuillysurmarne.fr\\\/es\\\/\",\"name\":\"Mairie de Neuilly-sur-Marne\",\"description\":\"BETA\",\"publisher\":{\"@id\":\"https:\\\/\\\/www.neuillysurmarne.fr\\\/es\\\/#organization\"},\"potentialAction\":[{\"@type\":\"SearchAction\",\"target\":{\"@type\":\"EntryPoint\",\"urlTemplate\":\"https:\\\/\\\/www.neuillysurmarne.fr\\\/es\\\/?s={search_term_string}\"},\"query-input\":{\"@type\":\"PropertyValueSpecification\",\"valueRequired\":true,\"valueName\":\"search_term_string\"}}],\"inLanguage\":\"zh-Hans\"},{\"@type\":\"Organization\",\"@id\":\"https:\\\/\\\/www.neuillysurmarne.fr\\\/es\\\/#organization\",\"name\":\"Mairie de Neuilly-sur-Marne\",\"url\":\"https:\\\/\\\/www.neuillysurmarne.fr\\\/es\\\/\",\"logo\":{\"@type\":\"ImageObject\",\"inLanguage\":\"zh-Hans\",\"@id\":\"https:\\\/\\\/www.neuillysurmarne.fr\\\/es\\\/#\\\/schema\\\/logo\\\/image\\\/\",\"url\":\"https:\\\/\\\/www.neuillysurmarne.fr\\\/wp-content\\\/uploads\\\/2023\\\/10\\\/LOGO-NeuillysurMarne-blanc.png\",\"contentUrl\":\"https:\\\/\\\/www.neuillysurmarne.fr\\\/wp-content\\\/uploads\\\/2023\\\/10\\\/LOGO-NeuillysurMarne-blanc.png\",\"width\":3308,\"height\":2586,\"caption\":\"Mairie de Neuilly-sur-Marne\"},\"image\":{\"@id\":\"https:\\\/\\\/www.neuillysurmarne.fr\\\/es\\\/#\\\/schema\\\/logo\\\/image\\\/\"},\"sameAs\":[\"https:\\\/\\\/www.facebook.com\\\/ville.neuilly\",\"https:\\\/\\\/www.instagram.com\\\/neuilly_marne\\\/\",\"https:\\\/\\\/www.linkedin.com\\\/company\\\/ville-de-neuilly-sur-marne\\\/\",\"https:\\\/\\\/www.youtube.com\\\/channel\\\/UCDdZ0TLrV8rfIqjBGvoeB5A\",\"https:\\\/\\\/www.tiktok.com\\\/@villedeneuillysurmarne\"]}]}<\/script>\n<!-- \/ Yoast SEO plugin. -->","yoast_head_json":{"title":"Bo\u00eetes \u00e0 livres - Mairie de Neuilly-sur-Marne","robots":{"index":"index","follow":"follow","max-snippet":"max-snippet:-1","max-image-preview":"max-image-preview:large","max-video-preview":"max-video-preview:-1"},"canonical":"https:\/\/www.neuillysurmarne.fr\/zh\/boites-a-livres\/","og_locale":"zh_CN","og_type":"article","og_title":"Bo\u00eetes \u00e0 livres - Mairie de Neuilly-sur-Marne","og_description":"\ud83d\udcda Les lecteurs rivalisent d\u2019imagination pour partager leurs choix de lecture. L\u2019id\u00e9e s\u2019est ainsi r\u00e9pandue que le livre pouvait devenir voyageur, en s\u2019abandonnant dans un lieu public o\u00f9 un nouveau lecteur pourra le d\u00e9couvrir. Chacun peut d\u00e9poser un livre ou en prendre un dans une bo\u00eete \u00e0 livres, qu\u2019il pourra par la suite conserver ou [&hellip;]","og_url":"https:\/\/www.neuillysurmarne.fr\/zh\/boites-a-livres\/","og_site_name":"Mairie de Neuilly-sur-Marne","article_publisher":"https:\/\/www.facebook.com\/ville.neuilly","article_modified_time":"2024-06-26T19:23:01+00:00","og_image":[{"width":2560,"height":1707,"url":"https:\/\/www.neuillysurmarne.fr\/wp-content\/uploads\/2024\/05\/Illustrations-bancs-BDM-06.2021-4-scaled.jpg","type":"image\/jpeg"}],"twitter_card":"summary_large_image","twitter_misc":{"\u9884\u8ba1\u9605\u8bfb\u65f6\u95f4":"1 \u5206"},"schema":{"@context":"https:\/\/schema.org","@graph":[{"@type":"WebPage","@id":"https:\/\/www.neuillysurmarne.fr\/boites-a-livres\/","url":"https:\/\/www.neuillysurmarne.fr\/boites-a-livres\/","name":"Bo\u00eetes \u00e0 livres - Mairie de Neuilly-sur-Marne","isPartOf":{"@id":"https:\/\/www.neuillysurmarne.fr\/es\/#website"},"primaryImageOfPage":{"@id":"https:\/\/www.neuillysurmarne.fr\/boites-a-livres\/#primaryimage"},"image":{"@id":"https:\/\/www.neuillysurmarne.fr\/boites-a-livres\/#primaryimage"},"thumbnailUrl":"https:\/\/www.neuillysurmarne.fr\/wp-content\/uploads\/2024\/05\/Illustrations-bancs-BDM-06.2021-4-scaled.jpg","datePublished":"2023-11-13T12:00:43+00:00","dateModified":"2024-06-26T19:23:01+00:00","breadcrumb":{"@id":"https:\/\/www.neuillysurmarne.fr\/boites-a-livres\/#breadcrumb"},"inLanguage":"zh-Hans","potentialAction":[{"@type":"ReadAction","target":["https:\/\/www.neuillysurmarne.fr\/boites-a-livres\/"]}]},{"@type":"ImageObject","inLanguage":"zh-Hans","@id":"https:\/\/www.neuillysurmarne.fr\/boites-a-livres\/#primaryimage","url":"https:\/\/www.neuillysurmarne.fr\/wp-content\/uploads\/2024\/05\/Illustrations-bancs-BDM-06.2021-4-scaled.jpg","contentUrl":"https:\/\/www.neuillysurmarne.fr\/wp-content\/uploads\/2024\/05\/Illustrations-bancs-BDM-06.2021-4-scaled.jpg","width":2560,"height":1707},{"@type":"BreadcrumbList","@id":"https:\/\/www.neuillysurmarne.fr\/boites-a-livres\/#breadcrumb","itemListElement":[{"@type":"ListItem","position":1,"name":"Accueil","item":"https:\/\/www.neuillysurmarne.fr\/"},{"@type":"ListItem","position":2,"name":"Bo\u00eetes \u00e0 livres"}]},{"@type":"WebSite","@id":"https:\/\/www.neuillysurmarne.fr\/es\/#website","url":"https:\/\/www.neuillysurmarne.fr\/es\/","name":"\u9a6c\u6069\u6cb3\u7554\u8bb7\u4f0a\u5e02\u653f\u5385","description":"BETA","publisher":{"@id":"https:\/\/www.neuillysurmarne.fr\/es\/#organization"},"potentialAction":[{"@type":"SearchAction","target":{"@type":"EntryPoint","urlTemplate":"https:\/\/www.neuillysurmarne.fr\/es\/?s={search_term_string}"},"query-input":{"@type":"PropertyValueSpecification","valueRequired":true,"valueName":"search_term_string"}}],"inLanguage":"zh-Hans"},{"@type":"Organization","@id":"https:\/\/www.neuillysurmarne.fr\/es\/#organization","name":"\u9a6c\u6069\u6cb3\u7554\u8bb7\u4f0a\u5e02\u653f\u5385","url":"https:\/\/www.neuillysurmarne.fr\/es\/","logo":{"@type":"ImageObject","inLanguage":"zh-Hans","@id":"https:\/\/www.neuillysurmarne.fr\/es\/#\/schema\/logo\/image\/","url":"https:\/\/www.neuillysurmarne.fr\/wp-content\/uploads\/2023\/10\/LOGO-NeuillysurMarne-blanc.png","contentUrl":"https:\/\/www.neuillysurmarne.fr\/wp-content\/uploads\/2023\/10\/LOGO-NeuillysurMarne-blanc.png","width":3308,"height":2586,"caption":"Mairie de Neuilly-sur-Marne"},"image":{"@id":"https:\/\/www.neuillysurmarne.fr\/es\/#\/schema\/logo\/image\/"},"sameAs":["https:\/\/www.facebook.com\/ville.neuilly","https:\/\/www.instagram.com\/neuilly_marne\/","https:\/\/www.linkedin.com\/company\/ville-de-neuilly-sur-marne\/","https:\/\/www.youtube.com\/channel\/UCDdZ0TLrV8rfIqjBGvoeB5A","https:\/\/www.tiktok.com\/@villedeneuillysurmarne"]}]}},"_links":{"self":[{"href":"https:\/\/www.neuillysurmarne.fr\/zh\/wp-json\/wp\/v2\/pages\/659","targetHints":{"allow":["GET"]}}],"collection":[{"href":"https:\/\/www.neuillysurmarne.fr\/zh\/wp-json\/wp\/v2\/pages"}],"about":[{"href":"https:\/\/www.neuillysurmarne.fr\/zh\/wp-json\/wp\/v2\/types\/page"}],"author":[{"embeddable":true,"href":"https:\/\/www.neuillysurmarne.fr\/zh\/wp-json\/wp\/v2\/users\/1"}],"replies":[{"embeddable":true,"href":"https:\/\/www.neuillysurmarne.fr\/zh\/wp-json\/wp\/v2\/comments?post=659"}],"version-history":[{"count":22,"href":"https:\/\/www.neuillysurmarne.fr\/zh\/wp-json\/wp\/v2\/pages\/659\/revisions"}],"predecessor-version":[{"id":10856,"href":"https:\/\/www.neuillysurmarne.fr\/zh\/wp-json\/wp\/v2\/pages\/659\/revisions\/10856"}],"wp:featuredmedia":[{"embeddable":true,"href":"https:\/\/www.neuillysurmarne.fr\/zh\/wp-json\/wp\/v2\/media\/7353"}],"wp:attachment":[{"href":"https:\/\/www.neuillysurmarne.fr\/zh\/wp-json\/wp\/v2\/media?parent=659"}],"curies":[{"name":"wp","href":"https:\/\/api.w.org\/{rel}","templated":true}]}}