{"id":703,"date":"2023-11-13T14:57:54","date_gmt":"2023-11-13T13:57:54","guid":{"rendered":"https:\/\/www.neuillysurmarne.fr\/?page_id=703"},"modified":"2025-08-25T17:57:30","modified_gmt":"2025-08-25T15:57:30","slug":"piscine","status":"publish","type":"page","link":"https:\/\/www.neuillysurmarne.fr\/zh\/piscine\/","title":{"rendered":"\u6e38\u6cf3\u6c60"},"content":{"rendered":"<div data-elementor-type=\"wp-page\" data-elementor-id=\"703\" class=\"elementor elementor-703\" data-elementor-post-type=\"page\">\n\t\t\t\t<div class=\"elementor-element elementor-element-758717cd e-flex e-con-boxed e-con e-parent\" data-id=\"758717cd\" data-element_type=\"container\" data-e-type=\"container\">\n\t\t\t\t\t<div class=\"e-con-inner\">\n\t\t<div class=\"elementor-element elementor-element-3d14875 e-flex e-con-boxed e-con e-child\" data-id=\"3d14875\" data-element_type=\"container\" data-e-type=\"container\">\n\t\t\t\t\t<div class=\"e-con-inner\">\n\t\t\t\t<div class=\"elementor-element elementor-element-4005d7e elementor-widget elementor-widget-text-editor\" data-id=\"4005d7e\" data-element_type=\"widget\" data-e-type=\"widget\" data-widget_type=\"text-editor.default\">\n\t\t\t\t<div class=\"elementor-widget-container\">\n\t\t\t\t\t\t\t\t\t<h2>Des s\u00e9ances de natation gratuites pour les retrait\u00e9s<\/h2><p>La ville propose aux retrait\u00e9s noc\u00e9ens de profiter gratuitement d&rsquo;une s\u00e9ance de nage libre hebdomadaire, sous la surveillance d&rsquo;un maitre-nageur. La piscine municipale Plein Soleil r\u00e9serve <strong>\u6bcf\u5468\u56db\u4e2d\u5348 12 \u70b9\u81f3\u4e0b\u5348 1 \u70b9\u4e3a\u8001\u5e74\u4eba\u63d0\u4f9b\u514d\u8d39\u65f6\u6bb5\u3002<\/strong>.<\/p><p>Vous \u00eates retrait\u00e9 et \u00eates int\u00e9ress\u00e9 ? Inscrivez-vous aupr\u00e8s du Centre Communal d&rsquo;Action Sociale tout au long de l&rsquo;ann\u00e9e le vendredi de 9h \u00e0 12h.<\/p><p>\u60a8\u53ea\u9700\u643a\u5e26\u672a\u6ee1\u4e09\u4e2a\u6708\u7684\u5e74\u68c0\u8bc1\u660e\uff0c\u5e76\u5c06\u5176\u4ea4\u7ed9\u4f4d\u4e8e Paul et Camille Thomoux \u8857 20 \u53f7\u516c\u5171\u670d\u52a1\u4e4b\u5bb6\u7684\u8001\u5e74\u4eba\u6d3b\u52a8\u4e2d\u5fc3\u5373\u53ef\u3002<\/p><p>\u5982\u679c\u60a8\u672a\u5728 CCAS \u6ce8\u518c\uff0c\u60a8\u8fd8\u9700\u8981\u63d0\u4f9b\u8eab\u4efd\u8bc1\u660e\u3001\u5730\u5740\u548c\u9886\u53d6\u517b\u8001\u91d1\u7684\u6743\u5229\u3002<\/p>\t\t\t\t\t\t\t\t<\/div>\n\t\t\t\t<\/div>\n\t\t\t\t\t<\/div>\n\t\t\t\t<\/div>\n\t\t<div class=\"elementor-element elementor-element-95e0ab6 e-grid e-con-full e-con e-child\" data-id=\"95e0ab6\" data-element_type=\"container\" data-e-type=\"container\">\n\t\t\t\t<div class=\"elementor-element elementor-element-c009b8f elementor-widget elementor-widget-text-editor\" data-id=\"c009b8f\" data-element_type=\"widget\" data-e-type=\"widget\" data-widget_type=\"text-editor.default\">\n\t\t\t\t<div class=\"elementor-widget-container\">\n\t\t\t\t\t\t\t\t\t<h3 class=\"destinataire\"><strong>Plein Soleil \u6cf3\u6c60<br \/><\/strong><\/h3><div class=\"streetAddress\">\ud83d\udccd 13 rue du 19 mars 1962<br \/>93330 \u9a6c\u6069\u6cb3\u7554\u8bfa\u4f0a\u4f0a<\/div><div>\u00a0<\/div><div class=\"streetAddress\"><span class=\"telephone\">\ud83d\udcde 01 43 08 62 19<br \/><\/span><\/div><div>\u00a0<\/div><div class=\"streetAddress\"><a class=\"email\" title=\"ce.0931512n@ac-creteil.fr\" href=\"mailto:piscine@neuillysurmarne.fr\">\ud83d\udce7<strong> piscine@neuillysurmarne.fr<\/strong><\/a><\/div><div>\u00a0<\/div><div>\ud83d\udd53 \u661f\u671f\u56db\uff1a\u4e2d\u5348 12 \u65f6\u81f3\u4e0b\u5348 1 \u65f6<\/div>\t\t\t\t\t\t\t\t<\/div>\n\t\t\t\t<\/div>\n\t\t\t\t<div class=\"elementor-element elementor-element-fba1ad3 elementor-widget elementor-widget-google_maps\" data-id=\"fba1ad3\" data-element_type=\"widget\" data-e-type=\"widget\" data-widget_type=\"google_maps.default\">\n\t\t\t\t<div class=\"elementor-widget-container\">\n\t\t\t\t\t\t\t<div class=\"elementor-custom-embed\">\n\t\t\t<iframe loading=\"lazy\"\n\t\t\t\t\tsrc=\"https:\/\/maps.google.com\/maps?q=Piscine%20Plein%20Soleil%2C%2093330&#038;t=m&#038;z=17&#038;output=embed&#038;iwloc=near\"\n\t\t\t\t\ttitle=\"Plein Soleil \u6e38\u6cf3\u6c60, 93330\"\n\t\t\t\t\taria-label=\"Plein Soleil \u6e38\u6cf3\u6c60, 93330\"\n\t\t\t><\/iframe>\n\t\t<\/div>\n\t\t\t\t\t\t<\/div>\n\t\t\t\t<\/div>\n\t\t\t\t<\/div>\n\t\t\t\t\t<\/div>\n\t\t\t\t<\/div>\n\t\t\t\t<\/div>","protected":false},"excerpt":{"rendered":"<p>Des s\u00e9ances de natation gratuites pour les retrait\u00e9s La ville propose aux retrait\u00e9s noc\u00e9ens de profiter gratuitement d&rsquo;une s\u00e9ance de nage libre hebdomadaire, sous la surveillance d&rsquo;un maitre-nageur. La piscine municipale Plein Soleil r\u00e9serve un cr\u00e9neau gratuit pour les A\u00een\u00e9s chaque jeudi de 12h \u00e0 13h. Vous \u00eates retrait\u00e9 et \u00eates int\u00e9ress\u00e9 ? Inscrivez-vous aupr\u00e8s [&hellip;]<\/p>\n","protected":false},"author":1,"featured_media":7333,"parent":0,"menu_order":0,"comment_status":"closed","ping_status":"closed","template":"","meta":{"_acf_changed":false,"footnotes":""},"class_list":["post-703","page","type-page","status-publish","has-post-thumbnail","hentry"],"acf":[],"yoast_head":"<!-- This site is optimized with the Yoast SEO plugin v27.4 - https:\/\/yoast.com\/product\/yoast-seo-wordpress\/ -->\n<title>Piscine - Mairie de Neuilly-sur-Marne<\/title>\n<meta name=\"robots\" content=\"index, follow, max-snippet:-1, max-image-preview:large, max-video-preview:-1\" \/>\n<link rel=\"canonical\" href=\"https:\/\/www.neuillysurmarne.fr\/zh\/piscine\/\" \/>\n<meta property=\"og:locale\" content=\"zh_CN\" \/>\n<meta property=\"og:type\" content=\"article\" \/>\n<meta property=\"og:title\" content=\"Piscine - Mairie de Neuilly-sur-Marne\" \/>\n<meta property=\"og:description\" content=\"Des s\u00e9ances de natation gratuites pour les retrait\u00e9s La ville propose aux retrait\u00e9s noc\u00e9ens de profiter gratuitement d&rsquo;une s\u00e9ance de nage libre hebdomadaire, sous la surveillance d&rsquo;un maitre-nageur. La piscine municipale Plein Soleil r\u00e9serve un cr\u00e9neau gratuit pour les A\u00een\u00e9s chaque jeudi de 12h \u00e0 13h. Vous \u00eates retrait\u00e9 et \u00eates int\u00e9ress\u00e9 ? Inscrivez-vous aupr\u00e8s [&hellip;]\" \/>\n<meta property=\"og:url\" content=\"https:\/\/www.neuillysurmarne.fr\/zh\/piscine\/\" \/>\n<meta property=\"og:site_name\" content=\"Mairie de Neuilly-sur-Marne\" \/>\n<meta property=\"article:publisher\" content=\"https:\/\/www.facebook.com\/ville.neuilly\" \/>\n<meta property=\"article:modified_time\" content=\"2025-08-25T15:57:30+00:00\" \/>\n<meta property=\"og:image\" content=\"https:\/\/www.neuillysurmarne.fr\/wp-content\/uploads\/2024\/05\/AdobeStock_601831405-scaled.jpeg\" \/>\n\t<meta property=\"og:image:width\" content=\"2560\" \/>\n\t<meta property=\"og:image:height\" content=\"995\" \/>\n\t<meta property=\"og:image:type\" content=\"image\/jpeg\" \/>\n<meta name=\"twitter:card\" content=\"summary_large_image\" \/>\n<meta name=\"twitter:label1\" content=\"\u9884\u8ba1\u9605\u8bfb\u65f6\u95f4\" \/>\n\t<meta name=\"twitter:data1\" content=\"2 \u5206\" \/>\n<script type=\"application\/ld+json\" class=\"yoast-schema-graph\">{\"@context\":\"https:\\\/\\\/schema.org\",\"@graph\":[{\"@type\":\"WebPage\",\"@id\":\"https:\\\/\\\/www.neuillysurmarne.fr\\\/piscine\\\/\",\"url\":\"https:\\\/\\\/www.neuillysurmarne.fr\\\/piscine\\\/\",\"name\":\"Piscine - Mairie de Neuilly-sur-Marne\",\"isPartOf\":{\"@id\":\"https:\\\/\\\/www.neuillysurmarne.fr\\\/es\\\/#website\"},\"primaryImageOfPage\":{\"@id\":\"https:\\\/\\\/www.neuillysurmarne.fr\\\/piscine\\\/#primaryimage\"},\"image\":{\"@id\":\"https:\\\/\\\/www.neuillysurmarne.fr\\\/piscine\\\/#primaryimage\"},\"thumbnailUrl\":\"https:\\\/\\\/www.neuillysurmarne.fr\\\/wp-content\\\/uploads\\\/2024\\\/05\\\/AdobeStock_601831405-scaled.jpeg\",\"datePublished\":\"2023-11-13T13:57:54+00:00\",\"dateModified\":\"2025-08-25T15:57:30+00:00\",\"breadcrumb\":{\"@id\":\"https:\\\/\\\/www.neuillysurmarne.fr\\\/piscine\\\/#breadcrumb\"},\"inLanguage\":\"zh-Hans\",\"potentialAction\":[{\"@type\":\"ReadAction\",\"target\":[\"https:\\\/\\\/www.neuillysurmarne.fr\\\/piscine\\\/\"]}]},{\"@type\":\"ImageObject\",\"inLanguage\":\"zh-Hans\",\"@id\":\"https:\\\/\\\/www.neuillysurmarne.fr\\\/piscine\\\/#primaryimage\",\"url\":\"https:\\\/\\\/www.neuillysurmarne.fr\\\/wp-content\\\/uploads\\\/2024\\\/05\\\/AdobeStock_601831405-scaled.jpeg\",\"contentUrl\":\"https:\\\/\\\/www.neuillysurmarne.fr\\\/wp-content\\\/uploads\\\/2024\\\/05\\\/AdobeStock_601831405-scaled.jpeg\",\"width\":2560,\"height\":995,\"caption\":\"Banner of senior woman (over age of 50) in sport goggles, swimsuit doing aqua fitness with swim noodles in swimming pool. Mature female smiling with happy face in summer day. Healthy lifestyle.\"},{\"@type\":\"BreadcrumbList\",\"@id\":\"https:\\\/\\\/www.neuillysurmarne.fr\\\/piscine\\\/#breadcrumb\",\"itemListElement\":[{\"@type\":\"ListItem\",\"position\":1,\"name\":\"Accueil\",\"item\":\"https:\\\/\\\/www.neuillysurmarne.fr\\\/\"},{\"@type\":\"ListItem\",\"position\":2,\"name\":\"Piscine\"}]},{\"@type\":\"WebSite\",\"@id\":\"https:\\\/\\\/www.neuillysurmarne.fr\\\/es\\\/#website\",\"url\":\"https:\\\/\\\/www.neuillysurmarne.fr\\\/es\\\/\",\"name\":\"Mairie de Neuilly-sur-Marne\",\"description\":\"BETA\",\"publisher\":{\"@id\":\"https:\\\/\\\/www.neuillysurmarne.fr\\\/es\\\/#organization\"},\"potentialAction\":[{\"@type\":\"SearchAction\",\"target\":{\"@type\":\"EntryPoint\",\"urlTemplate\":\"https:\\\/\\\/www.neuillysurmarne.fr\\\/es\\\/?s={search_term_string}\"},\"query-input\":{\"@type\":\"PropertyValueSpecification\",\"valueRequired\":true,\"valueName\":\"search_term_string\"}}],\"inLanguage\":\"zh-Hans\"},{\"@type\":\"Organization\",\"@id\":\"https:\\\/\\\/www.neuillysurmarne.fr\\\/es\\\/#organization\",\"name\":\"Mairie de Neuilly-sur-Marne\",\"url\":\"https:\\\/\\\/www.neuillysurmarne.fr\\\/es\\\/\",\"logo\":{\"@type\":\"ImageObject\",\"inLanguage\":\"zh-Hans\",\"@id\":\"https:\\\/\\\/www.neuillysurmarne.fr\\\/es\\\/#\\\/schema\\\/logo\\\/image\\\/\",\"url\":\"https:\\\/\\\/www.neuillysurmarne.fr\\\/wp-content\\\/uploads\\\/2023\\\/10\\\/LOGO-NeuillysurMarne-blanc.png\",\"contentUrl\":\"https:\\\/\\\/www.neuillysurmarne.fr\\\/wp-content\\\/uploads\\\/2023\\\/10\\\/LOGO-NeuillysurMarne-blanc.png\",\"width\":3308,\"height\":2586,\"caption\":\"Mairie de Neuilly-sur-Marne\"},\"image\":{\"@id\":\"https:\\\/\\\/www.neuillysurmarne.fr\\\/es\\\/#\\\/schema\\\/logo\\\/image\\\/\"},\"sameAs\":[\"https:\\\/\\\/www.facebook.com\\\/ville.neuilly\",\"https:\\\/\\\/www.instagram.com\\\/neuilly_marne\\\/\",\"https:\\\/\\\/www.linkedin.com\\\/company\\\/ville-de-neuilly-sur-marne\\\/\",\"https:\\\/\\\/www.youtube.com\\\/channel\\\/UCDdZ0TLrV8rfIqjBGvoeB5A\",\"https:\\\/\\\/www.tiktok.com\\\/@villedeneuillysurmarne\"]}]}<\/script>\n<!-- \/ Yoast SEO plugin. -->","yoast_head_json":{"title":"Piscine - Mairie de Neuilly-sur-Marne","robots":{"index":"index","follow":"follow","max-snippet":"max-snippet:-1","max-image-preview":"max-image-preview:large","max-video-preview":"max-video-preview:-1"},"canonical":"https:\/\/www.neuillysurmarne.fr\/zh\/piscine\/","og_locale":"zh_CN","og_type":"article","og_title":"Piscine - Mairie de Neuilly-sur-Marne","og_description":"Des s\u00e9ances de natation gratuites pour les retrait\u00e9s La ville propose aux retrait\u00e9s noc\u00e9ens de profiter gratuitement d&rsquo;une s\u00e9ance de nage libre hebdomadaire, sous la surveillance d&rsquo;un maitre-nageur. La piscine municipale Plein Soleil r\u00e9serve un cr\u00e9neau gratuit pour les A\u00een\u00e9s chaque jeudi de 12h \u00e0 13h. Vous \u00eates retrait\u00e9 et \u00eates int\u00e9ress\u00e9 ? Inscrivez-vous aupr\u00e8s [&hellip;]","og_url":"https:\/\/www.neuillysurmarne.fr\/zh\/piscine\/","og_site_name":"Mairie de Neuilly-sur-Marne","article_publisher":"https:\/\/www.facebook.com\/ville.neuilly","article_modified_time":"2025-08-25T15:57:30+00:00","og_image":[{"width":2560,"height":995,"url":"https:\/\/www.neuillysurmarne.fr\/wp-content\/uploads\/2024\/05\/AdobeStock_601831405-scaled.jpeg","type":"image\/jpeg"}],"twitter_card":"summary_large_image","twitter_misc":{"\u9884\u8ba1\u9605\u8bfb\u65f6\u95f4":"2 \u5206"},"schema":{"@context":"https:\/\/schema.org","@graph":[{"@type":"WebPage","@id":"https:\/\/www.neuillysurmarne.fr\/piscine\/","url":"https:\/\/www.neuillysurmarne.fr\/piscine\/","name":"Piscine - Mairie de Neuilly-sur-Marne","isPartOf":{"@id":"https:\/\/www.neuillysurmarne.fr\/es\/#website"},"primaryImageOfPage":{"@id":"https:\/\/www.neuillysurmarne.fr\/piscine\/#primaryimage"},"image":{"@id":"https:\/\/www.neuillysurmarne.fr\/piscine\/#primaryimage"},"thumbnailUrl":"https:\/\/www.neuillysurmarne.fr\/wp-content\/uploads\/2024\/05\/AdobeStock_601831405-scaled.jpeg","datePublished":"2023-11-13T13:57:54+00:00","dateModified":"2025-08-25T15:57:30+00:00","breadcrumb":{"@id":"https:\/\/www.neuillysurmarne.fr\/piscine\/#breadcrumb"},"inLanguage":"zh-Hans","potentialAction":[{"@type":"ReadAction","target":["https:\/\/www.neuillysurmarne.fr\/piscine\/"]}]},{"@type":"ImageObject","inLanguage":"zh-Hans","@id":"https:\/\/www.neuillysurmarne.fr\/piscine\/#primaryimage","url":"https:\/\/www.neuillysurmarne.fr\/wp-content\/uploads\/2024\/05\/AdobeStock_601831405-scaled.jpeg","contentUrl":"https:\/\/www.neuillysurmarne.fr\/wp-content\/uploads\/2024\/05\/AdobeStock_601831405-scaled.jpeg","width":2560,"height":995,"caption":"Banner of senior woman (over age of 50) in sport goggles, swimsuit doing aqua fitness with swim noodles in swimming pool. Mature female smiling with happy face in summer day. Healthy lifestyle."},{"@type":"BreadcrumbList","@id":"https:\/\/www.neuillysurmarne.fr\/piscine\/#breadcrumb","itemListElement":[{"@type":"ListItem","position":1,"name":"Accueil","item":"https:\/\/www.neuillysurmarne.fr\/"},{"@type":"ListItem","position":2,"name":"Piscine"}]},{"@type":"WebSite","@id":"https:\/\/www.neuillysurmarne.fr\/es\/#website","url":"https:\/\/www.neuillysurmarne.fr\/es\/","name":"\u9a6c\u6069\u6cb3\u7554\u8bb7\u4f0a\u5e02\u653f\u5385","description":"BETA","publisher":{"@id":"https:\/\/www.neuillysurmarne.fr\/es\/#organization"},"potentialAction":[{"@type":"SearchAction","target":{"@type":"EntryPoint","urlTemplate":"https:\/\/www.neuillysurmarne.fr\/es\/?s={search_term_string}"},"query-input":{"@type":"PropertyValueSpecification","valueRequired":true,"valueName":"search_term_string"}}],"inLanguage":"zh-Hans"},{"@type":"Organization","@id":"https:\/\/www.neuillysurmarne.fr\/es\/#organization","name":"\u9a6c\u6069\u6cb3\u7554\u8bb7\u4f0a\u5e02\u653f\u5385","url":"https:\/\/www.neuillysurmarne.fr\/es\/","logo":{"@type":"ImageObject","inLanguage":"zh-Hans","@id":"https:\/\/www.neuillysurmarne.fr\/es\/#\/schema\/logo\/image\/","url":"https:\/\/www.neuillysurmarne.fr\/wp-content\/uploads\/2023\/10\/LOGO-NeuillysurMarne-blanc.png","contentUrl":"https:\/\/www.neuillysurmarne.fr\/wp-content\/uploads\/2023\/10\/LOGO-NeuillysurMarne-blanc.png","width":3308,"height":2586,"caption":"Mairie de Neuilly-sur-Marne"},"image":{"@id":"https:\/\/www.neuillysurmarne.fr\/es\/#\/schema\/logo\/image\/"},"sameAs":["https:\/\/www.facebook.com\/ville.neuilly","https:\/\/www.instagram.com\/neuilly_marne\/","https:\/\/www.linkedin.com\/company\/ville-de-neuilly-sur-marne\/","https:\/\/www.youtube.com\/channel\/UCDdZ0TLrV8rfIqjBGvoeB5A","https:\/\/www.tiktok.com\/@villedeneuillysurmarne"]}]}},"_links":{"self":[{"href":"https:\/\/www.neuillysurmarne.fr\/zh\/wp-json\/wp\/v2\/pages\/703","targetHints":{"allow":["GET"]}}],"collection":[{"href":"https:\/\/www.neuillysurmarne.fr\/zh\/wp-json\/wp\/v2\/pages"}],"about":[{"href":"https:\/\/www.neuillysurmarne.fr\/zh\/wp-json\/wp\/v2\/types\/page"}],"author":[{"embeddable":true,"href":"https:\/\/www.neuillysurmarne.fr\/zh\/wp-json\/wp\/v2\/users\/1"}],"replies":[{"embeddable":true,"href":"https:\/\/www.neuillysurmarne.fr\/zh\/wp-json\/wp\/v2\/comments?post=703"}],"version-history":[{"count":14,"href":"https:\/\/www.neuillysurmarne.fr\/zh\/wp-json\/wp\/v2\/pages\/703\/revisions"}],"predecessor-version":[{"id":16076,"href":"https:\/\/www.neuillysurmarne.fr\/zh\/wp-json\/wp\/v2\/pages\/703\/revisions\/16076"}],"wp:featuredmedia":[{"embeddable":true,"href":"https:\/\/www.neuillysurmarne.fr\/zh\/wp-json\/wp\/v2\/media\/7333"}],"wp:attachment":[{"href":"https:\/\/www.neuillysurmarne.fr\/zh\/wp-json\/wp\/v2\/media?parent=703"}],"curies":[{"name":"wp","href":"https:\/\/api.w.org\/{rel}","templated":true}]}}